{"id":26847,"date":"2026-02-04T03:01:28","date_gmt":"2026-02-04T00:01:28","guid":{"rendered":"https:\/\/a-pant.ee\/product\/naushniki-apple-airpods-1\/"},"modified":"2026-02-22T12:33:12","modified_gmt":"2026-02-22T09:33:12","slug":"naushniki-apple-airpods-1","status":"publish","type":"product","link":"https:\/\/a-pant.ee\/ru\/product\/naushniki-apple-airpods-1\/","title":{"rendered":"\u041d\u0430\u0443\u0448\u043d\u0438\u043a\u0438 Apple Airpods 1"},"content":{"rendered":"\n<p> K\u00f5rvaklapid Apple Airpods 1\u00a0heas seisu- ja t\u00f6\u00f6korras! <\/p><p> KIRJELDUS <\/p><p> Mudelite seeria <\/p><p> seeria <\/p><p> AirPodid <\/p><p> Kaabel <\/p><p> Kaabli t\u00fc\u00fcp kaasas <\/p><p> Apple Lighting \u2013 USB 2.0 t\u00fc\u00fcp A <\/p><p> Raam <\/p><p> Kaal <\/p><p> 8 g <\/p><p> Toiteallikas <\/p><p> Kiire laadimine <\/p><p> 15 minutit juhul <\/p><p> K\u00f5neaeg <\/p><p> kuni 2 tundi <\/p><p> Aku t\u00f6\u00f6 <\/p><p> kuni 5 tundi <\/p><p> Akustiline disain <\/p><p> Akustiline t\u00fc\u00fcp <\/p><p> suletud <\/p><p> Funktsioonid <\/p><p> Kahesuunalised mikrofonid <\/p><p> Jah <\/p><p> Kahekordne optiline andur <\/p><p> Jah <\/p><p> H\u00e4\u00e4le kiirendusm\u00f5\u00f5tur <\/p><p> Jah <\/p><p> Liikumise kiirendusm\u00f5\u00f5tur <\/p><p> Jah <\/p><p> H\u00e4\u00e4lteated <\/p><p> Jah <\/p><p> H\u00e4\u00e4ljuhtimine <\/p><p> Jah <\/p><p> Automaatne sissel\u00fclitamine <\/p><p> Jah <\/p><p> H\u00e4\u00e4lvalimine <\/p><p> Jah <\/p><p> K\u00f5rvaklappide t\u00fc\u00fcp <\/p><p> \u00dchenduse t\u00fc\u00fcp <\/p><p> Bluetooth <\/p><p> Mikrofon <\/p><p> M\u00fcrasummutuss\u00fcsteem <\/p><p> Jah <\/p><p> hispaania keel peakomplektina <\/p><p> Jah <\/p><p> Varustus <\/p><p> Korpus laadijaga <\/p><p> Jah <\/p>\n","protected":false},"excerpt":{"rendered":"<p>K\u00f5rvaklapid Apple Airpods 1\u00a0heas seisu- ja t\u00f6\u00f6korras! KIRJELDUS Mudelite seeria seeria AirPodid Kaabel Kaabli t\u00fc\u00fcp kaasas Apple Lighting \u2013 USB 2.0 t\u00fc\u00fcp A Raam Kaal 8 g Toiteallikas Kiire laadimine 15 minutit juhul K\u00f5neaeg kuni 2 tundi Aku t\u00f6\u00f6 kuni 5 tundi Akustiline disain Akustiline t\u00fc\u00fcp suletud Funktsioonid Kahesuunalised mikrofonid Jah Kahekordne optiline andur Jah [&hellip;]<\/p>\n","protected":false},"featured_media":26848,"comment_status":"closed","ping_status":"closed","template":"","meta":{"inline_featured_image":false},"product_brand":[],"product_cat":[168],"product_tag":[],"class_list":{"0":"post-26847","1":"product","2":"type-product","3":"status-publish","4":"has-post-thumbnail","6":"product_cat-naushniki","7":"pa_asukoht-mustamae","8":"pa_seisukord-ispolzovano","10":"first","11":"outofstock","12":"taxable","13":"shipping-taxable","14":"purchasable","15":"product-type-simple"},"_links":{"self":[{"href":"https:\/\/a-pant.ee\/ru\/wp-json\/wp\/v2\/product\/26847","targetHints":{"allow":["GET"]}}],"collection":[{"href":"https:\/\/a-pant.ee\/ru\/wp-json\/wp\/v2\/product"}],"about":[{"href":"https:\/\/a-pant.ee\/ru\/wp-json\/wp\/v2\/types\/product"}],"replies":[{"embeddable":true,"href":"https:\/\/a-pant.ee\/ru\/wp-json\/wp\/v2\/comments?post=26847"}],"wp:featuredmedia":[{"embeddable":true,"href":"https:\/\/a-pant.ee\/ru\/wp-json\/wp\/v2\/media\/26848"}],"wp:attachment":[{"href":"https:\/\/a-pant.ee\/ru\/wp-json\/wp\/v2\/media?parent=26847"}],"wp:term":[{"taxonomy":"product_brand","embeddable":true,"href":"https:\/\/a-pant.ee\/ru\/wp-json\/wp\/v2\/product_brand?post=26847"},{"taxonomy":"product_cat","embeddable":true,"href":"https:\/\/a-pant.ee\/ru\/wp-json\/wp\/v2\/product_cat?post=26847"},{"taxonomy":"product_tag","embeddable":true,"href":"https:\/\/a-pant.ee\/ru\/wp-json\/wp\/v2\/product_tag?post=26847"}],"curies":[{"name":"wp","href":"https:\/\/api.w.org\/{rel}","templated":true}]}}