{"id":26835,"date":"2026-02-04T03:01:28","date_gmt":"2026-02-04T00:01:28","guid":{"rendered":"https:\/\/a-pant.ee\/product\/igrovaya-konsol-nintendo-switch-pult-adapter\/"},"modified":"2026-02-22T12:33:11","modified_gmt":"2026-02-22T09:33:11","slug":"igrovaya-konsol-nintendo-switch-korobka-pult-adapter","status":"publish","type":"product","link":"https:\/\/a-pant.ee\/ru\/product\/igrovaya-konsol-nintendo-switch-korobka-pult-adapter\/","title":{"rendered":"\u0418\u0433\u0440\u043e\u0432\u0430\u044f \u043a\u043e\u043d\u0441\u043e\u043b\u044c Nintendo Switch + \u041a\u043e\u0440\u043e\u0431\u043a\u0430 + \u041f\u0443\u043b\u044c\u0442 + \u0410\u0434\u0430\u043f\u0442\u0435\u0440"},"content":{"rendered":"\n<p> M\u00e4ngukonsool Nintendo Switch + Karp + Pult + Adapter, kaitseklass katki\u00a0, heas seisu- ja t\u00f6\u00f6korras! <\/p><p> KIRJELDUS <\/p><p> Ekraan: 6,2-tolline LCD-puuteekraan. Eraldusv\u00f5ime 1280 x 720 pikslit. <\/p><p> Graafika kiip: Nvidia Tegra X1. <\/p><p> Oma OS. <\/p><p> RAM Samsungilt 4Gb. <\/p><p> Sisseehitatud salvestusruum 32 Gb. <\/p><p> Port kuni 2Tb microSD-m\u00e4lukaartide paigaldamiseks. <\/p><p> 4 tuumaga protsessor ARM Cortex A57. <\/p><p> Juhtmeta moodulid BT, NFC, Wi-Fi. <\/p><p> Aku 4310 mAh. <\/p>\n","protected":false},"excerpt":{"rendered":"<p>M\u00e4ngukonsool Nintendo Switch + Karp + Pult + Adapter, kaitseklass katki\u00a0, heas seisu- ja t\u00f6\u00f6korras! KIRJELDUS Ekraan: 6,2-tolline LCD-puuteekraan. Eraldusv\u00f5ime 1280 x 720 pikslit. Graafika kiip: Nvidia Tegra X1. Oma OS. RAM Samsungilt 4Gb. Sisseehitatud salvestusruum 32 Gb. Port kuni 2Tb microSD-m\u00e4lukaartide paigaldamiseks. 4 tuumaga protsessor ARM Cortex A57. Juhtmeta moodulid BT, NFC, Wi-Fi. Aku [&hellip;]<\/p>\n","protected":false},"featured_media":26836,"comment_status":"closed","ping_status":"open","template":"","meta":{"inline_featured_image":false},"product_brand":[],"product_cat":[174],"product_tag":[],"class_list":{"0":"post-26835","1":"product","2":"type-product","3":"status-publish","4":"has-post-thumbnail","6":"product_cat-igrovye-konsoli","7":"pa_asukoht-mustamae","8":"pa_seisukord-ispolzovano","10":"first","11":"instock","12":"taxable","13":"shipping-taxable","14":"purchasable","15":"product-type-simple"},"_links":{"self":[{"href":"https:\/\/a-pant.ee\/ru\/wp-json\/wp\/v2\/product\/26835","targetHints":{"allow":["GET"]}}],"collection":[{"href":"https:\/\/a-pant.ee\/ru\/wp-json\/wp\/v2\/product"}],"about":[{"href":"https:\/\/a-pant.ee\/ru\/wp-json\/wp\/v2\/types\/product"}],"replies":[{"embeddable":true,"href":"https:\/\/a-pant.ee\/ru\/wp-json\/wp\/v2\/comments?post=26835"}],"wp:featuredmedia":[{"embeddable":true,"href":"https:\/\/a-pant.ee\/ru\/wp-json\/wp\/v2\/media\/26836"}],"wp:attachment":[{"href":"https:\/\/a-pant.ee\/ru\/wp-json\/wp\/v2\/media?parent=26835"}],"wp:term":[{"taxonomy":"product_brand","embeddable":true,"href":"https:\/\/a-pant.ee\/ru\/wp-json\/wp\/v2\/product_brand?post=26835"},{"taxonomy":"product_cat","embeddable":true,"href":"https:\/\/a-pant.ee\/ru\/wp-json\/wp\/v2\/product_cat?post=26835"},{"taxonomy":"product_tag","embeddable":true,"href":"https:\/\/a-pant.ee\/ru\/wp-json\/wp\/v2\/product_tag?post=26835"}],"curies":[{"name":"wp","href":"https:\/\/api.w.org\/{rel}","templated":true}]}}