{"id":26828,"date":"2026-02-04T03:01:28","date_gmt":"2026-02-04T00:01:28","guid":{"rendered":"https:\/\/a-pant.ee\/product\/lazernyy-uroven-laserliner-supercross-laser-2-shtativ\/"},"modified":"2026-02-22T12:33:11","modified_gmt":"2026-02-22T09:33:11","slug":"lazernyj-uroven-laserliner-supercross-laser-2-shtativ","status":"publish","type":"product","link":"https:\/\/a-pant.ee\/ru\/product\/lazernyj-uroven-laserliner-supercross-laser-2-shtativ\/","title":{"rendered":"\u041b\u0430\u0437\u0435\u0440\u043d\u044b\u0439 \u0443\u0440\u043e\u0432\u0435\u043d\u044c Laserliner SuperCross-Laser 2 + \u0428\u0442\u0430\u0442\u0438\u0432"},"content":{"rendered":"\n<p> M\u00fc\u00fcakse\u00a0Laaser Laserliner SuperCross-Laser 2 + Statiiv,\u00a0heas seisu- ja t\u00f6\u00f6korras! <\/p><p> KIRJELDUS <\/p><p> Tala v\u00e4rv <br \/> punane <br \/> T\u00fc\u00fcp <br \/> laser lineaarne <br \/> Kiirte arv <br \/> 2 <br \/> Tala t\u00fc\u00fcp on vertikaalne, horisontaalne, rist <br \/> Ehitusaland ilma vastuv\u00f5tjata <br \/> 20 m <br \/> T\u00e4psus <br \/> 0,5 mm\/m <br \/> Funktsioonid <br \/> Joondamise lahti\u00fchendamine <br \/> Komplektis <br \/> akud (aku), sulg <\/p>\n","protected":false},"excerpt":{"rendered":"<p>M\u00fc\u00fcakse\u00a0Laaser Laserliner SuperCross-Laser 2 + Statiiv,\u00a0heas seisu- ja t\u00f6\u00f6korras! KIRJELDUS Tala v\u00e4rv punane T\u00fc\u00fcp laser lineaarne Kiirte arv 2 Tala t\u00fc\u00fcp on vertikaalne, horisontaalne, rist Ehitusaland ilma vastuv\u00f5tjata 20 m T\u00e4psus 0,5 mm\/m Funktsioonid Joondamise lahti\u00fchendamine Komplektis akud (aku), sulg<\/p>\n","protected":false},"featured_media":26829,"comment_status":"closed","ping_status":"open","template":"","meta":{"inline_featured_image":false},"product_brand":[],"product_cat":[232],"product_tag":[],"class_list":{"0":"post-26828","1":"product","2":"type-product","3":"status-publish","4":"has-post-thumbnail","6":"product_cat-lazernye-niveliry","7":"pa_asukoht-mustamae","8":"pa_seisukord-ispolzovano","10":"first","11":"instock","12":"taxable","13":"shipping-taxable","14":"purchasable","15":"product-type-simple"},"_links":{"self":[{"href":"https:\/\/a-pant.ee\/ru\/wp-json\/wp\/v2\/product\/26828","targetHints":{"allow":["GET"]}}],"collection":[{"href":"https:\/\/a-pant.ee\/ru\/wp-json\/wp\/v2\/product"}],"about":[{"href":"https:\/\/a-pant.ee\/ru\/wp-json\/wp\/v2\/types\/product"}],"replies":[{"embeddable":true,"href":"https:\/\/a-pant.ee\/ru\/wp-json\/wp\/v2\/comments?post=26828"}],"wp:featuredmedia":[{"embeddable":true,"href":"https:\/\/a-pant.ee\/ru\/wp-json\/wp\/v2\/media\/26829"}],"wp:attachment":[{"href":"https:\/\/a-pant.ee\/ru\/wp-json\/wp\/v2\/media?parent=26828"}],"wp:term":[{"taxonomy":"product_brand","embeddable":true,"href":"https:\/\/a-pant.ee\/ru\/wp-json\/wp\/v2\/product_brand?post=26828"},{"taxonomy":"product_cat","embeddable":true,"href":"https:\/\/a-pant.ee\/ru\/wp-json\/wp\/v2\/product_cat?post=26828"},{"taxonomy":"product_tag","embeddable":true,"href":"https:\/\/a-pant.ee\/ru\/wp-json\/wp\/v2\/product_tag?post=26828"}],"curies":[{"name":"wp","href":"https:\/\/api.w.org\/{rel}","templated":true}]}}