{"id":26821,"date":"2026-02-04T03:01:28","date_gmt":"2026-02-04T00:01:28","guid":{"rendered":"https:\/\/a-pant.ee\/product\/akkudrel-makita-hp330d\/"},"modified":"2026-02-22T12:33:11","modified_gmt":"2026-02-22T09:33:11","slug":"akku-drel-makita-hp330d-aku-108v-zaryadka-makita-dc10wa","status":"publish","type":"product","link":"https:\/\/a-pant.ee\/ru\/product\/akku-drel-makita-hp330d-aku-108v-zaryadka-makita-dc10wa\/","title":{"rendered":"\u0410\u043a\u043a\u0443 \u0434\u0440\u0435\u043b\u044c Makita HP330D+ Aku 10,8V + \u0417\u0430\u0440\u044f\u0434\u043a\u0430 Makita DC10WA"},"content":{"rendered":"\n<p> Akutrell Makita HP330D + Aku 10,8V + Laadija Makita DC10WA, heas seisu- ja t\u00f6\u00f6korras! <\/p><p> KIRJELDUS <\/p><p> Aku pinge 10,8 V <\/p><p> Aku mahutavus 1,3 Ah Li-lon <\/p><p> T\u00fchik\u00e4ik 0-400 \/ 0-1500 p\/min <\/p><p> Padruni l\u00e4bim\u00f5\u00f5t 10 mm <\/p><p> Max p\u00f6\u00f6rdemoment 24 Nm <\/p><p> Puuri l\u00e4bim\u00f5\u00f5t Teras 10 mm <\/p><p> Puit 21 mm &#8212; Tellis 8 mm <\/p><p> M\u00f5\u00f5dud 201x53x183 mm <\/p><p> Kaal 1,1 kg <\/p>\n","protected":false},"excerpt":{"rendered":"<p>Akutrell Makita HP330D + Aku 10,8V + Laadija Makita DC10WA, heas seisu- ja t\u00f6\u00f6korras! KIRJELDUS Aku pinge 10,8 V Aku mahutavus 1,3 Ah Li-lon T\u00fchik\u00e4ik 0-400 \/ 0-1500 p\/min Padruni l\u00e4bim\u00f5\u00f5t 10 mm Max p\u00f6\u00f6rdemoment 24 Nm Puuri l\u00e4bim\u00f5\u00f5t Teras 10 mm Puit 21 mm &#8212; Tellis 8 mm M\u00f5\u00f5dud 201x53x183 mm Kaal 1,1 kg<\/p>\n","protected":false},"featured_media":26822,"comment_status":"closed","ping_status":"open","template":"","meta":{"inline_featured_image":false},"product_brand":[],"product_cat":[221],"product_tag":[],"class_list":{"0":"post-26821","1":"product","2":"type-product","3":"status-publish","4":"has-post-thumbnail","6":"product_cat-akkumulyatornye-dreli","7":"pa_seisukord-ispolzovano","9":"first","10":"instock","11":"taxable","12":"shipping-taxable","13":"purchasable","14":"product-type-simple"},"_links":{"self":[{"href":"https:\/\/a-pant.ee\/ru\/wp-json\/wp\/v2\/product\/26821","targetHints":{"allow":["GET"]}}],"collection":[{"href":"https:\/\/a-pant.ee\/ru\/wp-json\/wp\/v2\/product"}],"about":[{"href":"https:\/\/a-pant.ee\/ru\/wp-json\/wp\/v2\/types\/product"}],"replies":[{"embeddable":true,"href":"https:\/\/a-pant.ee\/ru\/wp-json\/wp\/v2\/comments?post=26821"}],"wp:featuredmedia":[{"embeddable":true,"href":"https:\/\/a-pant.ee\/ru\/wp-json\/wp\/v2\/media\/26822"}],"wp:attachment":[{"href":"https:\/\/a-pant.ee\/ru\/wp-json\/wp\/v2\/media?parent=26821"}],"wp:term":[{"taxonomy":"product_brand","embeddable":true,"href":"https:\/\/a-pant.ee\/ru\/wp-json\/wp\/v2\/product_brand?post=26821"},{"taxonomy":"product_cat","embeddable":true,"href":"https:\/\/a-pant.ee\/ru\/wp-json\/wp\/v2\/product_cat?post=26821"},{"taxonomy":"product_tag","embeddable":true,"href":"https:\/\/a-pant.ee\/ru\/wp-json\/wp\/v2\/product_tag?post=26821"}],"curies":[{"name":"wp","href":"https:\/\/api.w.org\/{rel}","templated":true}]}}