{"id":26815,"date":"2026-02-04T03:01:28","date_gmt":"2026-02-04T00:01:28","guid":{"rendered":"https:\/\/a-pant.ee\/product\/shurupovert-dewalt-dcf887-akku-2-0ah\/"},"modified":"2026-02-22T12:33:11","modified_gmt":"2026-02-22T09:33:11","slug":"shurupovert-udarnyj-dewalt-dcf887-aku-20ach","status":"publish","type":"product","link":"https:\/\/a-pant.ee\/ru\/product\/shurupovert-udarnyj-dewalt-dcf887-aku-20ach\/","title":{"rendered":"\u0428\u0443\u0440\u0443\u043f\u043e\u0432\u0435\u0440\u0442 \u0443\u0434\u0430\u0440\u043d\u044b\u0439 DeWalt DCF887 + \u0430\u043a\u0443 2,0\u0410\u0427"},"content":{"rendered":"\n<p> Akukruvikeeraja DeWalt DCF887 + Aku 2,0AH\u00a0, heas seisu- ja t\u00f6\u00f6korras! <\/p><p> KIRJELDUS <\/p><p> Pikkus: 135 mm <br \/> K\u00f5rgus: 196 mm <br \/> Pinge: 18 V <br \/> V\u00f5imsus: 280 W <br \/> Max p\u00f6\u00f6rdemoment: 205 Nm <br \/> Koormuskiirus: 0 &#8212; 3250 p \/ min <br \/> Max poldi l\u00e4bim\u00f5\u00f5t: M12 <\/p>\n","protected":false},"excerpt":{"rendered":"<p>Akukruvikeeraja DeWalt DCF887 + Aku 2,0AH\u00a0, heas seisu- ja t\u00f6\u00f6korras! KIRJELDUS Pikkus: 135 mm K\u00f5rgus: 196 mm Pinge: 18 V V\u00f5imsus: 280 W Max p\u00f6\u00f6rdemoment: 205 Nm Koormuskiirus: 0 &#8212; 3250 p \/ min Max poldi l\u00e4bim\u00f5\u00f5t: M12<\/p>\n","protected":false},"featured_media":26816,"comment_status":"closed","ping_status":"open","template":"","meta":{"inline_featured_image":false},"product_brand":[],"product_cat":[231],"product_tag":[],"class_list":{"0":"post-26815","1":"product","2":"type-product","3":"status-publish","4":"has-post-thumbnail","6":"product_cat-shurupoverty","7":"pa_asukoht-lasnamae","8":"pa_seisukord-ispolzovano","10":"first","11":"instock","12":"taxable","13":"shipping-taxable","14":"purchasable","15":"product-type-simple"},"_links":{"self":[{"href":"https:\/\/a-pant.ee\/ru\/wp-json\/wp\/v2\/product\/26815","targetHints":{"allow":["GET"]}}],"collection":[{"href":"https:\/\/a-pant.ee\/ru\/wp-json\/wp\/v2\/product"}],"about":[{"href":"https:\/\/a-pant.ee\/ru\/wp-json\/wp\/v2\/types\/product"}],"replies":[{"embeddable":true,"href":"https:\/\/a-pant.ee\/ru\/wp-json\/wp\/v2\/comments?post=26815"}],"wp:featuredmedia":[{"embeddable":true,"href":"https:\/\/a-pant.ee\/ru\/wp-json\/wp\/v2\/media\/26816"}],"wp:attachment":[{"href":"https:\/\/a-pant.ee\/ru\/wp-json\/wp\/v2\/media?parent=26815"}],"wp:term":[{"taxonomy":"product_brand","embeddable":true,"href":"https:\/\/a-pant.ee\/ru\/wp-json\/wp\/v2\/product_brand?post=26815"},{"taxonomy":"product_cat","embeddable":true,"href":"https:\/\/a-pant.ee\/ru\/wp-json\/wp\/v2\/product_cat?post=26815"},{"taxonomy":"product_tag","embeddable":true,"href":"https:\/\/a-pant.ee\/ru\/wp-json\/wp\/v2\/product_tag?post=26815"}],"curies":[{"name":"wp","href":"https:\/\/api.w.org\/{rel}","templated":true}]}}