{"id":26809,"date":"2026-02-04T03:01:28","date_gmt":"2026-02-04T00:01:28","guid":{"rendered":"https:\/\/a-pant.ee\/product\/pogruzhnoy-nas-os-karcher-sp-6-flat-550\/"},"modified":"2026-02-22T12:33:11","modified_gmt":"2026-02-22T09:33:11","slug":"pogruzhnoj-nasos-karcher-sp-6-flat-550","status":"publish","type":"product","link":"https:\/\/a-pant.ee\/ru\/product\/pogruzhnoj-nasos-karcher-sp-6-flat-550\/","title":{"rendered":"\u041f\u043e\u0433\u0440\u0443\u0436\u043d\u043e\u0439 \u043d\u0430\u0441\u043e\u0441 K\u00e4rcher SP 6 Flat 550"},"content":{"rendered":"\n<p> Sukelpump K\u00e4rcher SP 6 Flat 550, heas seisu- ja t\u00f6\u00f6korras! <\/p><p> KIRJELDUS <\/p><p> Max mootori v\u00f5imsus (W) 550 <\/p><p> Max tootlikkus (l\/h) &lt; 14000 <\/p><p> Toitetemperatuur (\u00b0C) max. 35 <\/p><p> Etteande k\u00f5rgus (m) 9 <\/p><p> R\u00f5hk (bar) max. 0.9 <\/p><p> Min. j\u00e4\u00e4kvee tase (mm) 1 <\/p><p> Tahkete osakeste suurus (mm) max. 5 <\/p><p> Sukelduss\u00fcgavus (m) max. 7 <\/p><p> T\u00f6\u00f6aeg (a) 15 <\/p><p> Minimaalne j\u00e4\u00e4kvesi, k\u00e4sitsi (mm) 1 <\/p><p> J\u00e4\u00e4kvee k\u00f5rgus (mm) 1 <\/p><p> \u00dchenduskeere G1 1\/2 <\/p><p> \u00dchenduskeere Sisekeere G1\/2 <\/p><p> Kaabli pikkus (m) 10 <\/p><p> Pinge (V) 230\u2013240 <\/p><p> Sagedus (Hz) 50 <\/p><p> V\u00e4rvus Kollane <\/p><p> M\u00f5\u00f5dud (P \u00d7 L \u00d7 K) (mm) 238 \u00d7 287 \u00d7 356 <\/p><p> Kaal (ilma lisaseadmeteta) (kg) 5.7 <\/p>\n","protected":false},"excerpt":{"rendered":"<p>Sukelpump K\u00e4rcher SP 6 Flat 550, heas seisu- ja t\u00f6\u00f6korras! KIRJELDUS Max mootori v\u00f5imsus (W) 550 Max tootlikkus (l\/h) &lt; 14000 Toitetemperatuur (\u00b0C) max. 35 Etteande k\u00f5rgus (m) 9 R\u00f5hk (bar) max. 0.9 Min. j\u00e4\u00e4kvee tase (mm) 1 Tahkete osakeste suurus (mm) max. 5 Sukelduss\u00fcgavus (m) max. 7 T\u00f6\u00f6aeg (a) 15 Minimaalne j\u00e4\u00e4kvesi, k\u00e4sitsi (mm) [&hellip;]<\/p>\n","protected":false},"featured_media":26810,"comment_status":"closed","ping_status":"open","template":"","meta":{"inline_featured_image":false},"product_brand":[],"product_cat":[246],"product_tag":[],"class_list":{"0":"post-26809","1":"product","2":"type-product","3":"status-publish","4":"has-post-thumbnail","6":"product_cat-instrumenty-drugoe","7":"pa_asukoht-mustamae","8":"pa_seisukord-ispolzovano","10":"first","11":"instock","12":"taxable","13":"shipping-taxable","14":"purchasable","15":"product-type-simple"},"_links":{"self":[{"href":"https:\/\/a-pant.ee\/ru\/wp-json\/wp\/v2\/product\/26809","targetHints":{"allow":["GET"]}}],"collection":[{"href":"https:\/\/a-pant.ee\/ru\/wp-json\/wp\/v2\/product"}],"about":[{"href":"https:\/\/a-pant.ee\/ru\/wp-json\/wp\/v2\/types\/product"}],"replies":[{"embeddable":true,"href":"https:\/\/a-pant.ee\/ru\/wp-json\/wp\/v2\/comments?post=26809"}],"wp:featuredmedia":[{"embeddable":true,"href":"https:\/\/a-pant.ee\/ru\/wp-json\/wp\/v2\/media\/26810"}],"wp:attachment":[{"href":"https:\/\/a-pant.ee\/ru\/wp-json\/wp\/v2\/media?parent=26809"}],"wp:term":[{"taxonomy":"product_brand","embeddable":true,"href":"https:\/\/a-pant.ee\/ru\/wp-json\/wp\/v2\/product_brand?post=26809"},{"taxonomy":"product_cat","embeddable":true,"href":"https:\/\/a-pant.ee\/ru\/wp-json\/wp\/v2\/product_cat?post=26809"},{"taxonomy":"product_tag","embeddable":true,"href":"https:\/\/a-pant.ee\/ru\/wp-json\/wp\/v2\/product_tag?post=26809"}],"curies":[{"name":"wp","href":"https:\/\/api.w.org\/{rel}","templated":true}]}}