{"id":26801,"date":"2026-02-04T03:01:28","date_gmt":"2026-02-04T00:01:28","guid":{"rendered":"https:\/\/a-pant.ee\/product\/nivelir-fennel-fl-155h-g\/"},"modified":"2026-02-22T12:33:11","modified_gmt":"2026-02-22T09:33:11","slug":"nivelir-fennel-fl-155h-g-dopolnitelnye-predmety-chemodan","status":"publish","type":"product","link":"https:\/\/a-pant.ee\/ru\/product\/nivelir-fennel-fl-155h-g-dopolnitelnye-predmety-chemodan\/","title":{"rendered":"\u041d\u0438\u0432\u0435\u043b\u0438\u0440 Fennel FL 155H-G + \u0414\u043e\u043f\u043e\u043b\u043d\u0438\u0442\u0435\u043b\u044c\u043d\u044b\u0435 \u043f\u0440\u0435\u0434\u043c\u0435\u0442\u044b + \u0427\u0435\u043c\u043e\u0434\u0430\u043d"},"content":{"rendered":"\n<p> Niveliir Fennel FL 155H-G + Lisatavrikud + Kohver, heas seisu- ja t\u00f6\u00f6korras! <\/p><p> KIRJELDUS <\/p><p> K\u00f5rge t\u00e4psus \u00b10,5mm\/10m <\/p><p> Kalde seadistamine piki X- ja Y-telge kuni \u00b1 10% (kontrollitud) <\/p><p> TILT ja VWS funktsioon <\/p><p> Li-ion aku tehnoloogia <\/p><p> Kahesuunaline RF kaugjuhtimispult <\/p><p> Reitinguv\u00e4\u00e4rtuste digitaalne seadistamine <\/p><p> Kontrollitud klass <\/p><p> Kasutamise h\u00f5lbustamiseks v\u00e4hendatud nuppude arv <\/p><p> horisontaalne topeltgradatsiooni laser <\/p><p> Digitaalne hinde reguleerimine <\/p><p> Kontrollitud klass <\/p><p> Automaatne kallutusfunktsioon <\/p><p> VWS-funktsioon koos TILT-funktsiooniga <\/p><p> Taustvalgustusega ekraan <\/p><p> Tsooni juhtimine (kamuflaa\u017e) <\/p><p> Tsooni juhtimine (CRT) <\/p><p> Kaugjuhtimispuldi ekraan <\/p><p> Li-ion aku tehnoloogia <\/p><p> Akulaadija sisaldab s\u00f5idukisisest laadimisadapterit <\/p><p> Tehnilised andmed <\/p><p> Isetasandumise vahemik \u00b1 6\u00b0 <\/p><p> Laseri klass 2 <\/p><p> T\u00e4psus \u00b10,5mm\/10m <\/p><p> T\u00f6\u00f6piirkond koos vastuv\u00f5tjaga (\u00d8) <\/p><p> FR 45 1200 m <\/p><p> FR 77-MM 600m <\/p><p> Horisontaalse kalde seadmine <\/p><p> X-telg \u00b1 10 000% <\/p><p> Y-telg \u00b1 10 000% <\/p><p> X- ja Y-telg \u03a3 \u00b114% <\/p><p> P\u00f6\u00f6rlemiskiirus 500, 800 p\/min <\/p><p> T\u00f6\u00f6aeg 30 tundi. <\/p><p> Li-on toiteallikas <\/p><p> Raadiosageduslik kaugjuhtimisulatus 80 m <\/p><p> Temperatuurivahemik -20\u00b0\u0421 kuni +50\u00b0\u0421 <\/p><p> Tolmu- ja veekaitse IP65 <\/p><p> Kaal (ainult t\u00f6\u00f6riist) 2,2 kg <\/p>\n","protected":false},"excerpt":{"rendered":"<p>Niveliir Fennel FL 155H-G + Lisatavrikud + Kohver, heas seisu- ja t\u00f6\u00f6korras! KIRJELDUS K\u00f5rge t\u00e4psus \u00b10,5mm\/10m Kalde seadistamine piki X- ja Y-telge kuni \u00b1 10% (kontrollitud) TILT ja VWS funktsioon Li-ion aku tehnoloogia Kahesuunaline RF kaugjuhtimispult Reitinguv\u00e4\u00e4rtuste digitaalne seadistamine Kontrollitud klass Kasutamise h\u00f5lbustamiseks v\u00e4hendatud nuppude arv horisontaalne topeltgradatsiooni laser Digitaalne hinde reguleerimine Kontrollitud klass Automaatne [&hellip;]<\/p>\n","protected":false},"featured_media":26802,"comment_status":"closed","ping_status":"closed","template":"","meta":{"inline_featured_image":false},"product_brand":[],"product_cat":[234],"product_tag":[],"class_list":{"0":"post-26801","1":"product","2":"type-product","3":"status-publish","4":"has-post-thumbnail","6":"product_cat-izmeritelnye-pribory","7":"pa_asukoht-mustamae","8":"pa_seisukord-ispolzovano","10":"first","11":"outofstock","12":"taxable","13":"shipping-taxable","14":"purchasable","15":"product-type-simple"},"_links":{"self":[{"href":"https:\/\/a-pant.ee\/ru\/wp-json\/wp\/v2\/product\/26801","targetHints":{"allow":["GET"]}}],"collection":[{"href":"https:\/\/a-pant.ee\/ru\/wp-json\/wp\/v2\/product"}],"about":[{"href":"https:\/\/a-pant.ee\/ru\/wp-json\/wp\/v2\/types\/product"}],"replies":[{"embeddable":true,"href":"https:\/\/a-pant.ee\/ru\/wp-json\/wp\/v2\/comments?post=26801"}],"wp:featuredmedia":[{"embeddable":true,"href":"https:\/\/a-pant.ee\/ru\/wp-json\/wp\/v2\/media\/26802"}],"wp:attachment":[{"href":"https:\/\/a-pant.ee\/ru\/wp-json\/wp\/v2\/media?parent=26801"}],"wp:term":[{"taxonomy":"product_brand","embeddable":true,"href":"https:\/\/a-pant.ee\/ru\/wp-json\/wp\/v2\/product_brand?post=26801"},{"taxonomy":"product_cat","embeddable":true,"href":"https:\/\/a-pant.ee\/ru\/wp-json\/wp\/v2\/product_cat?post=26801"},{"taxonomy":"product_tag","embeddable":true,"href":"https:\/\/a-pant.ee\/ru\/wp-json\/wp\/v2\/product_tag?post=26801"}],"curies":[{"name":"wp","href":"https:\/\/api.w.org\/{rel}","templated":true}]}}