{"id":26789,"date":"2026-02-04T02:57:55","date_gmt":"2026-02-03T23:57:55","guid":{"rendered":"https:\/\/a-pant.ee\/product\/elektricheskaya-pila-bosch-ake-35-17s\/"},"modified":"2026-02-22T12:33:16","modified_gmt":"2026-02-22T09:33:16","slug":"elektricheskaya-pila-bosch-ake-35-17s","status":"publish","type":"product","link":"https:\/\/a-pant.ee\/ru\/product\/elektricheskaya-pila-bosch-ake-35-17s\/","title":{"rendered":"\u042d\u043b\u0435\u043a\u0442\u0440\u0438\u0447\u0435\u0441\u043a\u0430\u044f \u043f\u0438\u043b\u0430 Bosch AKE 35-17S"},"content":{"rendered":"\n<p> Elektriline saag Bosch AKE 35-17S\u00a0, heas seisu- ja t\u00f6\u00f6korras! <\/p><p> KIRJELDUS <\/p><p> Toote t\u00fc\u00fcp\u00a0Kettsaed <\/p><p> Kaubam\u00e4rk\u00a0Bosch <\/p><p> Mudel\u00a0AKE 35 S + Chain <\/p><p> V\u00f5imsus\u00a01800 W <\/p><p> Kaal\u00a04 kg <\/p><p> Pinge\u00a0230 V <\/p><p> Kettsae t\u00fc\u00fcp\u00a0Elektriline <\/p><p> L\u00f5iketera pikkus\u00a035 cm <\/p><p> Keti paksus\u00a01.1 mm <\/p><p> Keti samm 3\/8&#8243; <\/p><p> Elektrilise mootori t\u00fc\u00fcp Harjadega <\/p><p> Keti \u00f5lipaagi maht 0.2 l <\/p><p> Keti pinge\u00a0V\u00f5tmeta <\/p><p> Vibratsioonivastane s\u00fcsteem Ei <\/p><p> Helitugevus 95 dB <\/p><p> T\u00e4iendav info Keti kiirus &#8212; 9 m\/sek.; kroomitud kett 1,1 mm. <\/p>\n","protected":false},"excerpt":{"rendered":"<p>Elektriline saag Bosch AKE 35-17S\u00a0, heas seisu- ja t\u00f6\u00f6korras! KIRJELDUS Toote t\u00fc\u00fcp\u00a0Kettsaed Kaubam\u00e4rk\u00a0Bosch Mudel\u00a0AKE 35 S + Chain V\u00f5imsus\u00a01800 W Kaal\u00a04 kg Pinge\u00a0230 V Kettsae t\u00fc\u00fcp\u00a0Elektriline L\u00f5iketera pikkus\u00a035 cm Keti paksus\u00a01.1 mm Keti samm 3\/8&#8243; Elektrilise mootori t\u00fc\u00fcp Harjadega Keti \u00f5lipaagi maht 0.2 l Keti pinge\u00a0V\u00f5tmeta Vibratsioonivastane s\u00fcsteem Ei Helitugevus 95 dB T\u00e4iendav info Keti [&hellip;]<\/p>\n","protected":false},"featured_media":26790,"comment_status":"closed","ping_status":"open","template":"","meta":{"inline_featured_image":false},"product_brand":[],"product_cat":[220],"product_tag":[],"class_list":{"0":"post-26789","1":"product","2":"type-product","3":"status-publish","4":"has-post-thumbnail","6":"product_cat-sadovye-instrumenty","7":"pa_asukoht-lasnamae","8":"pa_seisukord-ispolzovano","10":"first","11":"instock","12":"taxable","13":"shipping-taxable","14":"purchasable","15":"product-type-simple"},"_links":{"self":[{"href":"https:\/\/a-pant.ee\/ru\/wp-json\/wp\/v2\/product\/26789","targetHints":{"allow":["GET"]}}],"collection":[{"href":"https:\/\/a-pant.ee\/ru\/wp-json\/wp\/v2\/product"}],"about":[{"href":"https:\/\/a-pant.ee\/ru\/wp-json\/wp\/v2\/types\/product"}],"replies":[{"embeddable":true,"href":"https:\/\/a-pant.ee\/ru\/wp-json\/wp\/v2\/comments?post=26789"}],"wp:featuredmedia":[{"embeddable":true,"href":"https:\/\/a-pant.ee\/ru\/wp-json\/wp\/v2\/media\/26790"}],"wp:attachment":[{"href":"https:\/\/a-pant.ee\/ru\/wp-json\/wp\/v2\/media?parent=26789"}],"wp:term":[{"taxonomy":"product_brand","embeddable":true,"href":"https:\/\/a-pant.ee\/ru\/wp-json\/wp\/v2\/product_brand?post=26789"},{"taxonomy":"product_cat","embeddable":true,"href":"https:\/\/a-pant.ee\/ru\/wp-json\/wp\/v2\/product_cat?post=26789"},{"taxonomy":"product_tag","embeddable":true,"href":"https:\/\/a-pant.ee\/ru\/wp-json\/wp\/v2\/product_tag?post=26789"}],"curies":[{"name":"wp","href":"https:\/\/api.w.org\/{rel}","templated":true}]}}