{"id":26776,"date":"2026-02-04T02:57:55","date_gmt":"2026-02-03T23:57:55","guid":{"rendered":"https:\/\/a-pant.ee\/product\/shurupovert-dewalt-dcf620-akb-2-0ah\/"},"modified":"2026-02-22T12:33:15","modified_gmt":"2026-02-22T09:33:15","slug":"shurupovert-dewalt-dcf620-akb-2-0ah","status":"publish","type":"product","link":"https:\/\/a-pant.ee\/ru\/product\/shurupovert-dewalt-dcf620-akb-2-0ah\/","title":{"rendered":"\u0428\u0443\u0440\u0443\u043f\u043e\u0432\u0435\u0440\u0442 Dewalt DCF620 + A\u041a\u0411 2.0ah"},"content":{"rendered":"\n<p> Kruvikeraja Dewalt DCF620 + AKU 2.0ah, heas seisu- ja t\u00f6\u00f6korras! <\/p><p> KIRJELDUS <\/p><ul><li> Mudel:\u00a0DeWalt DCF 620 <\/li><li> T\u00f6\u00f6riista t\u00fc\u00fcp:\u00a0Akutrell kipsplaadi paigaldamiseks <\/li><li> Pinge:\u00a018 V <\/li><li> Aku t\u00fc\u00fcp:\u00a0XR Li-Ion <\/li><li> Maksimaalne p\u00f6\u00f6rlemiskiirus:\u00a04400 p\/min <\/li><li> Padruni t\u00fc\u00fcp:\u00a01\/4&#8243; (kuuskant) <\/li><li> Kaal:\u00a01,48 kg (koos akuga) <\/li><li> Omadused: <ul><li> Harjadeta mootor suurema j\u00f5udluse ja pikema eluea jaoks <\/li><li> Reguleeritav kruvi s\u00fcgavus <\/li><li> Kiire otsikute vahetus <\/li><li> Kompaktne ja kerge disain mugavaks kasutamiseks <\/li><li> LED-valgustus h\u00e4maras t\u00f6\u00f6tamiseks <\/li><\/ul><\/li><\/ul>\n","protected":false},"excerpt":{"rendered":"<p>Kruvikeraja Dewalt DCF620 + AKU 2.0ah, heas seisu- ja t\u00f6\u00f6korras! KIRJELDUS Mudel:\u00a0DeWalt DCF 620 T\u00f6\u00f6riista t\u00fc\u00fcp:\u00a0Akutrell kipsplaadi paigaldamiseks Pinge:\u00a018 V Aku t\u00fc\u00fcp:\u00a0XR Li-Ion Maksimaalne p\u00f6\u00f6rlemiskiirus:\u00a04400 p\/min Padruni t\u00fc\u00fcp:\u00a01\/4&#8243; (kuuskant) Kaal:\u00a01,48 kg (koos akuga) Omadused: Harjadeta mootor suurema j\u00f5udluse ja pikema eluea jaoks Reguleeritav kruvi s\u00fcgavus Kiire otsikute vahetus Kompaktne ja kerge disain mugavaks kasutamiseks LED-valgustus [&hellip;]<\/p>\n","protected":false},"featured_media":26777,"comment_status":"closed","ping_status":"open","template":"","meta":{"inline_featured_image":false},"product_brand":[],"product_cat":[221],"product_tag":[],"class_list":{"0":"post-26776","1":"product","2":"type-product","3":"status-publish","4":"has-post-thumbnail","6":"product_cat-akkumulyatornye-dreli","7":"pa_asukoht-mustamae","8":"pa_seisukord-ispolzovano","10":"first","11":"instock","12":"taxable","13":"shipping-taxable","14":"purchasable","15":"product-type-simple"},"_links":{"self":[{"href":"https:\/\/a-pant.ee\/ru\/wp-json\/wp\/v2\/product\/26776","targetHints":{"allow":["GET"]}}],"collection":[{"href":"https:\/\/a-pant.ee\/ru\/wp-json\/wp\/v2\/product"}],"about":[{"href":"https:\/\/a-pant.ee\/ru\/wp-json\/wp\/v2\/types\/product"}],"replies":[{"embeddable":true,"href":"https:\/\/a-pant.ee\/ru\/wp-json\/wp\/v2\/comments?post=26776"}],"wp:featuredmedia":[{"embeddable":true,"href":"https:\/\/a-pant.ee\/ru\/wp-json\/wp\/v2\/media\/26777"}],"wp:attachment":[{"href":"https:\/\/a-pant.ee\/ru\/wp-json\/wp\/v2\/media?parent=26776"}],"wp:term":[{"taxonomy":"product_brand","embeddable":true,"href":"https:\/\/a-pant.ee\/ru\/wp-json\/wp\/v2\/product_brand?post=26776"},{"taxonomy":"product_cat","embeddable":true,"href":"https:\/\/a-pant.ee\/ru\/wp-json\/wp\/v2\/product_cat?post=26776"},{"taxonomy":"product_tag","embeddable":true,"href":"https:\/\/a-pant.ee\/ru\/wp-json\/wp\/v2\/product_tag?post=26776"}],"curies":[{"name":"wp","href":"https:\/\/api.w.org\/{rel}","templated":true}]}}