{"id":26739,"date":"2026-02-04T02:57:55","date_gmt":"2026-02-03T23:57:55","guid":{"rendered":"https:\/\/a-pant.ee\/product\/rotacionnyj-lazer-nedo-sirius-eco-600hv\/"},"modified":"2026-02-22T12:33:14","modified_gmt":"2026-02-22T09:33:14","slug":"rotaczionnyj-lazer-nedo-sirius-eco-600hv-pult-linejka","status":"publish","type":"product","link":"https:\/\/a-pant.ee\/ru\/product\/rotaczionnyj-lazer-nedo-sirius-eco-600hv-pult-linejka\/","title":{"rendered":"\u0420\u043e\u0442\u0430\u0446\u0438\u043e\u043d\u043d\u044b\u0439 \u043b\u0430\u0437\u0435\u0440 Nedo Sirius Eco 600HV + \u043f\u0443\u043b\u044c\u0442 + \u043b\u0438\u043d\u0435\u0439\u043a\u0430"},"content":{"rendered":"\n<p> P\u00f6\u00f6rlev laser Nedo Sirius Eco 600HV + Pult + Joonlaud\u00a0, heas seisu- ja t\u00f6\u00f6korras! <\/p><p> KIRJELDUS <\/p><p> Viga (t\u00e4psus) 10 mm \/ 100 m Kompensaator Servo Laseri t\u00fc\u00fcp N\u00e4htav, punane, 635 nm, 3R Vahemik 275 m Skaneerimiskiirus 0 \/ 60 \/ 300 \/ 600 p\/min Toiteallika aku &#8212; Ni-MH T\u00f6\u00f6aeg 30 tundi Kaitseklass IP54 T\u00f6\u00f6temperatuur vahemikus -20 \u00b0C kuni + 50 \u00b0C <\/p>\n","protected":false},"excerpt":{"rendered":"<p>P\u00f6\u00f6rlev laser Nedo Sirius Eco 600HV + Pult + Joonlaud\u00a0, heas seisu- ja t\u00f6\u00f6korras! KIRJELDUS Viga (t\u00e4psus) 10 mm \/ 100 m Kompensaator Servo Laseri t\u00fc\u00fcp N\u00e4htav, punane, 635 nm, 3R Vahemik 275 m Skaneerimiskiirus 0 \/ 60 \/ 300 \/ 600 p\/min Toiteallika aku &#8212; Ni-MH T\u00f6\u00f6aeg 30 tundi Kaitseklass IP54 T\u00f6\u00f6temperatuur vahemikus -20 [&hellip;]<\/p>\n","protected":false},"featured_media":26740,"comment_status":"closed","ping_status":"open","template":"","meta":{"inline_featured_image":false},"product_brand":[],"product_cat":[232],"product_tag":[],"class_list":{"0":"post-26739","1":"product","2":"type-product","3":"status-publish","4":"has-post-thumbnail","6":"product_cat-lazernye-niveliry","7":"pa_asukoht-lasnamae","8":"pa_seisukord-ispolzovano","10":"first","11":"instock","12":"taxable","13":"shipping-taxable","14":"purchasable","15":"product-type-simple"},"_links":{"self":[{"href":"https:\/\/a-pant.ee\/ru\/wp-json\/wp\/v2\/product\/26739","targetHints":{"allow":["GET"]}}],"collection":[{"href":"https:\/\/a-pant.ee\/ru\/wp-json\/wp\/v2\/product"}],"about":[{"href":"https:\/\/a-pant.ee\/ru\/wp-json\/wp\/v2\/types\/product"}],"replies":[{"embeddable":true,"href":"https:\/\/a-pant.ee\/ru\/wp-json\/wp\/v2\/comments?post=26739"}],"wp:featuredmedia":[{"embeddable":true,"href":"https:\/\/a-pant.ee\/ru\/wp-json\/wp\/v2\/media\/26740"}],"wp:attachment":[{"href":"https:\/\/a-pant.ee\/ru\/wp-json\/wp\/v2\/media?parent=26739"}],"wp:term":[{"taxonomy":"product_brand","embeddable":true,"href":"https:\/\/a-pant.ee\/ru\/wp-json\/wp\/v2\/product_brand?post=26739"},{"taxonomy":"product_cat","embeddable":true,"href":"https:\/\/a-pant.ee\/ru\/wp-json\/wp\/v2\/product_cat?post=26739"},{"taxonomy":"product_tag","embeddable":true,"href":"https:\/\/a-pant.ee\/ru\/wp-json\/wp\/v2\/product_tag?post=26739"}],"curies":[{"name":"wp","href":"https:\/\/api.w.org\/{rel}","templated":true}]}}