{"id":26700,"date":"2026-02-04T02:57:55","date_gmt":"2026-02-03T23:57:55","guid":{"rendered":"https:\/\/a-pant.ee\/product\/verstak-makita-wst01\/"},"modified":"2026-02-22T12:33:13","modified_gmt":"2026-02-22T09:33:13","slug":"verstak-makita-wst01","status":"publish","type":"product","link":"https:\/\/a-pant.ee\/ru\/product\/verstak-makita-wst01\/","title":{"rendered":"\u0412\u0435\u0440\u0441\u0442\u0430\u043a Makita WST01"},"content":{"rendered":"\n<p> Nurksae T\u00f6\u00f6laud Makita WST01, heas seisu- ja t\u00f6\u00f6korras! <\/p><p> KIRJELDUS <\/p><table cellspacing=\"0\" id=\"product-attribute-specs-table\"><tbody><tr><td> Tootja <\/td><td> Makita <\/td><\/tr><tr><td> Kaal <\/td><td> 36 kg <\/td><\/tr><tr><td> Kogukaal koos pakendiga <\/td><td> 40.6 kg <\/td><\/tr><tr><td> Pikkus <\/td><td> 1400 mm <\/td><\/tr><tr><td> K\u00f5rgus <\/td><td> 840 mm <\/td><\/tr><tr><td> Pikendatud tala pikkus <\/td><td> 2750 mm <\/td><\/tr><tr><td> Transport rattad <\/td><td> Fikseeritud <\/td><\/tr><tr><td> Sobib seadmele <\/td><td> Makita DLS111, Makita DLS600, Makita LH 1201 FL, Makita LH1040F, Makita LS 1018 L, Makita LS 1019 L, Makita LS 1219 L, Makita LS0714, Makita LS0714L, Makita LS0815FL, Makita LS1040F <\/td><\/tr><\/tbody><\/table>\n","protected":false},"excerpt":{"rendered":"<p>Nurksae T\u00f6\u00f6laud Makita WST01, heas seisu- ja t\u00f6\u00f6korras! KIRJELDUS Tootja Makita Kaal 36 kg Kogukaal koos pakendiga 40.6 kg Pikkus 1400 mm K\u00f5rgus 840 mm Pikendatud tala pikkus 2750 mm Transport rattad Fikseeritud Sobib seadmele Makita DLS111, Makita DLS600, Makita LH 1201 FL, Makita LH1040F, Makita LS 1018 L, Makita LS 1019 L, Makita LS [&hellip;]<\/p>\n","protected":false},"featured_media":26701,"comment_status":"closed","ping_status":"closed","template":"","meta":{"inline_featured_image":false},"product_brand":[],"product_cat":[246,227],"product_tag":[],"class_list":{"0":"post-26700","1":"product","2":"type-product","3":"status-publish","4":"has-post-thumbnail","6":"product_cat-instrumenty-drugoe","7":"product_cat-torczovochnye-pily","8":"product_shipping_class-oversize","9":"pa_asukoht-lasnamae","10":"pa_seisukord-ispolzovano","12":"first","13":"instock","14":"taxable","15":"shipping-taxable","16":"purchasable","17":"product-type-simple"},"_links":{"self":[{"href":"https:\/\/a-pant.ee\/ru\/wp-json\/wp\/v2\/product\/26700","targetHints":{"allow":["GET"]}}],"collection":[{"href":"https:\/\/a-pant.ee\/ru\/wp-json\/wp\/v2\/product"}],"about":[{"href":"https:\/\/a-pant.ee\/ru\/wp-json\/wp\/v2\/types\/product"}],"replies":[{"embeddable":true,"href":"https:\/\/a-pant.ee\/ru\/wp-json\/wp\/v2\/comments?post=26700"}],"wp:featuredmedia":[{"embeddable":true,"href":"https:\/\/a-pant.ee\/ru\/wp-json\/wp\/v2\/media\/26701"}],"wp:attachment":[{"href":"https:\/\/a-pant.ee\/ru\/wp-json\/wp\/v2\/media?parent=26700"}],"wp:term":[{"taxonomy":"product_brand","embeddable":true,"href":"https:\/\/a-pant.ee\/ru\/wp-json\/wp\/v2\/product_brand?post=26700"},{"taxonomy":"product_cat","embeddable":true,"href":"https:\/\/a-pant.ee\/ru\/wp-json\/wp\/v2\/product_cat?post=26700"},{"taxonomy":"product_tag","embeddable":true,"href":"https:\/\/a-pant.ee\/ru\/wp-json\/wp\/v2\/product_tag?post=26700"}],"curies":[{"name":"wp","href":"https:\/\/api.w.org\/{rel}","templated":true}]}}