{"id":26693,"date":"2026-02-04T02:57:55","date_gmt":"2026-02-03T23:57:55","guid":{"rendered":"https:\/\/a-pant.ee\/product\/telefon-nokia-g21-korobka\/"},"modified":"2026-02-22T12:33:13","modified_gmt":"2026-02-22T09:33:13","slug":"telefon-nokia-g21-korobka","status":"publish","type":"product","link":"https:\/\/a-pant.ee\/ru\/product\/telefon-nokia-g21-korobka\/","title":{"rendered":"\u0422\u0435\u043b\u0435\u0444\u043e\u043d Nokia G21 + \u041a\u043e\u0440\u043e\u0431\u043a\u0430"},"content":{"rendered":"\n<p> Telefon Nokia G21 + Karp\u00a0, heas seisu- ja t\u00f6\u00f6korras! <\/p><p> KIRJELDUS <\/p><ul><li> Mudel:\u00a0Nokia G21 <\/li><li> Ekraan:\u00a06,5 tolli, HD+ (1600 x 720), 90 Hz <\/li><li> Protsessor:\u00a0Unisoc T606 <\/li><li> M\u00e4lu:\u00a04 GB RAM <\/li><li> Salvestusruum:\u00a064 GB, microSD tugi kuni 512 GB <\/li><li> P\u00f5hikaamera:\u00a0Kolmikkaamera 50 MP (p\u00f5hi), 2 MP (makro), 2 MP (s\u00fcgavus) <\/li><li> Esikaamera:\u00a08 MP <\/li><li> Aku:\u00a05050 mAh, 18 W kiirlaadimine <\/li><li> Operatsioonis\u00fcsteem:\u00a0Android 11, uuendatav <\/li><li> Muud omadused:\u00a0S\u00f5rmej\u00e4ljelugeja, 3,5 mm k\u00f5rvaklapi pesa, 4G tugi <\/li><li> M\u00f5\u00f5tmed:\u00a0164,6 x 75,9 x 8,5 mm <\/li><li> Kaal:\u00a0190 g <\/li><\/ul>\n","protected":false},"excerpt":{"rendered":"<p>Telefon Nokia G21 + Karp\u00a0, heas seisu- ja t\u00f6\u00f6korras! KIRJELDUS Mudel:\u00a0Nokia G21 Ekraan:\u00a06,5 tolli, HD+ (1600 x 720), 90 Hz Protsessor:\u00a0Unisoc T606 M\u00e4lu:\u00a04 GB RAM Salvestusruum:\u00a064 GB, microSD tugi kuni 512 GB P\u00f5hikaamera:\u00a0Kolmikkaamera 50 MP (p\u00f5hi), 2 MP (makro), 2 MP (s\u00fcgavus) Esikaamera:\u00a08 MP Aku:\u00a05050 mAh, 18 W kiirlaadimine Operatsioonis\u00fcsteem:\u00a0Android 11, uuendatav Muud omadused:\u00a0S\u00f5rmej\u00e4ljelugeja, 3,5 [&hellip;]<\/p>\n","protected":false},"featured_media":26694,"comment_status":"closed","ping_status":"open","template":"","meta":{"inline_featured_image":false},"product_brand":[],"product_cat":[171],"product_tag":[],"class_list":{"0":"post-26693","1":"product","2":"type-product","3":"status-publish","4":"has-post-thumbnail","6":"product_cat-mobilnye-telefony","7":"pa_asukoht-mustamae","8":"pa_seisukord-ispolzovano","10":"first","11":"instock","12":"taxable","13":"shipping-taxable","14":"purchasable","15":"product-type-simple"},"_links":{"self":[{"href":"https:\/\/a-pant.ee\/ru\/wp-json\/wp\/v2\/product\/26693","targetHints":{"allow":["GET"]}}],"collection":[{"href":"https:\/\/a-pant.ee\/ru\/wp-json\/wp\/v2\/product"}],"about":[{"href":"https:\/\/a-pant.ee\/ru\/wp-json\/wp\/v2\/types\/product"}],"replies":[{"embeddable":true,"href":"https:\/\/a-pant.ee\/ru\/wp-json\/wp\/v2\/comments?post=26693"}],"wp:featuredmedia":[{"embeddable":true,"href":"https:\/\/a-pant.ee\/ru\/wp-json\/wp\/v2\/media\/26694"}],"wp:attachment":[{"href":"https:\/\/a-pant.ee\/ru\/wp-json\/wp\/v2\/media?parent=26693"}],"wp:term":[{"taxonomy":"product_brand","embeddable":true,"href":"https:\/\/a-pant.ee\/ru\/wp-json\/wp\/v2\/product_brand?post=26693"},{"taxonomy":"product_cat","embeddable":true,"href":"https:\/\/a-pant.ee\/ru\/wp-json\/wp\/v2\/product_cat?post=26693"},{"taxonomy":"product_tag","embeddable":true,"href":"https:\/\/a-pant.ee\/ru\/wp-json\/wp\/v2\/product_tag?post=26693"}],"curies":[{"name":"wp","href":"https:\/\/api.w.org\/{rel}","templated":true}]}}