{"id":26669,"date":"2026-02-04T02:55:49","date_gmt":"2026-02-03T23:55:49","guid":{"rendered":"https:\/\/a-pant.ee\/product\/akkumulyatornaya-pila-duc302-bez-akkum\/"},"modified":"2026-02-22T12:33:18","modified_gmt":"2026-02-22T09:33:18","slug":"akkumulyatornaya-pila-duc302-bez-akkum","status":"publish","type":"product","link":"https:\/\/a-pant.ee\/ru\/product\/akkumulyatornaya-pila-duc302-bez-akkum\/","title":{"rendered":"\u0410\u043a\u043a\u0443\u043c\u0443\u043b\u044f\u0442\u043e\u0440\u043d\u0430\u044f \u043f\u0438\u043b\u0430 DUC302 \u0411\u0435\u0437 \u0410\u043a\u043a\u0443\u043c"},"content":{"rendered":"\n<p> Akusaag Makita DUC302 Ilma Aku, heas seisu- ja t\u00f6\u00f6korras! <\/p><p> KIRJELDUS <\/p><p> Rehvi pikkus 30 cm <\/p><p> Keti kiirus 8,3 m\/s <\/p><p> Keti samm 3\/8&#8243; <\/p><p> Linkide arv 46 <\/p><p> Bussi soone laius 1,1 mm <\/p><p> M\u00fcra tase <\/p><p> helir\u00f5hk 84,4 dB(A) <\/p><p> heliv\u00f5imsus 95,4 dB(A) <\/p><p> viga (K) 2,5 dB(A) <\/p><p> Vibratsioon <\/p><p> saagimine 6,3 m\/s\u00b2 <\/p><p> viga (K) 1,5 m\/s\u00b2 <\/p><p> M\u00f5\u00f5tmed <\/p><p> pikkus 577 mm <\/p><p> laius 234 mm <\/p><p> k\u00f5rgus 198 mm <\/p><p> (Aku 18 V + 18 V \/ 3,0 Ah Li-ion) <\/p><p> Kaal 4,7 kg <\/p>\n","protected":false},"excerpt":{"rendered":"<p>Akusaag Makita DUC302 Ilma Aku, heas seisu- ja t\u00f6\u00f6korras! KIRJELDUS Rehvi pikkus 30 cm Keti kiirus 8,3 m\/s Keti samm 3\/8&#8243; Linkide arv 46 Bussi soone laius 1,1 mm M\u00fcra tase helir\u00f5hk 84,4 dB(A) heliv\u00f5imsus 95,4 dB(A) viga (K) 2,5 dB(A) Vibratsioon saagimine 6,3 m\/s\u00b2 viga (K) 1,5 m\/s\u00b2 M\u00f5\u00f5tmed pikkus 577 mm laius 234 [&hellip;]<\/p>\n","protected":false},"featured_media":26670,"comment_status":"closed","ping_status":"open","template":"","meta":{"inline_featured_image":false},"product_brand":[],"product_cat":[246],"product_tag":[],"class_list":{"0":"post-26669","1":"product","2":"type-product","3":"status-publish","4":"has-post-thumbnail","6":"product_cat-instrumenty-drugoe","7":"pa_asukoht-mustamae","8":"pa_seisukord-ispolzovano","10":"first","11":"instock","12":"taxable","13":"shipping-taxable","14":"purchasable","15":"product-type-simple"},"_links":{"self":[{"href":"https:\/\/a-pant.ee\/ru\/wp-json\/wp\/v2\/product\/26669","targetHints":{"allow":["GET"]}}],"collection":[{"href":"https:\/\/a-pant.ee\/ru\/wp-json\/wp\/v2\/product"}],"about":[{"href":"https:\/\/a-pant.ee\/ru\/wp-json\/wp\/v2\/types\/product"}],"replies":[{"embeddable":true,"href":"https:\/\/a-pant.ee\/ru\/wp-json\/wp\/v2\/comments?post=26669"}],"wp:featuredmedia":[{"embeddable":true,"href":"https:\/\/a-pant.ee\/ru\/wp-json\/wp\/v2\/media\/26670"}],"wp:attachment":[{"href":"https:\/\/a-pant.ee\/ru\/wp-json\/wp\/v2\/media?parent=26669"}],"wp:term":[{"taxonomy":"product_brand","embeddable":true,"href":"https:\/\/a-pant.ee\/ru\/wp-json\/wp\/v2\/product_brand?post=26669"},{"taxonomy":"product_cat","embeddable":true,"href":"https:\/\/a-pant.ee\/ru\/wp-json\/wp\/v2\/product_cat?post=26669"},{"taxonomy":"product_tag","embeddable":true,"href":"https:\/\/a-pant.ee\/ru\/wp-json\/wp\/v2\/product_tag?post=26669"}],"curies":[{"name":"wp","href":"https:\/\/api.w.org\/{rel}","templated":true}]}}