{"id":26594,"date":"2026-02-04T02:55:49","date_gmt":"2026-02-03T23:55:49","guid":{"rendered":"https:\/\/a-pant.ee\/product\/akkumulyatornaya-udarnaya-drel-makita-aku-5-0ah\/"},"modified":"2026-02-22T12:33:16","modified_gmt":"2026-02-22T09:33:16","slug":"akkumulyatornaya-udarnaya-drel-makita-aku-5-0ah","status":"publish","type":"product","link":"https:\/\/a-pant.ee\/ru\/product\/akkumulyatornaya-udarnaya-drel-makita-aku-5-0ah\/","title":{"rendered":"\u0410\u043a\u043a\u0443\u043c\u0443\u043b\u044f\u0442\u043e\u0440\u043d\u0430\u044f \u0443\u0434\u0430\u0440\u043d\u0430\u044f \u0434\u0440\u0435\u043b\u044c Makita + Aku 5.0Ah"},"content":{"rendered":"\n<p> Akul\u00f6kktrell Makita + Aku 5.0Ah, heas seisu- ja t\u00f6\u00f6korras! <\/p><p> KIRJELDUS <\/p><p> Liitium-ioonaku 18 V &#8212; <br \/> Max p\u00f6\u00f6rdemoment (k\u00f5va\/pehme) 40\/23 Nm. <br \/> Siduri tase 20 <br \/> Max l\u00e4bim\u00f5\u00f5t puidus 25 mm <br \/> Max terase l\u00e4bim\u00f5\u00f5t 13 mm <br \/> Helir\u00f5hutase (LpA) 77 dB(A) <br \/> Ebakindel m\u00fcra (K-tegur) 3 dB(A) <br \/> Vibratsioonitase (3 telge)\u22642,5 m\/s\u00b2 <br \/> Ebakindel vibratsioon (K tegur) 1,5 m\/s\u00b2 <br \/> Kaal koos standardakuga 1,3 kg <\/p>\n","protected":false},"excerpt":{"rendered":"<p>Akul\u00f6kktrell Makita + Aku 5.0Ah, heas seisu- ja t\u00f6\u00f6korras! KIRJELDUS Liitium-ioonaku 18 V &#8212; Max p\u00f6\u00f6rdemoment (k\u00f5va\/pehme) 40\/23 Nm. Siduri tase 20 Max l\u00e4bim\u00f5\u00f5t puidus 25 mm Max terase l\u00e4bim\u00f5\u00f5t 13 mm Helir\u00f5hutase (LpA) 77 dB(A) Ebakindel m\u00fcra (K-tegur) 3 dB(A) Vibratsioonitase (3 telge)\u22642,5 m\/s\u00b2 Ebakindel vibratsioon (K tegur) 1,5 m\/s\u00b2 Kaal koos standardakuga 1,3 [&hellip;]<\/p>\n","protected":false},"featured_media":26595,"comment_status":"closed","ping_status":"open","template":"","meta":{"inline_featured_image":false},"product_brand":[],"product_cat":[221],"product_tag":[],"class_list":{"0":"post-26594","1":"product","2":"type-product","3":"status-publish","4":"has-post-thumbnail","6":"product_cat-akkumulyatornye-dreli","7":"pa_asukoht-mustamae","8":"pa_seisukord-ispolzovano","10":"first","11":"instock","12":"taxable","13":"shipping-taxable","14":"purchasable","15":"product-type-simple"},"_links":{"self":[{"href":"https:\/\/a-pant.ee\/ru\/wp-json\/wp\/v2\/product\/26594","targetHints":{"allow":["GET"]}}],"collection":[{"href":"https:\/\/a-pant.ee\/ru\/wp-json\/wp\/v2\/product"}],"about":[{"href":"https:\/\/a-pant.ee\/ru\/wp-json\/wp\/v2\/types\/product"}],"replies":[{"embeddable":true,"href":"https:\/\/a-pant.ee\/ru\/wp-json\/wp\/v2\/comments?post=26594"}],"wp:featuredmedia":[{"embeddable":true,"href":"https:\/\/a-pant.ee\/ru\/wp-json\/wp\/v2\/media\/26595"}],"wp:attachment":[{"href":"https:\/\/a-pant.ee\/ru\/wp-json\/wp\/v2\/media?parent=26594"}],"wp:term":[{"taxonomy":"product_brand","embeddable":true,"href":"https:\/\/a-pant.ee\/ru\/wp-json\/wp\/v2\/product_brand?post=26594"},{"taxonomy":"product_cat","embeddable":true,"href":"https:\/\/a-pant.ee\/ru\/wp-json\/wp\/v2\/product_cat?post=26594"},{"taxonomy":"product_tag","embeddable":true,"href":"https:\/\/a-pant.ee\/ru\/wp-json\/wp\/v2\/product_tag?post=26594"}],"curies":[{"name":"wp","href":"https:\/\/api.w.org\/{rel}","templated":true}]}}