{"id":26587,"date":"2026-02-04T02:55:49","date_gmt":"2026-02-03T23:55:49","guid":{"rendered":"https:\/\/a-pant.ee\/product\/gvozdizabivnoy-pistolet-dewalt-dcn680\/"},"modified":"2026-02-22T12:33:16","modified_gmt":"2026-02-22T09:33:16","slug":"gvozdezabivnoj-pistolet-dewalt-dcn680-aku-40ach-zaryadka","status":"publish","type":"product","link":"https:\/\/a-pant.ee\/ru\/product\/gvozdezabivnoj-pistolet-dewalt-dcn680-aku-40ach-zaryadka\/","title":{"rendered":"\u0413\u0432\u043e\u0437\u0434\u0435\u0437\u0430\u0431\u0438\u0432\u043d\u043e\u0439 \u041f\u0438\u0441\u0442\u043e\u043b\u0435\u0442 DeWalt DCN680 + \u0430\u043a\u0443 4,0\u0410\u0447 + \u0437\u0430\u0440\u044f\u0434\u043a\u0430"},"content":{"rendered":"\n<p> Naelap\u00fcss DeWalt DCN680 + aku 4,0ah + laadija\u00a0, heas seisu- ja t\u00f6\u00f6korras! <\/p><p> KIRJELDUS <\/p><p> Pinge: 18V <br \/> Magazine nurk: 0\u00b0 <br \/> Aku maht: 4 Ah <br \/> Naela l\u00e4bim\u00f5\u00f5t: 1,25. <br \/> Naela pikkus: 15 &#8212; 54 mm <br \/> Magasini mahutavus: 110 naela <br \/> Pikkus: 302 mm <\/p>\n","protected":false},"excerpt":{"rendered":"<p>Naelap\u00fcss DeWalt DCN680 + aku 4,0ah + laadija\u00a0, heas seisu- ja t\u00f6\u00f6korras! KIRJELDUS Pinge: 18V Magazine nurk: 0\u00b0 Aku maht: 4 Ah Naela l\u00e4bim\u00f5\u00f5t: 1,25. Naela pikkus: 15 &#8212; 54 mm Magasini mahutavus: 110 naela Pikkus: 302 mm<\/p>\n","protected":false},"featured_media":26588,"comment_status":"closed","ping_status":"open","template":"","meta":{"inline_featured_image":false},"product_brand":[],"product_cat":[224],"product_tag":[],"class_list":{"0":"post-26587","1":"product","2":"type-product","3":"status-publish","4":"has-post-thumbnail","6":"product_cat-gazovye-pistolety","7":"pa_asukoht-lasnamae","8":"pa_seisukord-ispolzovano","10":"first","11":"instock","12":"taxable","13":"shipping-taxable","14":"purchasable","15":"product-type-simple"},"_links":{"self":[{"href":"https:\/\/a-pant.ee\/ru\/wp-json\/wp\/v2\/product\/26587","targetHints":{"allow":["GET"]}}],"collection":[{"href":"https:\/\/a-pant.ee\/ru\/wp-json\/wp\/v2\/product"}],"about":[{"href":"https:\/\/a-pant.ee\/ru\/wp-json\/wp\/v2\/types\/product"}],"replies":[{"embeddable":true,"href":"https:\/\/a-pant.ee\/ru\/wp-json\/wp\/v2\/comments?post=26587"}],"wp:featuredmedia":[{"embeddable":true,"href":"https:\/\/a-pant.ee\/ru\/wp-json\/wp\/v2\/media\/26588"}],"wp:attachment":[{"href":"https:\/\/a-pant.ee\/ru\/wp-json\/wp\/v2\/media?parent=26587"}],"wp:term":[{"taxonomy":"product_brand","embeddable":true,"href":"https:\/\/a-pant.ee\/ru\/wp-json\/wp\/v2\/product_brand?post=26587"},{"taxonomy":"product_cat","embeddable":true,"href":"https:\/\/a-pant.ee\/ru\/wp-json\/wp\/v2\/product_cat?post=26587"},{"taxonomy":"product_tag","embeddable":true,"href":"https:\/\/a-pant.ee\/ru\/wp-json\/wp\/v2\/product_tag?post=26587"}],"curies":[{"name":"wp","href":"https:\/\/api.w.org\/{rel}","templated":true}]}}