{"id":26581,"date":"2026-02-04T02:52:49","date_gmt":"2026-02-03T23:52:49","guid":{"rendered":"https:\/\/a-pant.ee\/product\/udarnaia-akudrel-makira-dtd-172\/"},"modified":"2026-02-22T12:35:21","modified_gmt":"2026-02-22T09:35:21","slug":"udarnaya-akudrel-makira-dtd-172-bez-aku","status":"publish","type":"product","link":"https:\/\/a-pant.ee\/ru\/product\/udarnaya-akudrel-makira-dtd-172-bez-aku\/","title":{"rendered":"\u0423\u0434\u0430\u0440\u043d\u0430\u044f \u0430\u043a\u0443\u0434\u0440\u0435\u043b\u044c Makira DTD 172 \u0431\u0435\u0437 \u0430\u043a\u0443"},"content":{"rendered":"\n<p> Akul\u00f6\u00f6kkruvikeeraja Makira DTD 172 ilma aku\u00a0, heas seisu- ja t\u00f6\u00f6korras! <\/p><p> KIRJELDUS <\/p><p> T\u00fchik\u00e4ik, p\/min <\/p><p> 3600\/3200\/2100\/1100\/1800 <\/p><p> Kiiruste arv <\/p><p> 4 <\/p><p> Max p\u00f6\u00f6rdemoment, Nm <\/p><p> 180 <\/p><p> Tagurpidi <\/p><p> On olemas <\/p><p> Puuri l\u00e4bim\u00f5\u00f5t (puit), mm <\/p><p> 22-125 <\/p>\n","protected":false},"excerpt":{"rendered":"<p>Akul\u00f6\u00f6kkruvikeeraja Makira DTD 172 ilma aku\u00a0, heas seisu- ja t\u00f6\u00f6korras! KIRJELDUS T\u00fchik\u00e4ik, p\/min 3600\/3200\/2100\/1100\/1800 Kiiruste arv 4 Max p\u00f6\u00f6rdemoment, Nm 180 Tagurpidi On olemas Puuri l\u00e4bim\u00f5\u00f5t (puit), mm 22-125<\/p>\n","protected":false},"featured_media":26582,"comment_status":"closed","ping_status":"open","template":"","meta":{"inline_featured_image":false},"product_brand":[],"product_cat":[221],"product_tag":[],"class_list":{"0":"post-26581","1":"product","2":"type-product","3":"status-publish","4":"has-post-thumbnail","6":"product_cat-akkumulyatornye-dreli","7":"pa_asukoht-lasnamae","8":"pa_seisukord-ispolzovano","10":"first","11":"instock","12":"taxable","13":"shipping-taxable","14":"purchasable","15":"product-type-simple"},"_links":{"self":[{"href":"https:\/\/a-pant.ee\/ru\/wp-json\/wp\/v2\/product\/26581","targetHints":{"allow":["GET"]}}],"collection":[{"href":"https:\/\/a-pant.ee\/ru\/wp-json\/wp\/v2\/product"}],"about":[{"href":"https:\/\/a-pant.ee\/ru\/wp-json\/wp\/v2\/types\/product"}],"replies":[{"embeddable":true,"href":"https:\/\/a-pant.ee\/ru\/wp-json\/wp\/v2\/comments?post=26581"}],"wp:featuredmedia":[{"embeddable":true,"href":"https:\/\/a-pant.ee\/ru\/wp-json\/wp\/v2\/media\/26582"}],"wp:attachment":[{"href":"https:\/\/a-pant.ee\/ru\/wp-json\/wp\/v2\/media?parent=26581"}],"wp:term":[{"taxonomy":"product_brand","embeddable":true,"href":"https:\/\/a-pant.ee\/ru\/wp-json\/wp\/v2\/product_brand?post=26581"},{"taxonomy":"product_cat","embeddable":true,"href":"https:\/\/a-pant.ee\/ru\/wp-json\/wp\/v2\/product_cat?post=26581"},{"taxonomy":"product_tag","embeddable":true,"href":"https:\/\/a-pant.ee\/ru\/wp-json\/wp\/v2\/product_tag?post=26581"}],"curies":[{"name":"wp","href":"https:\/\/api.w.org\/{rel}","templated":true}]}}