{"id":26566,"date":"2026-02-04T02:52:49","date_gmt":"2026-02-03T23:52:49","guid":{"rendered":"https:\/\/a-pant.ee\/product\/smartfon-redmi-note-5g-64gb-chehol\/"},"modified":"2026-02-22T12:35:21","modified_gmt":"2026-02-22T09:35:21","slug":"smartfon-redmi-note-5g-64gb-chehol","status":"publish","type":"product","link":"https:\/\/a-pant.ee\/ru\/product\/smartfon-redmi-note-5g-64gb-chehol\/","title":{"rendered":"\u0421\u043c\u0430\u0440\u0442\u0444\u043e\u043d Redmi Note 5g 64gb + \u0427\u0435\u0445\u043e\u043b"},"content":{"rendered":"\n<p> Nutitelefon Redmi Note 5g 64gb + \u00dcmbrik\u00a0, heas seisu- ja t\u00f6\u00f6korras! <\/p><p> KIRJELDUS <\/p><p> Ekraan <\/p><p> 6,5 tolli (2400 x 1080) AMOLED 90 Hz <\/p><p> M\u00e4lu <\/p><p> sisseehitatud 64 GB, RAM 4 GB <\/p><p> Foto <\/p><p> 3 kaamerat, peamine 48 MP <\/p><p> Aku <\/p><p> 5000 mAh <\/p>\n","protected":false},"excerpt":{"rendered":"<p>Nutitelefon Redmi Note 5g 64gb + \u00dcmbrik\u00a0, heas seisu- ja t\u00f6\u00f6korras! KIRJELDUS Ekraan 6,5 tolli (2400 x 1080) AMOLED 90 Hz M\u00e4lu sisseehitatud 64 GB, RAM 4 GB Foto 3 kaamerat, peamine 48 MP Aku 5000 mAh<\/p>\n","protected":false},"featured_media":26567,"comment_status":"closed","ping_status":"open","template":"","meta":{"inline_featured_image":false},"product_brand":[],"product_cat":[171],"product_tag":[],"class_list":{"0":"post-26566","1":"product","2":"type-product","3":"status-publish","4":"has-post-thumbnail","6":"product_cat-mobilnye-telefony","7":"pa_asukoht-lasnamae","8":"pa_seisukord-ispolzovano","10":"first","11":"instock","12":"taxable","13":"shipping-taxable","14":"purchasable","15":"product-type-simple"},"_links":{"self":[{"href":"https:\/\/a-pant.ee\/ru\/wp-json\/wp\/v2\/product\/26566","targetHints":{"allow":["GET"]}}],"collection":[{"href":"https:\/\/a-pant.ee\/ru\/wp-json\/wp\/v2\/product"}],"about":[{"href":"https:\/\/a-pant.ee\/ru\/wp-json\/wp\/v2\/types\/product"}],"replies":[{"embeddable":true,"href":"https:\/\/a-pant.ee\/ru\/wp-json\/wp\/v2\/comments?post=26566"}],"wp:featuredmedia":[{"embeddable":true,"href":"https:\/\/a-pant.ee\/ru\/wp-json\/wp\/v2\/media\/26567"}],"wp:attachment":[{"href":"https:\/\/a-pant.ee\/ru\/wp-json\/wp\/v2\/media?parent=26566"}],"wp:term":[{"taxonomy":"product_brand","embeddable":true,"href":"https:\/\/a-pant.ee\/ru\/wp-json\/wp\/v2\/product_brand?post=26566"},{"taxonomy":"product_cat","embeddable":true,"href":"https:\/\/a-pant.ee\/ru\/wp-json\/wp\/v2\/product_cat?post=26566"},{"taxonomy":"product_tag","embeddable":true,"href":"https:\/\/a-pant.ee\/ru\/wp-json\/wp\/v2\/product_tag?post=26566"}],"curies":[{"name":"wp","href":"https:\/\/api.w.org\/{rel}","templated":true}]}}