{"id":26560,"date":"2026-02-04T02:52:49","date_gmt":"2026-02-03T23:52:49","guid":{"rendered":"https:\/\/a-pant.ee\/product\/noutbuk-hp-laptop-15-zaryadka\/"},"modified":"2026-02-22T12:33:20","modified_gmt":"2026-02-22T09:33:20","slug":"noutbuk-hp-laptop-15-zaryadka","status":"publish","type":"product","link":"https:\/\/a-pant.ee\/ru\/product\/noutbuk-hp-laptop-15-zaryadka\/","title":{"rendered":"\u041d\u043e\u0443\u0442\u0431\u0443\u043a Hp Laptop 15 + \u0417\u0430\u0440\u044f\u0434\u043a\u0430"},"content":{"rendered":"\n<p> Sulearvuti HP Laptop 15 + Laadija, heas seisu- ja t\u00f6\u00f6korras! <\/p><p> KIRJELDUS <\/p><p> Tootja HP <\/p><p> Mudel 15-bs1xx <\/p><p> Kirjeldus 15.6 <\/p><p> M\u00e4rkmiku t\u00fc\u00fcp <\/p><p> Eesm\u00e4rk Koduks, \u00c4riks <\/p><p> Operatsioonis\u00fcsteem Windows 10 <\/p><p> V\u00e4rv Sinine <\/p><p> Ekraani diagonaal 15,6&#8243; <\/p><p> Maatriksi t\u00fc\u00fcp VA (vertikaalne joondus) <\/p><p> Eraldusv\u00f5ime FHD (1920&#215;1080) <\/p><p> LED maatriks taustvalgus <\/p><p> Protsessori tootja Intel <\/p><p> Core i5 seeria <\/p><p> Protsessori mudel i5-8250U <\/p><p> Salvestusm\u00e4lu 1TB HDD <\/p>\n","protected":false},"excerpt":{"rendered":"<p>Sulearvuti HP Laptop 15 + Laadija, heas seisu- ja t\u00f6\u00f6korras! KIRJELDUS Tootja HP Mudel 15-bs1xx Kirjeldus 15.6 M\u00e4rkmiku t\u00fc\u00fcp Eesm\u00e4rk Koduks, \u00c4riks Operatsioonis\u00fcsteem Windows 10 V\u00e4rv Sinine Ekraani diagonaal 15,6&#8243; Maatriksi t\u00fc\u00fcp VA (vertikaalne joondus) Eraldusv\u00f5ime FHD (1920&#215;1080) LED maatriks taustvalgus Protsessori tootja Intel Core i5 seeria Protsessori mudel i5-8250U Salvestusm\u00e4lu 1TB HDD<\/p>\n","protected":false},"featured_media":26561,"comment_status":"closed","ping_status":"open","template":"","meta":{"inline_featured_image":false},"product_brand":[],"product_cat":[179],"product_tag":[],"class_list":{"0":"post-26560","1":"product","2":"type-product","3":"status-publish","4":"has-post-thumbnail","6":"product_cat-noutbuki","7":"pa_asukoht-mustamae","8":"pa_seisukord-ispolzovano","10":"first","11":"instock","12":"taxable","13":"shipping-taxable","14":"purchasable","15":"product-type-simple"},"_links":{"self":[{"href":"https:\/\/a-pant.ee\/ru\/wp-json\/wp\/v2\/product\/26560","targetHints":{"allow":["GET"]}}],"collection":[{"href":"https:\/\/a-pant.ee\/ru\/wp-json\/wp\/v2\/product"}],"about":[{"href":"https:\/\/a-pant.ee\/ru\/wp-json\/wp\/v2\/types\/product"}],"replies":[{"embeddable":true,"href":"https:\/\/a-pant.ee\/ru\/wp-json\/wp\/v2\/comments?post=26560"}],"wp:featuredmedia":[{"embeddable":true,"href":"https:\/\/a-pant.ee\/ru\/wp-json\/wp\/v2\/media\/26561"}],"wp:attachment":[{"href":"https:\/\/a-pant.ee\/ru\/wp-json\/wp\/v2\/media?parent=26560"}],"wp:term":[{"taxonomy":"product_brand","embeddable":true,"href":"https:\/\/a-pant.ee\/ru\/wp-json\/wp\/v2\/product_brand?post=26560"},{"taxonomy":"product_cat","embeddable":true,"href":"https:\/\/a-pant.ee\/ru\/wp-json\/wp\/v2\/product_cat?post=26560"},{"taxonomy":"product_tag","embeddable":true,"href":"https:\/\/a-pant.ee\/ru\/wp-json\/wp\/v2\/product_tag?post=26560"}],"curies":[{"name":"wp","href":"https:\/\/api.w.org\/{rel}","templated":true}]}}