{"id":26554,"date":"2026-02-04T02:52:49","date_gmt":"2026-02-03T23:52:49","guid":{"rendered":"https:\/\/a-pant.ee\/product\/smart-chasy-huawei-gt-2-pro-zaryadka\/"},"modified":"2026-02-22T12:33:20","modified_gmt":"2026-02-22T09:33:20","slug":"smart-chasy-huawei-gt-2-pro-zaryadka-ne-original","status":"publish","type":"product","link":"https:\/\/a-pant.ee\/ru\/product\/smart-chasy-huawei-gt-2-pro-zaryadka-ne-original\/","title":{"rendered":"\u0421\u043c\u0430\u0440\u0442 \u0447\u0430\u0441\u044b Huawei GT-2 Pro + \u0417\u0430\u0440\u044f\u0434\u043a\u0430 (\u043d\u0435 \u043e\u0440\u0438\u0433\u0438\u043d\u0430\u043b)"},"content":{"rendered":"\n<p> Nutikell Huawei GT-2 Pro + Laadija, heas seisu- ja t\u00f6\u00f6korras! <\/p><p> KIRJELDUS <\/p><p> \u00dchilduvus: Android, iOS. <\/p><p> Eraldusv\u00f5ime (px): 454 x 454. <\/p><p> RAM: 32 MB <\/p><p> Ekraani t\u00fc\u00fcp: AMOLED. <\/p><p> Sisseehitatud m\u00e4lu: 4 GB <\/p><p> Bluetoothi \u200b\u200bversioon: v5.1. <\/p><p> Ekraani diagonaal: 1,39 tolli <\/p>\n","protected":false},"excerpt":{"rendered":"<p>Nutikell Huawei GT-2 Pro + Laadija, heas seisu- ja t\u00f6\u00f6korras! KIRJELDUS \u00dchilduvus: Android, iOS. Eraldusv\u00f5ime (px): 454 x 454. RAM: 32 MB Ekraani t\u00fc\u00fcp: AMOLED. Sisseehitatud m\u00e4lu: 4 GB Bluetoothi \u200b\u200bversioon: v5.1. Ekraani diagonaal: 1,39 tolli<\/p>\n","protected":false},"featured_media":26555,"comment_status":"closed","ping_status":"open","template":"","meta":{"inline_featured_image":false},"product_brand":[],"product_cat":[176],"product_tag":[],"class_list":{"0":"post-26554","1":"product","2":"type-product","3":"status-publish","4":"has-post-thumbnail","6":"product_cat-smart-chasy","7":"pa_asukoht-mustamae","8":"pa_seisukord-ispolzovano","10":"first","11":"instock","12":"taxable","13":"shipping-taxable","14":"purchasable","15":"product-type-simple"},"_links":{"self":[{"href":"https:\/\/a-pant.ee\/ru\/wp-json\/wp\/v2\/product\/26554","targetHints":{"allow":["GET"]}}],"collection":[{"href":"https:\/\/a-pant.ee\/ru\/wp-json\/wp\/v2\/product"}],"about":[{"href":"https:\/\/a-pant.ee\/ru\/wp-json\/wp\/v2\/types\/product"}],"replies":[{"embeddable":true,"href":"https:\/\/a-pant.ee\/ru\/wp-json\/wp\/v2\/comments?post=26554"}],"wp:featuredmedia":[{"embeddable":true,"href":"https:\/\/a-pant.ee\/ru\/wp-json\/wp\/v2\/media\/26555"}],"wp:attachment":[{"href":"https:\/\/a-pant.ee\/ru\/wp-json\/wp\/v2\/media?parent=26554"}],"wp:term":[{"taxonomy":"product_brand","embeddable":true,"href":"https:\/\/a-pant.ee\/ru\/wp-json\/wp\/v2\/product_brand?post=26554"},{"taxonomy":"product_cat","embeddable":true,"href":"https:\/\/a-pant.ee\/ru\/wp-json\/wp\/v2\/product_cat?post=26554"},{"taxonomy":"product_tag","embeddable":true,"href":"https:\/\/a-pant.ee\/ru\/wp-json\/wp\/v2\/product_tag?post=26554"}],"curies":[{"name":"wp","href":"https:\/\/api.w.org\/{rel}","templated":true}]}}