{"id":26541,"date":"2026-02-04T02:52:49","date_gmt":"2026-02-03T23:52:49","guid":{"rendered":"https:\/\/a-pant.ee\/product\/robot-pylesos-xiaomi-mi\/"},"modified":"2026-02-22T12:33:20","modified_gmt":"2026-02-22T09:33:20","slug":"robot-pylesos-xiaomi-mi-robot-vacuum-mop-essential-dok","status":"publish","type":"product","link":"https:\/\/a-pant.ee\/ru\/product\/robot-pylesos-xiaomi-mi-robot-vacuum-mop-essential-dok\/","title":{"rendered":"\u0420\u043e\u0431\u043e\u0442-\u043f\u044b\u043b\u0435\u0441\u043e\u0441 Xiaomi Mi robot vacuum-mop essential + \u0414\u043e\u043a"},"content":{"rendered":"\n<p> Robot tolmuimeja Xiaomi Mi robot vacuum-mop essential + Dok\u00a0, heas seisu- ja t\u00f6\u00f6korras! <\/p><p> KIRJELDUS <\/p><p> Kategooria: Robottolmuimejad <\/p><p> Kaubam\u00e4rk: Xiaomi <\/p><p> Toide: Aku <\/p><p> V\u00e4rv: Valge <\/p><p> Kaal: 3.4 kg <\/p><p> Tolmukogumiss\u00fcsteemi maht: 0.42 l <\/p><p> HEPA filter: Jah <\/p><p> M\u00e4rgpuhastus: Jah <\/p><p> Veemahuti maht: 200 ml <\/p><p> Lisainfo: Wi-Fi <\/p><p> M\u00fcratase: 62 dB <\/p><p> Filtri t\u00fc\u00fcp: HEPA <\/p><p> Orienteerumine salvestatud p\u00f5randaplaani j\u00e4rgi: Jah <\/p><p> Automaatne t\u00fchjendamine: Manuaalne t\u00fchjendamine <\/p><p> Aku t\u00fc\u00fcp: Li-Ion <\/p><p> Aku mahtuvus: 2500 mAh <\/p><p> Maksimaalne l\u00e4ve k\u00f5rgus: 2 cm <\/p><p> Laadimisaeg: 5 h <\/p><p> Pesemise funktsioon: M\u00e4rgpuhastus <\/p><p> Nutiseade: Jah <\/p>\n","protected":false},"excerpt":{"rendered":"<p>Robot tolmuimeja Xiaomi Mi robot vacuum-mop essential + Dok\u00a0, heas seisu- ja t\u00f6\u00f6korras! KIRJELDUS Kategooria: Robottolmuimejad Kaubam\u00e4rk: Xiaomi Toide: Aku V\u00e4rv: Valge Kaal: 3.4 kg Tolmukogumiss\u00fcsteemi maht: 0.42 l HEPA filter: Jah M\u00e4rgpuhastus: Jah Veemahuti maht: 200 ml Lisainfo: Wi-Fi M\u00fcratase: 62 dB Filtri t\u00fc\u00fcp: HEPA Orienteerumine salvestatud p\u00f5randaplaani j\u00e4rgi: Jah Automaatne t\u00fchjendamine: Manuaalne t\u00fchjendamine [&hellip;]<\/p>\n","protected":false},"featured_media":26542,"comment_status":"closed","ping_status":"open","template":"","meta":{"inline_featured_image":false},"product_brand":[],"product_cat":[166],"product_tag":[],"class_list":{"0":"post-26541","1":"product","2":"type-product","3":"status-publish","4":"has-post-thumbnail","6":"product_cat-bytovaya-tehnika","7":"pa_asukoht-lasnamae","8":"pa_seisukord-ispolzovano","10":"first","11":"instock","12":"taxable","13":"shipping-taxable","14":"purchasable","15":"product-type-simple"},"_links":{"self":[{"href":"https:\/\/a-pant.ee\/ru\/wp-json\/wp\/v2\/product\/26541","targetHints":{"allow":["GET"]}}],"collection":[{"href":"https:\/\/a-pant.ee\/ru\/wp-json\/wp\/v2\/product"}],"about":[{"href":"https:\/\/a-pant.ee\/ru\/wp-json\/wp\/v2\/types\/product"}],"replies":[{"embeddable":true,"href":"https:\/\/a-pant.ee\/ru\/wp-json\/wp\/v2\/comments?post=26541"}],"wp:featuredmedia":[{"embeddable":true,"href":"https:\/\/a-pant.ee\/ru\/wp-json\/wp\/v2\/media\/26542"}],"wp:attachment":[{"href":"https:\/\/a-pant.ee\/ru\/wp-json\/wp\/v2\/media?parent=26541"}],"wp:term":[{"taxonomy":"product_brand","embeddable":true,"href":"https:\/\/a-pant.ee\/ru\/wp-json\/wp\/v2\/product_brand?post=26541"},{"taxonomy":"product_cat","embeddable":true,"href":"https:\/\/a-pant.ee\/ru\/wp-json\/wp\/v2\/product_cat?post=26541"},{"taxonomy":"product_tag","embeddable":true,"href":"https:\/\/a-pant.ee\/ru\/wp-json\/wp\/v2\/product_tag?post=26541"}],"curies":[{"name":"wp","href":"https:\/\/api.w.org\/{rel}","templated":true}]}}