{"id":26529,"date":"2026-02-04T02:52:49","date_gmt":"2026-02-03T23:52:49","guid":{"rendered":"https:\/\/a-pant.ee\/product\/akkumulyator-ryobi-one-2-5ah-18v\/"},"modified":"2026-02-22T12:33:19","modified_gmt":"2026-02-22T09:33:19","slug":"akkumulyator-ryobi-one-25ah-18v","status":"publish","type":"product","link":"https:\/\/a-pant.ee\/ru\/product\/akkumulyator-ryobi-one-25ah-18v\/","title":{"rendered":"\u0410\u043a\u043a\u0443\u043c\u0443\u043b\u044f\u0442\u043e\u0440 Ryobi One+ 2,5Ah 18V"},"content":{"rendered":"\n<p> Aku Ryobi One+ 2,5Ah 18V\u00a0, heas seisu- ja t\u00f6\u00f6korras! <\/p><p> KIRJELDUS <\/p><p> Aku laadimisaeg (min) 90 <br \/> Aku mahutavus (Ah) 2,5 <br \/> Aku pinge (V) 18 <br \/> \u00dchildub kogu Ryobi 18V liiniga <br \/> Aku t\u00fc\u00fcp Li-ion <br \/> Kaal (kg) 0,4 <\/p>\n","protected":false},"excerpt":{"rendered":"<p>Aku Ryobi One+ 2,5Ah 18V\u00a0, heas seisu- ja t\u00f6\u00f6korras! KIRJELDUS Aku laadimisaeg (min) 90 Aku mahutavus (Ah) 2,5 Aku pinge (V) 18 \u00dchildub kogu Ryobi 18V liiniga Aku t\u00fc\u00fcp Li-ion Kaal (kg) 0,4<\/p>\n","protected":false},"featured_media":26530,"comment_status":"closed","ping_status":"open","template":"","meta":{"inline_featured_image":false},"product_brand":[],"product_cat":[223],"product_tag":[],"class_list":{"0":"post-26529","1":"product","2":"type-product","3":"status-publish","4":"has-post-thumbnail","6":"product_cat-vsyo-dlya-instrumenta","7":"pa_asukoht-lasnamae","8":"pa_seisukord-ispolzovano","10":"first","11":"instock","12":"taxable","13":"shipping-taxable","14":"purchasable","15":"product-type-simple"},"_links":{"self":[{"href":"https:\/\/a-pant.ee\/ru\/wp-json\/wp\/v2\/product\/26529","targetHints":{"allow":["GET"]}}],"collection":[{"href":"https:\/\/a-pant.ee\/ru\/wp-json\/wp\/v2\/product"}],"about":[{"href":"https:\/\/a-pant.ee\/ru\/wp-json\/wp\/v2\/types\/product"}],"replies":[{"embeddable":true,"href":"https:\/\/a-pant.ee\/ru\/wp-json\/wp\/v2\/comments?post=26529"}],"wp:featuredmedia":[{"embeddable":true,"href":"https:\/\/a-pant.ee\/ru\/wp-json\/wp\/v2\/media\/26530"}],"wp:attachment":[{"href":"https:\/\/a-pant.ee\/ru\/wp-json\/wp\/v2\/media?parent=26529"}],"wp:term":[{"taxonomy":"product_brand","embeddable":true,"href":"https:\/\/a-pant.ee\/ru\/wp-json\/wp\/v2\/product_brand?post=26529"},{"taxonomy":"product_cat","embeddable":true,"href":"https:\/\/a-pant.ee\/ru\/wp-json\/wp\/v2\/product_cat?post=26529"},{"taxonomy":"product_tag","embeddable":true,"href":"https:\/\/a-pant.ee\/ru\/wp-json\/wp\/v2\/product_tag?post=26529"}],"curies":[{"name":"wp","href":"https:\/\/api.w.org\/{rel}","templated":true}]}}