{"id":26515,"date":"2026-02-04T02:52:49","date_gmt":"2026-02-03T23:52:49","guid":{"rendered":"https:\/\/a-pant.ee\/product\/zerkalnaya-kamera-canon-eos-m50-korobka\/"},"modified":"2026-02-22T12:33:19","modified_gmt":"2026-02-22T09:33:19","slug":"zerkalnaya-kamera-canon-eos-m50-korobka","status":"publish","type":"product","link":"https:\/\/a-pant.ee\/ru\/product\/zerkalnaya-kamera-canon-eos-m50-korobka\/","title":{"rendered":"\u0417\u0435\u0440\u043a\u0430\u043b\u044c\u043d\u0430\u044f \u043a\u0430\u043c\u0435\u0440\u0430 Canon EOS M50 + \u043a\u043e\u0440\u043e\u0431\u043a\u0430"},"content":{"rendered":"\n<p> Peegelkaamera Canon EOS M50 + karp\u00a0, heas seisu- ja t\u00f6\u00f6korras! <\/p><p> KIRJELDUS <\/p><p> Kategooria:\u00a0Fotoaparaadid <\/p><p> Kaubam\u00e4rk:\u00a0Canon <\/p><p> Kaamera t\u00fc\u00fcp:\u00a0S\u00fcsteemi kaamera <\/p><p> Vaade:\u00a0Canon, s\u00fcsteemi kaamera fotoaparaadid <\/p><p> Efektiivseid megapiksleid:\u00a024.1 Mpix <\/p><p> Ekraani diagonaal:\u00a03 &#187; <\/p><p> Puutetundlik ekraan: Jah <\/p><p> Pildiotsija: OLED <\/p><p> ISO tundlikkus: Auto 100 &#8212; 25600 <\/p><p> M\u00f5\u00f5tmed: 116.3 x 88.1 x 58.7 mm <\/p><p> Kaal: 0.387 kg <\/p><p> Failit\u00fc\u00fcbid:\u00a0JPEG,\u00a0MP4,\u00a0RAW <\/p><p> Videod: Full HD (1920\u00d71080) <\/p><p> Fookuskaugus: 15 &#8212; 45 mm <\/p><p> Ava: 3.5 &#8212; 6.3 <\/p><p> S\u00e4ritus: 1\/4000 &#8212; 30 <\/p><p> V\u00e4line v\u00e4lklambi pesa: Jah <\/p><p> Video v\u00e4ljund: microHDMI <\/p><p> USB: Jah <\/p><p> \u00dchenduvus:\u00a03.5 mm jack,\u00a0Bluetooth,\u00a0HDMI Micro,\u00a0micro USB,\u00a0WiFi <\/p><p> T\u00fc\u00fcp: Micro SD <\/p><p> Vooluallikas:\u00a0Liitiumpatarei <\/p><p> Aku mudel: LP-E12 <\/p><p> Veekindlus:\u00a0Ei <\/p><p> Varustus:\u00a0Aku,\u00a0Fotoaparaat,\u00a0Objektiiv <\/p><p> Fookuskaugus: Olenevalt objektiivist <\/p><p> V\u00e4rv: Must v\u00e4rv <\/p><p> Lisainformatsioon: WiFi ja NFC \u00fchendus <\/p><p> Videosalvestuse resolutsioon:\u00a04k <\/p><p> T\u00e4isresolutsioon:\u00a06000 x 4000 <\/p><p> Stabiilne s\u00fcsteem:\u00a0Jah <\/p>\n","protected":false},"excerpt":{"rendered":"<p>Peegelkaamera Canon EOS M50 + karp\u00a0, heas seisu- ja t\u00f6\u00f6korras! KIRJELDUS Kategooria:\u00a0Fotoaparaadid Kaubam\u00e4rk:\u00a0Canon Kaamera t\u00fc\u00fcp:\u00a0S\u00fcsteemi kaamera Vaade:\u00a0Canon, s\u00fcsteemi kaamera fotoaparaadid Efektiivseid megapiksleid:\u00a024.1 Mpix Ekraani diagonaal:\u00a03 &#187; Puutetundlik ekraan: Jah Pildiotsija: OLED ISO tundlikkus: Auto 100 &#8212; 25600 M\u00f5\u00f5tmed: 116.3 x 88.1 x 58.7 mm Kaal: 0.387 kg Failit\u00fc\u00fcbid:\u00a0JPEG,\u00a0MP4,\u00a0RAW Videod: Full HD (1920\u00d71080) Fookuskaugus: 15 &#8212; [&hellip;]<\/p>\n","protected":false},"featured_media":26516,"comment_status":"closed","ping_status":"open","template":"","meta":{"inline_featured_image":false},"product_brand":[],"product_cat":[163],"product_tag":[],"class_list":{"0":"post-26515","1":"product","2":"type-product","3":"status-publish","4":"has-post-thumbnail","6":"product_cat-fototehnika","7":"pa_asukoht-lasnamae","8":"pa_seisukord-ispolzovano","10":"first","11":"instock","12":"taxable","13":"shipping-taxable","14":"purchasable","15":"product-type-simple"},"_links":{"self":[{"href":"https:\/\/a-pant.ee\/ru\/wp-json\/wp\/v2\/product\/26515","targetHints":{"allow":["GET"]}}],"collection":[{"href":"https:\/\/a-pant.ee\/ru\/wp-json\/wp\/v2\/product"}],"about":[{"href":"https:\/\/a-pant.ee\/ru\/wp-json\/wp\/v2\/types\/product"}],"replies":[{"embeddable":true,"href":"https:\/\/a-pant.ee\/ru\/wp-json\/wp\/v2\/comments?post=26515"}],"wp:featuredmedia":[{"embeddable":true,"href":"https:\/\/a-pant.ee\/ru\/wp-json\/wp\/v2\/media\/26516"}],"wp:attachment":[{"href":"https:\/\/a-pant.ee\/ru\/wp-json\/wp\/v2\/media?parent=26515"}],"wp:term":[{"taxonomy":"product_brand","embeddable":true,"href":"https:\/\/a-pant.ee\/ru\/wp-json\/wp\/v2\/product_brand?post=26515"},{"taxonomy":"product_cat","embeddable":true,"href":"https:\/\/a-pant.ee\/ru\/wp-json\/wp\/v2\/product_cat?post=26515"},{"taxonomy":"product_tag","embeddable":true,"href":"https:\/\/a-pant.ee\/ru\/wp-json\/wp\/v2\/product_tag?post=26515"}],"curies":[{"name":"wp","href":"https:\/\/api.w.org\/{rel}","templated":true}]}}