{"id":26502,"date":"2026-02-04T02:52:49","date_gmt":"2026-02-03T23:52:49","guid":{"rendered":"https:\/\/a-pant.ee\/product\/udarnaya-drel-shurupovert-makita-dtd-153\/"},"modified":"2026-02-22T12:33:19","modified_gmt":"2026-02-22T09:33:19","slug":"udarnaya-drel-shurupovert-makita-dtd-153-akb-50ach","status":"publish","type":"product","link":"https:\/\/a-pant.ee\/ru\/product\/udarnaya-drel-shurupovert-makita-dtd-153-akb-50ach\/","title":{"rendered":"\u0423\u0434\u0430\u0440\u043d\u0430\u044f \u0434\u0440\u0435\u043b\u044c-\u0448\u0443\u0440\u0443\u043f\u043e\u0432\u0435\u0440\u0442 Makita DTD 153 + AK\u0411 5,0A\u0427"},"content":{"rendered":"\n<p> Akul\u00f6kktrell Makita DTD 153 + AKU 6,0AH, heas seisu- ja t\u00f6\u00f6korras! <\/p><p> KIRJELDUS <\/p><ul><li> Mudel:\u00a0Makita DTD153 <\/li><li> T\u00f6\u00f6riista t\u00fc\u00fcp:\u00a0Akuga l\u00f6\u00f6kmutrikeeraja <\/li><li> Pinge:\u00a018 V <\/li><li> Maksimaalne p\u00f6\u00f6rdemoment:\u00a0170 N\u00b7m <\/li><li> L\u00f6\u00f6gisagedus:\u00a00-3600 l\u00f6\u00f6ki\/min <\/li><li> P\u00f6\u00f6rlemiskiirus:\u00a00-3400 p\/min <\/li><li> Padruni t\u00fc\u00fcp:\u00a01\/4-tolline kuuskant <\/li><li> M\u00f5\u00f5tmed:\u00a0126 mm (pikkus) <\/li><li> Kaal:\u00a01,3-1,6 kg (s\u00f5ltuvalt akust) <\/li><li> Funktsioonid: <ul><li> Kompaktne ja kerge disain <\/li><li> Harjadeta mootor suurema t\u00f5hususe saavutamiseks <\/li><li> \u00dclekoormuskaitse <\/li><li> T\u00f6\u00f6ala LED-valgustus. <\/li><\/ul><\/li><\/ul>\n","protected":false},"excerpt":{"rendered":"<p>Akul\u00f6kktrell Makita DTD 153 + AKU 6,0AH, heas seisu- ja t\u00f6\u00f6korras! KIRJELDUS Mudel:\u00a0Makita DTD153 T\u00f6\u00f6riista t\u00fc\u00fcp:\u00a0Akuga l\u00f6\u00f6kmutrikeeraja Pinge:\u00a018 V Maksimaalne p\u00f6\u00f6rdemoment:\u00a0170 N\u00b7m L\u00f6\u00f6gisagedus:\u00a00-3600 l\u00f6\u00f6ki\/min P\u00f6\u00f6rlemiskiirus:\u00a00-3400 p\/min Padruni t\u00fc\u00fcp:\u00a01\/4-tolline kuuskant M\u00f5\u00f5tmed:\u00a0126 mm (pikkus) Kaal:\u00a01,3-1,6 kg (s\u00f5ltuvalt akust) Funktsioonid: Kompaktne ja kerge disain Harjadeta mootor suurema t\u00f5hususe saavutamiseks \u00dclekoormuskaitse T\u00f6\u00f6ala LED-valgustus.<\/p>\n","protected":false},"featured_media":26503,"comment_status":"closed","ping_status":"closed","template":"","meta":{"inline_featured_image":false},"product_brand":[],"product_cat":[221],"product_tag":[],"class_list":{"0":"post-26502","1":"product","2":"type-product","3":"status-publish","4":"has-post-thumbnail","6":"product_cat-akkumulyatornye-dreli","7":"pa_asukoht-mustamae","8":"pa_seisukord-ispolzovano","10":"first","11":"outofstock","12":"taxable","13":"shipping-taxable","14":"purchasable","15":"product-type-simple"},"_links":{"self":[{"href":"https:\/\/a-pant.ee\/ru\/wp-json\/wp\/v2\/product\/26502","targetHints":{"allow":["GET"]}}],"collection":[{"href":"https:\/\/a-pant.ee\/ru\/wp-json\/wp\/v2\/product"}],"about":[{"href":"https:\/\/a-pant.ee\/ru\/wp-json\/wp\/v2\/types\/product"}],"replies":[{"embeddable":true,"href":"https:\/\/a-pant.ee\/ru\/wp-json\/wp\/v2\/comments?post=26502"}],"wp:featuredmedia":[{"embeddable":true,"href":"https:\/\/a-pant.ee\/ru\/wp-json\/wp\/v2\/media\/26503"}],"wp:attachment":[{"href":"https:\/\/a-pant.ee\/ru\/wp-json\/wp\/v2\/media?parent=26502"}],"wp:term":[{"taxonomy":"product_brand","embeddable":true,"href":"https:\/\/a-pant.ee\/ru\/wp-json\/wp\/v2\/product_brand?post=26502"},{"taxonomy":"product_cat","embeddable":true,"href":"https:\/\/a-pant.ee\/ru\/wp-json\/wp\/v2\/product_cat?post=26502"},{"taxonomy":"product_tag","embeddable":true,"href":"https:\/\/a-pant.ee\/ru\/wp-json\/wp\/v2\/product_tag?post=26502"}],"curies":[{"name":"wp","href":"https:\/\/api.w.org\/{rel}","templated":true}]}}