{"id":26495,"date":"2026-02-04T02:52:49","date_gmt":"2026-02-03T23:52:49","guid":{"rendered":"https:\/\/a-pant.ee\/product\/telefon-redmi-note-12-6-128gb-chehol\/"},"modified":"2026-02-22T12:33:18","modified_gmt":"2026-02-22T09:33:18","slug":"telefon-redmi-note-12-6-128gb-chehol","status":"publish","type":"product","link":"https:\/\/a-pant.ee\/ru\/product\/telefon-redmi-note-12-6-128gb-chehol\/","title":{"rendered":"\u0422\u0435\u043b\u0435\u0444\u043e\u043d Redmi Note 12 6\/128GB + \u0427\u0435\u0445\u043e\u043b"},"content":{"rendered":"\n<p> Telefon Redmi Note 12 6\/128GB + Kaane\u00a0, heas seisu- ja t\u00f6\u00f6korras! <\/p><p> KIRJELDUS <\/p><ul><li> Mudel:\u00a0Redmi Note 12 <\/li><li> Ekraan:\u00a06,67 tolli, AMOLED, resolutsioon 2400&#215;1080 (FHD+), v\u00e4rskendussagedus 120 Hz <\/li><li> Protsessor:\u00a0Qualcomm Snapdragon 685, 8 tuuma (kuni 2,8 GHz) <\/li><li> RAM:\u00a06 GB <\/li><li> Sisseehitatud m\u00e4lu:\u00a0128 GB, microSD tugi kuni 1 TB <\/li><li> Tagakaamera:\u00a0Kolmekordne (50 MP + 8 MP \u00fclilainurk + 2 MP makro) <\/li><li> Esikaamera:\u00a013 MP <\/li><li> Aku:\u00a05000 mAh, kiirlaadimise tugi 33 W <\/li><li> Operatsioonis\u00fcsteem:\u00a0MIUI 14, mis p\u00f5hineb Android 13-l <\/li><li> \u00dchenduvus:\u00a04G LTE, Wi-Fi 802.11 a\/b\/g\/n\/ac, Bluetooth 5.1, NFC, USB Type-C <\/li><li> M\u00f5\u00f5tmed:\u00a0165,7 x 76,1 x 7,9 mm <\/li><li> Kaal:\u00a0183,5 g <\/li><li> Lisaomadused:\u00a0K\u00fclgpaneelil asuv s\u00f5rmej\u00e4ljelugeja, pritsmekindlus (IP53). <\/li><\/ul>\n","protected":false},"excerpt":{"rendered":"<p>Telefon Redmi Note 12 6\/128GB + Kaane\u00a0, heas seisu- ja t\u00f6\u00f6korras! KIRJELDUS Mudel:\u00a0Redmi Note 12 Ekraan:\u00a06,67 tolli, AMOLED, resolutsioon 2400&#215;1080 (FHD+), v\u00e4rskendussagedus 120 Hz Protsessor:\u00a0Qualcomm Snapdragon 685, 8 tuuma (kuni 2,8 GHz) RAM:\u00a06 GB Sisseehitatud m\u00e4lu:\u00a0128 GB, microSD tugi kuni 1 TB Tagakaamera:\u00a0Kolmekordne (50 MP + 8 MP \u00fclilainurk + 2 MP makro) Esikaamera:\u00a013 MP [&hellip;]<\/p>\n","protected":false},"featured_media":26496,"comment_status":"closed","ping_status":"closed","template":"","meta":{"inline_featured_image":false},"product_brand":[],"product_cat":[171],"product_tag":[],"class_list":{"0":"post-26495","1":"product","2":"type-product","3":"status-publish","4":"has-post-thumbnail","6":"product_cat-mobilnye-telefony","7":"pa_asukoht-mustamae","8":"pa_seisukord-ispolzovano","10":"first","11":"outofstock","12":"taxable","13":"shipping-taxable","14":"purchasable","15":"product-type-simple"},"_links":{"self":[{"href":"https:\/\/a-pant.ee\/ru\/wp-json\/wp\/v2\/product\/26495","targetHints":{"allow":["GET"]}}],"collection":[{"href":"https:\/\/a-pant.ee\/ru\/wp-json\/wp\/v2\/product"}],"about":[{"href":"https:\/\/a-pant.ee\/ru\/wp-json\/wp\/v2\/types\/product"}],"replies":[{"embeddable":true,"href":"https:\/\/a-pant.ee\/ru\/wp-json\/wp\/v2\/comments?post=26495"}],"wp:featuredmedia":[{"embeddable":true,"href":"https:\/\/a-pant.ee\/ru\/wp-json\/wp\/v2\/media\/26496"}],"wp:attachment":[{"href":"https:\/\/a-pant.ee\/ru\/wp-json\/wp\/v2\/media?parent=26495"}],"wp:term":[{"taxonomy":"product_brand","embeddable":true,"href":"https:\/\/a-pant.ee\/ru\/wp-json\/wp\/v2\/product_brand?post=26495"},{"taxonomy":"product_cat","embeddable":true,"href":"https:\/\/a-pant.ee\/ru\/wp-json\/wp\/v2\/product_cat?post=26495"},{"taxonomy":"product_tag","embeddable":true,"href":"https:\/\/a-pant.ee\/ru\/wp-json\/wp\/v2\/product_tag?post=26495"}],"curies":[{"name":"wp","href":"https:\/\/api.w.org\/{rel}","templated":true}]}}