{"id":26489,"date":"2026-02-04T02:52:49","date_gmt":"2026-02-03T23:52:49","guid":{"rendered":"https:\/\/a-pant.ee\/product\/perforator-bosch-gbh-18v-21-akb-8-0ach\/"},"modified":"2026-02-22T12:33:18","modified_gmt":"2026-02-22T09:33:18","slug":"perforator-bosch-gbh-18v-21-akb-80ach","status":"publish","type":"product","link":"https:\/\/a-pant.ee\/ru\/product\/perforator-bosch-gbh-18v-21-akb-80ach\/","title":{"rendered":"\u041f\u0435\u0440\u0444\u043e\u0440\u0430\u0442\u043e\u0440 Bosch GBH 18V-21 + \u0410\u041a\u0411 8,0\u0410\u0427"},"content":{"rendered":"\n<p> Aku-Puurvasar Bosch GBH 18V-21 + AKU 8,0AH, heas seisu- ja t\u00f6\u00f6korras! <\/p><p> KIRJELDUS <\/p><ul><li> Maksimaalne l\u00f6\u00f6gienergia: 2 J <\/li><li> L\u00f6\u00f6gisagedus: 0 \u2013 5100 l\/min <\/li><li> Kiirus: 0 \u2013 1800 p\/min <\/li><li> Aku t\u00fc\u00fcp: 18 V <\/li><li> SDS-plus kinnitus <\/li><li> Maksimaalne puurimisl\u00e4bim\u00f5\u00f5t betoonis: 21 mm <\/li><li> Puurimisl\u00e4bim\u00f5\u00f5t metallis: kuni 13 mm <\/li><li> Puurimisl\u00e4bim\u00f5\u00f5t puidus: kuni 30 mm <\/li><li> Kaal: 3,07 kg (ilma akuta) <\/li><li> Omadused: harjavaba mootor, LED valgustus, 3 t\u00f6\u00f6re\u017eiimi (puurimine, l\u00f6\u00f6kpuurimine, meiseldamine) <\/li><\/ul>\n","protected":false},"excerpt":{"rendered":"<p>Aku-Puurvasar Bosch GBH 18V-21 + AKU 8,0AH, heas seisu- ja t\u00f6\u00f6korras! KIRJELDUS Maksimaalne l\u00f6\u00f6gienergia: 2 J L\u00f6\u00f6gisagedus: 0 \u2013 5100 l\/min Kiirus: 0 \u2013 1800 p\/min Aku t\u00fc\u00fcp: 18 V SDS-plus kinnitus Maksimaalne puurimisl\u00e4bim\u00f5\u00f5t betoonis: 21 mm Puurimisl\u00e4bim\u00f5\u00f5t metallis: kuni 13 mm Puurimisl\u00e4bim\u00f5\u00f5t puidus: kuni 30 mm Kaal: 3,07 kg (ilma akuta) Omadused: harjavaba mootor, [&hellip;]<\/p>\n","protected":false},"featured_media":26490,"comment_status":"closed","ping_status":"open","template":"","meta":{"inline_featured_image":false},"product_brand":[],"product_cat":[239],"product_tag":[],"class_list":{"0":"post-26489","1":"product","2":"type-product","3":"status-publish","4":"has-post-thumbnail","6":"product_cat-perforatory-i-dreli","7":"pa_asukoht-mustamae","8":"pa_seisukord-ispolzovano","10":"first","11":"instock","12":"taxable","13":"shipping-taxable","14":"purchasable","15":"product-type-simple"},"_links":{"self":[{"href":"https:\/\/a-pant.ee\/ru\/wp-json\/wp\/v2\/product\/26489","targetHints":{"allow":["GET"]}}],"collection":[{"href":"https:\/\/a-pant.ee\/ru\/wp-json\/wp\/v2\/product"}],"about":[{"href":"https:\/\/a-pant.ee\/ru\/wp-json\/wp\/v2\/types\/product"}],"replies":[{"embeddable":true,"href":"https:\/\/a-pant.ee\/ru\/wp-json\/wp\/v2\/comments?post=26489"}],"wp:featuredmedia":[{"embeddable":true,"href":"https:\/\/a-pant.ee\/ru\/wp-json\/wp\/v2\/media\/26490"}],"wp:attachment":[{"href":"https:\/\/a-pant.ee\/ru\/wp-json\/wp\/v2\/media?parent=26489"}],"wp:term":[{"taxonomy":"product_brand","embeddable":true,"href":"https:\/\/a-pant.ee\/ru\/wp-json\/wp\/v2\/product_brand?post=26489"},{"taxonomy":"product_cat","embeddable":true,"href":"https:\/\/a-pant.ee\/ru\/wp-json\/wp\/v2\/product_cat?post=26489"},{"taxonomy":"product_tag","embeddable":true,"href":"https:\/\/a-pant.ee\/ru\/wp-json\/wp\/v2\/product_tag?post=26489"}],"curies":[{"name":"wp","href":"https:\/\/api.w.org\/{rel}","templated":true}]}}