{"id":26483,"date":"2026-02-04T02:52:49","date_gmt":"2026-02-03T23:52:49","guid":{"rendered":"https:\/\/a-pant.ee\/product\/noutbuk-lenovo-ideapad-s320-15iil\/"},"modified":"2026-02-22T12:33:18","modified_gmt":"2026-02-22T09:33:18","slug":"noutbuk-lenovo-ideapad-s320-15iil-zaryadka","status":"publish","type":"product","link":"https:\/\/a-pant.ee\/ru\/product\/noutbuk-lenovo-ideapad-s320-15iil-zaryadka\/","title":{"rendered":"\u041d\u043e\u0443\u0442\u0431\u0443\u043a lenovo Ideapad s320-15iil + \u0417\u0430\u0440\u044f\u0434\u043a\u0430"},"content":{"rendered":"\n<p> S\u00fclearvuti lenovo Ideapad s320-15iil + Laadija\u00a0, <\/p><p> Nupp &#171;i&#187; puudub aga t\u00f6\u00f6tab. , t\u00f6\u00f6korras! <\/p><p> KIRJELDUS <\/p><p> Protsessor (CPU) : Intel I5-1035G1 1,20Ghz <\/p><p> Operatiiv m\u00e4lu : 20GB <\/p><p> Videokaart (CPU): Intel <\/p><p> K\u00f5vaketas: SSD 500 GB <\/p><p> Operatsioonis\u00fcsteem: Windows 11 Professional <\/p>\n","protected":false},"excerpt":{"rendered":"<p>S\u00fclearvuti lenovo Ideapad s320-15iil + Laadija\u00a0, Nupp &#171;i&#187; puudub aga t\u00f6\u00f6tab. , t\u00f6\u00f6korras! KIRJELDUS Protsessor (CPU) : Intel I5-1035G1 1,20Ghz Operatiiv m\u00e4lu : 20GB Videokaart (CPU): Intel K\u00f5vaketas: SSD 500 GB Operatsioonis\u00fcsteem: Windows 11 Professional<\/p>\n","protected":false},"featured_media":26484,"comment_status":"closed","ping_status":"open","template":"","meta":{"inline_featured_image":false},"product_brand":[],"product_cat":[179],"product_tag":[],"class_list":{"0":"post-26483","1":"product","2":"type-product","3":"status-publish","4":"has-post-thumbnail","6":"product_cat-noutbuki","7":"pa_asukoht-mustamae","8":"pa_seisukord-ispolzovano","10":"first","11":"instock","12":"taxable","13":"shipping-taxable","14":"purchasable","15":"product-type-simple"},"_links":{"self":[{"href":"https:\/\/a-pant.ee\/ru\/wp-json\/wp\/v2\/product\/26483","targetHints":{"allow":["GET"]}}],"collection":[{"href":"https:\/\/a-pant.ee\/ru\/wp-json\/wp\/v2\/product"}],"about":[{"href":"https:\/\/a-pant.ee\/ru\/wp-json\/wp\/v2\/types\/product"}],"replies":[{"embeddable":true,"href":"https:\/\/a-pant.ee\/ru\/wp-json\/wp\/v2\/comments?post=26483"}],"wp:featuredmedia":[{"embeddable":true,"href":"https:\/\/a-pant.ee\/ru\/wp-json\/wp\/v2\/media\/26484"}],"wp:attachment":[{"href":"https:\/\/a-pant.ee\/ru\/wp-json\/wp\/v2\/media?parent=26483"}],"wp:term":[{"taxonomy":"product_brand","embeddable":true,"href":"https:\/\/a-pant.ee\/ru\/wp-json\/wp\/v2\/product_brand?post=26483"},{"taxonomy":"product_cat","embeddable":true,"href":"https:\/\/a-pant.ee\/ru\/wp-json\/wp\/v2\/product_cat?post=26483"},{"taxonomy":"product_tag","embeddable":true,"href":"https:\/\/a-pant.ee\/ru\/wp-json\/wp\/v2\/product_tag?post=26483"}],"curies":[{"name":"wp","href":"https:\/\/api.w.org\/{rel}","templated":true}]}}