{"id":26471,"date":"2026-02-04T02:49:33","date_gmt":"2026-02-03T23:49:33","guid":{"rendered":"https:\/\/a-pant.ee\/product\/telefon-iphone-11-128gb-korobka\/"},"modified":"2026-02-22T12:35:24","modified_gmt":"2026-02-22T09:35:24","slug":"telefon-iphone-11-128gb-korobka","status":"publish","type":"product","link":"https:\/\/a-pant.ee\/ru\/product\/telefon-iphone-11-128gb-korobka\/","title":{"rendered":"\u0422\u0435\u043b\u0435\u0444\u043e\u043d Iphone 11 128GB + \u041a\u043e\u0440\u043e\u0431\u043a\u0430"},"content":{"rendered":"\n<p> Telefon Iphone 11 128GB + Karp, heas seisu- ja t\u00f6\u00f6korras! <\/p><p> KIRJELDUS <br \/> N\u00e4oga avamise autentimine <\/p><p> Standardne WiFi 802.11 a\/b\/g\/n\/ac\/ax <\/p><p> Bluetooth v5.0 standard <\/p><p> Juhtmeta NFC liidesed <\/p><p> GPS\/GLONASS navigatsioonis\u00fcsteemid <\/p><p> Andurid: valgusandur, l\u00e4hedusandur, kiirendusm\u00f5\u00f5tur (G-sensor), g\u00fcroskoop, baromeeter, n\u00e4o ID <\/p><p> IPS Liquid Retina HD ekraanitehnoloogia <\/p><p> Ekraan 6,1&#8243; (1792 x 828) <\/p><p> Ekraani kuvasuhe 19,5:9 <\/p><p> Piksleid tolli kohta 326 PPI <\/p><p> Heledus 625 cd\/m2 <\/p><p> Saadaval HDR-i tugi, HDR10 <\/p><p> Multipuuteekraani funktsioonid, ekraani v\u00e4ljal\u00f5ige <\/p><p> V\u00e4rskendussagedus 60Hz <\/p><p> Operatsioonis\u00fcsteem iOS <\/p><p> OS-i versioon iOS 13 v\u00e4ljaandmise ajal <\/p><p> Apple A13 Bionic protsessor <\/p><p> Protsessori tuumade arv 6 <\/p><p> Protsessori sagedus 2660 MHz <\/p><p> Protsessi tehnoloogia 7 nm <\/p><p> Apple GPU graafikakiirend <\/p><p> RAM-i maht 4 GB <\/p><p> Sisseehitatud m\u00e4lu 128 GB <\/p><p> Li-Ion aku, 3110 mAh, mitte eemaldatav <\/p>\n","protected":false},"excerpt":{"rendered":"<p>Telefon Iphone 11 128GB + Karp, heas seisu- ja t\u00f6\u00f6korras! KIRJELDUS N\u00e4oga avamise autentimine Standardne WiFi 802.11 a\/b\/g\/n\/ac\/ax Bluetooth v5.0 standard Juhtmeta NFC liidesed GPS\/GLONASS navigatsioonis\u00fcsteemid Andurid: valgusandur, l\u00e4hedusandur, kiirendusm\u00f5\u00f5tur (G-sensor), g\u00fcroskoop, baromeeter, n\u00e4o ID IPS Liquid Retina HD ekraanitehnoloogia Ekraan 6,1&#8243; (1792 x 828) Ekraani kuvasuhe 19,5:9 Piksleid tolli kohta 326 PPI Heledus 625 [&hellip;]<\/p>\n","protected":false},"featured_media":26472,"comment_status":"closed","ping_status":"open","template":"","meta":{"inline_featured_image":false},"product_brand":[],"product_cat":[171],"product_tag":[],"class_list":{"0":"post-26471","1":"product","2":"type-product","3":"status-publish","4":"has-post-thumbnail","6":"product_cat-mobilnye-telefony","7":"pa_asukoht-mustamae","8":"pa_seisukord-ispolzovano","10":"first","11":"instock","12":"taxable","13":"shipping-taxable","14":"purchasable","15":"product-type-simple"},"_links":{"self":[{"href":"https:\/\/a-pant.ee\/ru\/wp-json\/wp\/v2\/product\/26471","targetHints":{"allow":["GET"]}}],"collection":[{"href":"https:\/\/a-pant.ee\/ru\/wp-json\/wp\/v2\/product"}],"about":[{"href":"https:\/\/a-pant.ee\/ru\/wp-json\/wp\/v2\/types\/product"}],"replies":[{"embeddable":true,"href":"https:\/\/a-pant.ee\/ru\/wp-json\/wp\/v2\/comments?post=26471"}],"wp:featuredmedia":[{"embeddable":true,"href":"https:\/\/a-pant.ee\/ru\/wp-json\/wp\/v2\/media\/26472"}],"wp:attachment":[{"href":"https:\/\/a-pant.ee\/ru\/wp-json\/wp\/v2\/media?parent=26471"}],"wp:term":[{"taxonomy":"product_brand","embeddable":true,"href":"https:\/\/a-pant.ee\/ru\/wp-json\/wp\/v2\/product_brand?post=26471"},{"taxonomy":"product_cat","embeddable":true,"href":"https:\/\/a-pant.ee\/ru\/wp-json\/wp\/v2\/product_cat?post=26471"},{"taxonomy":"product_tag","embeddable":true,"href":"https:\/\/a-pant.ee\/ru\/wp-json\/wp\/v2\/product_tag?post=26471"}],"curies":[{"name":"wp","href":"https:\/\/api.w.org\/{rel}","templated":true}]}}