{"id":26465,"date":"2026-02-04T02:49:33","date_gmt":"2026-02-03T23:49:33","guid":{"rendered":"https:\/\/a-pant.ee\/product\/muzhskie-naruchnye-chasy-armani-ar2485\/"},"modified":"2026-02-22T12:35:24","modified_gmt":"2026-02-22T09:35:24","slug":"muzhskie-naruchnye-chasy-armani-ar2485","status":"publish","type":"product","link":"https:\/\/a-pant.ee\/ru\/product\/muzhskie-naruchnye-chasy-armani-ar2485\/","title":{"rendered":"\u041c\u0443\u0436\u0441\u043a\u0438\u0435 \u043d\u0430\u0440\u0443\u0447\u043d\u044b\u0435 \u0447\u0430\u0441\u044b Armani AR2485"},"content":{"rendered":"\n<p> Meeste k\u00e4ekell Armani AR2485,\u00a0heas seisu- ja t\u00f6\u00f6korras! <\/p><p> KIRJELDUS <\/p><p> Rihma v\u00e4rv: must <\/p><p> Kella korpuse v\u00e4rv: must <\/p><p> Sihverplaadi v\u00e4rv: must <\/p><p> Rihma materjal: teras <\/p><p> Klambri t\u00fc\u00fcp: surunupp <\/p><p> Veekindlus: 5 atm <\/p><p> Klaas: mineraal <\/p><p> Liikumise t\u00fc\u00fcp: kvarts <\/p><p> Kella korpuse materjal: teras Roostevaba teras <\/p><p> Kellakorpuse l\u00e4bim\u00f5\u00f5t: \u00d8 43 mm <\/p>\n","protected":false},"excerpt":{"rendered":"<p>Meeste k\u00e4ekell Armani AR2485,\u00a0heas seisu- ja t\u00f6\u00f6korras! KIRJELDUS Rihma v\u00e4rv: must Kella korpuse v\u00e4rv: must Sihverplaadi v\u00e4rv: must Rihma materjal: teras Klambri t\u00fc\u00fcp: surunupp Veekindlus: 5 atm Klaas: mineraal Liikumise t\u00fc\u00fcp: kvarts Kella korpuse materjal: teras Roostevaba teras Kellakorpuse l\u00e4bim\u00f5\u00f5t: \u00d8 43 mm<\/p>\n","protected":false},"featured_media":26466,"comment_status":"closed","ping_status":"open","template":"","meta":{"inline_featured_image":false},"product_brand":[],"product_cat":[211],"product_tag":[],"class_list":{"0":"post-26465","1":"product","2":"type-product","3":"status-publish","4":"has-post-thumbnail","6":"product_cat-muzhskie-chasy","7":"pa_asukoht-mustamae","8":"pa_seisukord-ispolzovano","10":"first","11":"instock","12":"taxable","13":"shipping-taxable","14":"purchasable","15":"product-type-simple"},"_links":{"self":[{"href":"https:\/\/a-pant.ee\/ru\/wp-json\/wp\/v2\/product\/26465","targetHints":{"allow":["GET"]}}],"collection":[{"href":"https:\/\/a-pant.ee\/ru\/wp-json\/wp\/v2\/product"}],"about":[{"href":"https:\/\/a-pant.ee\/ru\/wp-json\/wp\/v2\/types\/product"}],"replies":[{"embeddable":true,"href":"https:\/\/a-pant.ee\/ru\/wp-json\/wp\/v2\/comments?post=26465"}],"wp:featuredmedia":[{"embeddable":true,"href":"https:\/\/a-pant.ee\/ru\/wp-json\/wp\/v2\/media\/26466"}],"wp:attachment":[{"href":"https:\/\/a-pant.ee\/ru\/wp-json\/wp\/v2\/media?parent=26465"}],"wp:term":[{"taxonomy":"product_brand","embeddable":true,"href":"https:\/\/a-pant.ee\/ru\/wp-json\/wp\/v2\/product_brand?post=26465"},{"taxonomy":"product_cat","embeddable":true,"href":"https:\/\/a-pant.ee\/ru\/wp-json\/wp\/v2\/product_cat?post=26465"},{"taxonomy":"product_tag","embeddable":true,"href":"https:\/\/a-pant.ee\/ru\/wp-json\/wp\/v2\/product_tag?post=26465"}],"curies":[{"name":"wp","href":"https:\/\/api.w.org\/{rel}","templated":true}]}}