{"id":26459,"date":"2026-02-04T02:49:33","date_gmt":"2026-02-03T23:49:33","guid":{"rendered":"https:\/\/a-pant.ee\/product\/smartfon-redmi-note-10-128gb-4gb-korobka\/"},"modified":"2026-02-22T12:35:24","modified_gmt":"2026-02-22T09:35:24","slug":"smartfon-redmi-note-10-128gb-4gb-korobka","status":"publish","type":"product","link":"https:\/\/a-pant.ee\/ru\/product\/smartfon-redmi-note-10-128gb-4gb-korobka\/","title":{"rendered":"\u0421\u043c\u0430\u0440\u0442\u0444\u043e\u043d Redmi Note 10 128gb\/4gb + \u043a\u043e\u0440\u043e\u0431\u043a\u0430"},"content":{"rendered":"\n<p> Nutitelefon Redmi Note 10 128gb + Karp\u00a0, heas seisu- ja t\u00f6\u00f6korras! <\/p><p> KIRJELDUS <\/p><p> Ekraan <br \/> 6,5 tolli (2400 x 1080) AMOLED 90 Hz <br \/> M\u00e4lu <br \/> Sisseehitatud 128GB, RAM 4 GB <br \/> Foto <br \/> 3 kaamerat, Peamine 48 MP <br \/> Aku <br \/> 5000 mAh <br \/> Protsessor <br \/> MediaTek Dimensity 700 <br \/> SIM-kaardid <br \/> Dual nano SIM <\/p>\n","protected":false},"excerpt":{"rendered":"<p>Nutitelefon Redmi Note 10 128gb + Karp\u00a0, heas seisu- ja t\u00f6\u00f6korras! KIRJELDUS Ekraan 6,5 tolli (2400 x 1080) AMOLED 90 Hz M\u00e4lu Sisseehitatud 128GB, RAM 4 GB Foto 3 kaamerat, Peamine 48 MP Aku 5000 mAh Protsessor MediaTek Dimensity 700 SIM-kaardid Dual nano SIM<\/p>\n","protected":false},"featured_media":26460,"comment_status":"closed","ping_status":"open","template":"","meta":{"inline_featured_image":false},"product_brand":[],"product_cat":[171],"product_tag":[],"class_list":{"0":"post-26459","1":"product","2":"type-product","3":"status-publish","4":"has-post-thumbnail","6":"product_cat-mobilnye-telefony","7":"pa_asukoht-lasnamae","8":"pa_seisukord-ispolzovano","10":"first","11":"instock","12":"taxable","13":"shipping-taxable","14":"purchasable","15":"product-type-simple"},"_links":{"self":[{"href":"https:\/\/a-pant.ee\/ru\/wp-json\/wp\/v2\/product\/26459","targetHints":{"allow":["GET"]}}],"collection":[{"href":"https:\/\/a-pant.ee\/ru\/wp-json\/wp\/v2\/product"}],"about":[{"href":"https:\/\/a-pant.ee\/ru\/wp-json\/wp\/v2\/types\/product"}],"replies":[{"embeddable":true,"href":"https:\/\/a-pant.ee\/ru\/wp-json\/wp\/v2\/comments?post=26459"}],"wp:featuredmedia":[{"embeddable":true,"href":"https:\/\/a-pant.ee\/ru\/wp-json\/wp\/v2\/media\/26460"}],"wp:attachment":[{"href":"https:\/\/a-pant.ee\/ru\/wp-json\/wp\/v2\/media?parent=26459"}],"wp:term":[{"taxonomy":"product_brand","embeddable":true,"href":"https:\/\/a-pant.ee\/ru\/wp-json\/wp\/v2\/product_brand?post=26459"},{"taxonomy":"product_cat","embeddable":true,"href":"https:\/\/a-pant.ee\/ru\/wp-json\/wp\/v2\/product_cat?post=26459"},{"taxonomy":"product_tag","embeddable":true,"href":"https:\/\/a-pant.ee\/ru\/wp-json\/wp\/v2\/product_tag?post=26459"}],"curies":[{"name":"wp","href":"https:\/\/api.w.org\/{rel}","templated":true}]}}