{"id":26454,"date":"2026-02-04T02:49:33","date_gmt":"2026-02-03T23:49:33","guid":{"rendered":"https:\/\/a-pant.ee\/product\/perforator-ferm-fdhd-1100k1100\/"},"modified":"2026-02-22T12:35:23","modified_gmt":"2026-02-22T09:35:23","slug":"perforator-ferm-fdhd-1100k1100-yashhik","status":"publish","type":"product","link":"https:\/\/a-pant.ee\/ru\/product\/perforator-ferm-fdhd-1100k1100-yashhik\/","title":{"rendered":"\u041f\u0435\u0440\u0444\u043e\u0440\u0430\u0442\u043e\u0440 Ferm FDHD-1100K1100 + \u044f\u0449\u0438\u043a"},"content":{"rendered":"\n<p> Purvasar Ferm FDHD-1100K1100 + kohver\u00a0, heas seisu- ja t\u00f6\u00f6korras! <\/p><p> KIRJELDUS <\/p><p> pakett <br \/> juhtum <br \/> Maksimaalne l\u00f6\u00f6gij\u00f5ud <br \/> 4 J <br \/> Padruni t\u00fc\u00fcp <br \/> SDS-Plus <br \/> Maksimaalne puurimise l\u00e4bim\u00f5\u00f5t (betoon) <br \/> 30 mm <br \/> T\u00f6\u00f6re\u017eiimid <br \/> meiseldamine, puurimine <\/p>\n","protected":false},"excerpt":{"rendered":"<p>Purvasar Ferm FDHD-1100K1100 + kohver\u00a0, heas seisu- ja t\u00f6\u00f6korras! KIRJELDUS pakett juhtum Maksimaalne l\u00f6\u00f6gij\u00f5ud 4 J Padruni t\u00fc\u00fcp SDS-Plus Maksimaalne puurimise l\u00e4bim\u00f5\u00f5t (betoon) 30 mm T\u00f6\u00f6re\u017eiimid meiseldamine, puurimine<\/p>\n","protected":false},"featured_media":26455,"comment_status":"closed","ping_status":"open","template":"","meta":{"inline_featured_image":false},"product_brand":[],"product_cat":[239],"product_tag":[],"class_list":{"0":"post-26454","1":"product","2":"type-product","3":"status-publish","4":"has-post-thumbnail","6":"product_cat-perforatory-i-dreli","7":"pa_asukoht-mustamae","8":"pa_seisukord-ispolzovano","10":"first","11":"instock","12":"taxable","13":"shipping-taxable","14":"purchasable","15":"product-type-simple"},"_links":{"self":[{"href":"https:\/\/a-pant.ee\/ru\/wp-json\/wp\/v2\/product\/26454","targetHints":{"allow":["GET"]}}],"collection":[{"href":"https:\/\/a-pant.ee\/ru\/wp-json\/wp\/v2\/product"}],"about":[{"href":"https:\/\/a-pant.ee\/ru\/wp-json\/wp\/v2\/types\/product"}],"replies":[{"embeddable":true,"href":"https:\/\/a-pant.ee\/ru\/wp-json\/wp\/v2\/comments?post=26454"}],"wp:featuredmedia":[{"embeddable":true,"href":"https:\/\/a-pant.ee\/ru\/wp-json\/wp\/v2\/media\/26455"}],"wp:attachment":[{"href":"https:\/\/a-pant.ee\/ru\/wp-json\/wp\/v2\/media?parent=26454"}],"wp:term":[{"taxonomy":"product_brand","embeddable":true,"href":"https:\/\/a-pant.ee\/ru\/wp-json\/wp\/v2\/product_brand?post=26454"},{"taxonomy":"product_cat","embeddable":true,"href":"https:\/\/a-pant.ee\/ru\/wp-json\/wp\/v2\/product_cat?post=26454"},{"taxonomy":"product_tag","embeddable":true,"href":"https:\/\/a-pant.ee\/ru\/wp-json\/wp\/v2\/product_tag?post=26454"}],"curies":[{"name":"wp","href":"https:\/\/api.w.org\/{rel}","templated":true}]}}