{"id":26448,"date":"2026-02-04T02:49:33","date_gmt":"2026-02-03T23:49:33","guid":{"rendered":"https:\/\/a-pant.ee\/product\/akudrel-dewalt-dcd790\/"},"modified":"2026-02-22T12:35:23","modified_gmt":"2026-02-22T09:35:23","slug":"aku-drel-dewalt-dcd790-aku-2ah-zaryadka-chemodan","status":"publish","type":"product","link":"https:\/\/a-pant.ee\/ru\/product\/aku-drel-dewalt-dcd790-aku-2ah-zaryadka-chemodan\/","title":{"rendered":"\u0410\u043a\u0443-\u0434\u0440\u0435\u043b\u044c Dewalt DCD790 + \u0410\u043a\u0443 2AH + \u0417\u0430\u0440\u044f\u0434\u043a\u0430 + \u0427\u0435\u043c\u043e\u0434\u0430\u043d"},"content":{"rendered":"\n<p> Aku-trell Dewalt DCD790 + Aku 2AH + Laadija + Kohver, heas seisu- ja t\u00f6\u00f6korras! <\/p><p> KIRJELDUS <\/p><p> Maksimaalne p\u00f6\u00f6rdemoment: 60 Nm <\/p><p> Aku t\u00fc\u00fcp: Li-Ion <\/p><p> Aku pinge: 18V <\/p><p> Maksimaalne puuri l\u00e4bim\u00f5\u00f5t (metall): 13 mm <\/p><p> Maksimaalne puuri l\u00e4bim\u00f5\u00f5t (puit): 38 mm <\/p><p> Kaasas laadija: jah <\/p><p> Netokaal: 1,62 kg <\/p>\n","protected":false},"excerpt":{"rendered":"<p>Aku-trell Dewalt DCD790 + Aku 2AH + Laadija + Kohver, heas seisu- ja t\u00f6\u00f6korras! KIRJELDUS Maksimaalne p\u00f6\u00f6rdemoment: 60 Nm Aku t\u00fc\u00fcp: Li-Ion Aku pinge: 18V Maksimaalne puuri l\u00e4bim\u00f5\u00f5t (metall): 13 mm Maksimaalne puuri l\u00e4bim\u00f5\u00f5t (puit): 38 mm Kaasas laadija: jah Netokaal: 1,62 kg<\/p>\n","protected":false},"featured_media":26449,"comment_status":"closed","ping_status":"open","template":"","meta":{"inline_featured_image":false},"product_brand":[],"product_cat":[221],"product_tag":[],"class_list":{"0":"post-26448","1":"product","2":"type-product","3":"status-publish","4":"has-post-thumbnail","6":"product_cat-akkumulyatornye-dreli","7":"pa_asukoht-mustamae","8":"pa_seisukord-ispolzovano","10":"first","11":"instock","12":"taxable","13":"shipping-taxable","14":"purchasable","15":"product-type-simple"},"_links":{"self":[{"href":"https:\/\/a-pant.ee\/ru\/wp-json\/wp\/v2\/product\/26448","targetHints":{"allow":["GET"]}}],"collection":[{"href":"https:\/\/a-pant.ee\/ru\/wp-json\/wp\/v2\/product"}],"about":[{"href":"https:\/\/a-pant.ee\/ru\/wp-json\/wp\/v2\/types\/product"}],"replies":[{"embeddable":true,"href":"https:\/\/a-pant.ee\/ru\/wp-json\/wp\/v2\/comments?post=26448"}],"wp:featuredmedia":[{"embeddable":true,"href":"https:\/\/a-pant.ee\/ru\/wp-json\/wp\/v2\/media\/26449"}],"wp:attachment":[{"href":"https:\/\/a-pant.ee\/ru\/wp-json\/wp\/v2\/media?parent=26448"}],"wp:term":[{"taxonomy":"product_brand","embeddable":true,"href":"https:\/\/a-pant.ee\/ru\/wp-json\/wp\/v2\/product_brand?post=26448"},{"taxonomy":"product_cat","embeddable":true,"href":"https:\/\/a-pant.ee\/ru\/wp-json\/wp\/v2\/product_cat?post=26448"},{"taxonomy":"product_tag","embeddable":true,"href":"https:\/\/a-pant.ee\/ru\/wp-json\/wp\/v2\/product_tag?post=26448"}],"curies":[{"name":"wp","href":"https:\/\/api.w.org\/{rel}","templated":true}]}}