{"id":26441,"date":"2026-02-04T02:49:33","date_gmt":"2026-02-03T23:49:33","guid":{"rendered":"https:\/\/a-pant.ee\/product\/elektricheskiy-stepler-novus-j-105-eadhg-korobka\/"},"modified":"2026-02-22T12:35:23","modified_gmt":"2026-02-22T09:35:23","slug":"elektricheskij-stepler-novus-j-105-eadhg-korobka","status":"publish","type":"product","link":"https:\/\/a-pant.ee\/ru\/product\/elektricheskij-stepler-novus-j-105-eadhg-korobka\/","title":{"rendered":"\u042d\u043b\u0435\u043a\u0442\u0440\u0438\u0447\u0435\u0441\u043a\u0438\u0439 \u0441\u0442\u0435\u043f\u043b\u0435\u0440 Novus J-105 Eadhg + \u043a\u043e\u0440\u043e\u0431\u043a\u0430"},"content":{"rendered":"\n<p> Elekriline klamberdaja Novus J-105 Eadhg + karp\u00a0, heas seisu- ja t\u00f6\u00f6korras! <\/p><p> KIRJELDUS <\/p><p> Kategooria:\u00a0K\u00e4sit\u00f6\u00f6riistad <\/p><p> T\u00fc\u00fcp:\u00a0K\u00e4sip\u00fcstolid <\/p><p> Vaade:\u00a0T\u00e4psustamata, k\u00e4sip\u00fcstolid k\u00e4sit\u00f6\u00f6riistad <\/p><p> Etten\u00e4htud:\u00a0Sepistamine, t\u00f6\u00f6riistade t\u00f5mbamine <\/p><p> Kaubam\u00e4rk:\u00a0T\u00e4psustamata <\/p>\n","protected":false},"excerpt":{"rendered":"<p>Elekriline klamberdaja Novus J-105 Eadhg + karp\u00a0, heas seisu- ja t\u00f6\u00f6korras! KIRJELDUS Kategooria:\u00a0K\u00e4sit\u00f6\u00f6riistad T\u00fc\u00fcp:\u00a0K\u00e4sip\u00fcstolid Vaade:\u00a0T\u00e4psustamata, k\u00e4sip\u00fcstolid k\u00e4sit\u00f6\u00f6riistad Etten\u00e4htud:\u00a0Sepistamine, t\u00f6\u00f6riistade t\u00f5mbamine Kaubam\u00e4rk:\u00a0T\u00e4psustamata<\/p>\n","protected":false},"featured_media":26442,"comment_status":"closed","ping_status":"open","template":"","meta":{"inline_featured_image":false},"product_brand":[],"product_cat":[246],"product_tag":[],"class_list":{"0":"post-26441","1":"product","2":"type-product","3":"status-publish","4":"has-post-thumbnail","6":"product_cat-instrumenty-drugoe","7":"pa_asukoht-lasnamae","8":"pa_seisukord-ispolzovano","10":"first","11":"instock","12":"taxable","13":"shipping-taxable","14":"purchasable","15":"product-type-simple"},"_links":{"self":[{"href":"https:\/\/a-pant.ee\/ru\/wp-json\/wp\/v2\/product\/26441","targetHints":{"allow":["GET"]}}],"collection":[{"href":"https:\/\/a-pant.ee\/ru\/wp-json\/wp\/v2\/product"}],"about":[{"href":"https:\/\/a-pant.ee\/ru\/wp-json\/wp\/v2\/types\/product"}],"replies":[{"embeddable":true,"href":"https:\/\/a-pant.ee\/ru\/wp-json\/wp\/v2\/comments?post=26441"}],"wp:featuredmedia":[{"embeddable":true,"href":"https:\/\/a-pant.ee\/ru\/wp-json\/wp\/v2\/media\/26442"}],"wp:attachment":[{"href":"https:\/\/a-pant.ee\/ru\/wp-json\/wp\/v2\/media?parent=26441"}],"wp:term":[{"taxonomy":"product_brand","embeddable":true,"href":"https:\/\/a-pant.ee\/ru\/wp-json\/wp\/v2\/product_brand?post=26441"},{"taxonomy":"product_cat","embeddable":true,"href":"https:\/\/a-pant.ee\/ru\/wp-json\/wp\/v2\/product_cat?post=26441"},{"taxonomy":"product_tag","embeddable":true,"href":"https:\/\/a-pant.ee\/ru\/wp-json\/wp\/v2\/product_tag?post=26441"}],"curies":[{"name":"wp","href":"https:\/\/api.w.org\/{rel}","templated":true}]}}