{"id":26435,"date":"2026-02-04T02:49:33","date_gmt":"2026-02-03T23:49:33","guid":{"rendered":"https:\/\/a-pant.ee\/product\/naushniki-apple-airpods-gen-1-chehol\/"},"modified":"2026-02-22T12:35:23","modified_gmt":"2026-02-22T09:35:23","slug":"naushniki-apple-airpods-gen-1-chehol","status":"publish","type":"product","link":"https:\/\/a-pant.ee\/ru\/product\/naushniki-apple-airpods-gen-1-chehol\/","title":{"rendered":"\u041d\u0430\u0443\u0448\u043d\u0438\u043a\u0438 Apple Airpods Gen 1 + \u0427\u0435\u0445\u043e\u043b"},"content":{"rendered":"\n<p> K\u00f5rvaklappid Apple Airpods Gen 1, \u00dcmbris, heas seisu- ja t\u00f6\u00f6korras! <\/p><p> KIRJELDUS <\/p><ul><li> K\u00f5rvaklappide t\u00fc\u00fcp: K\u00f5rvaklapid <\/li><li> Kiip: W1 <\/li><li> \u00dchendus: Bluetooth 4.2 <\/li><li> Aku kestvus: Kuni 5 tundi muusika kuulamist v\u00f5i kuni 2 tundi k\u00f5neaega \u00fche laadimisega <\/li><li> Laadimiskarp: Pakub kuni 24 tundi aku kestvust <\/li><li> Laadimine: Lightning-kaabel <\/li><li> Mikrofonid: Topeltmikrofonid m\u00fcrasummutusega <\/li><li> Andurid: Optilised sensorid, liikumis- ja k\u00f5netuvastuse kiirendusm\u00f5\u00f5tur <\/li><li> \u00dchilduvus: iPhone, iPad, Apple Watch, Mac ja muud Bluetoothi toetavad seadmed <\/li><\/ul>\n","protected":false},"excerpt":{"rendered":"<p>K\u00f5rvaklappid Apple Airpods Gen 1, \u00dcmbris, heas seisu- ja t\u00f6\u00f6korras! KIRJELDUS K\u00f5rvaklappide t\u00fc\u00fcp: K\u00f5rvaklapid Kiip: W1 \u00dchendus: Bluetooth 4.2 Aku kestvus: Kuni 5 tundi muusika kuulamist v\u00f5i kuni 2 tundi k\u00f5neaega \u00fche laadimisega Laadimiskarp: Pakub kuni 24 tundi aku kestvust Laadimine: Lightning-kaabel Mikrofonid: Topeltmikrofonid m\u00fcrasummutusega Andurid: Optilised sensorid, liikumis- ja k\u00f5netuvastuse kiirendusm\u00f5\u00f5tur \u00dchilduvus: iPhone, iPad, [&hellip;]<\/p>\n","protected":false},"featured_media":26436,"comment_status":"closed","ping_status":"closed","template":"","meta":{"inline_featured_image":false},"product_brand":[],"product_cat":[168],"product_tag":[],"class_list":{"0":"post-26435","1":"product","2":"type-product","3":"status-publish","4":"has-post-thumbnail","6":"product_cat-naushniki","7":"pa_asukoht-mustamae","8":"pa_seisukord-ispolzovano","10":"first","11":"outofstock","12":"taxable","13":"shipping-taxable","14":"purchasable","15":"product-type-simple"},"_links":{"self":[{"href":"https:\/\/a-pant.ee\/ru\/wp-json\/wp\/v2\/product\/26435","targetHints":{"allow":["GET"]}}],"collection":[{"href":"https:\/\/a-pant.ee\/ru\/wp-json\/wp\/v2\/product"}],"about":[{"href":"https:\/\/a-pant.ee\/ru\/wp-json\/wp\/v2\/types\/product"}],"replies":[{"embeddable":true,"href":"https:\/\/a-pant.ee\/ru\/wp-json\/wp\/v2\/comments?post=26435"}],"wp:featuredmedia":[{"embeddable":true,"href":"https:\/\/a-pant.ee\/ru\/wp-json\/wp\/v2\/media\/26436"}],"wp:attachment":[{"href":"https:\/\/a-pant.ee\/ru\/wp-json\/wp\/v2\/media?parent=26435"}],"wp:term":[{"taxonomy":"product_brand","embeddable":true,"href":"https:\/\/a-pant.ee\/ru\/wp-json\/wp\/v2\/product_brand?post=26435"},{"taxonomy":"product_cat","embeddable":true,"href":"https:\/\/a-pant.ee\/ru\/wp-json\/wp\/v2\/product_cat?post=26435"},{"taxonomy":"product_tag","embeddable":true,"href":"https:\/\/a-pant.ee\/ru\/wp-json\/wp\/v2\/product_tag?post=26435"}],"curies":[{"name":"wp","href":"https:\/\/api.w.org\/{rel}","templated":true}]}}