{"id":26428,"date":"2026-02-04T02:49:33","date_gmt":"2026-02-03T23:49:33","guid":{"rendered":"https:\/\/a-pant.ee\/product\/akudrel-dewalt-dcd734-2-akb-zaryadka-keis\/"},"modified":"2026-02-22T12:35:23","modified_gmt":"2026-02-22T09:35:23","slug":"akudrel-dewalt-dcd734-akb-2sht-zaryadka-kejs","status":"publish","type":"product","link":"https:\/\/a-pant.ee\/ru\/product\/akudrel-dewalt-dcd734-akb-2sht-zaryadka-kejs\/","title":{"rendered":"\u0410\u043a\u0443\u0434\u0440\u0435\u043b\u044c Dewalt DCD734 + \u0410\u041a\u0411 2\u0448\u0442. + \u0417\u0430\u0440\u044f\u0434\u043a\u0430 + \u041a\u0435\u0439\u0441"},"content":{"rendered":"\n<p> Akutrell Dewalt DCD734 + Akud 2tk + Laadija + Kohver, heas seisu- ja t\u00f6\u00f6korras! <\/p><p> KIRJELDUS <\/p><ul><li> Mudel:\u00a0DeWalt DCD734 <\/li><li> T\u00fc\u00fcp:\u00a0Juhtmeta akutrell-kruvikeeraja <\/li><li> V\u00f5imsus:\u00a014,4 V <\/li><li> Aku t\u00fc\u00fcp:\u00a0Liitium-ioon, 1,3 Ah <\/li><li> Kiirused:\u00a02 (0-400 p\/min ja 0-1500 p\/min) <\/li><li> Maksimaalne p\u00f6\u00f6rdemoment:\u00a030 Nm <\/li><li> Maksimaalne puurimisl\u00e4bim\u00f5\u00f5t: <ul><li> Puit: 30 mm <\/li><li> Metall: 10 mm <\/li><\/ul><\/li><li> Padrun:\u00a0V\u00f5tmeta, 10 mm <\/li><li> T\u00f6\u00f6re\u017eiimid:\u00a0Puurimine, kruvimine <\/li><li> Omadused:\u00a0P\u00f6\u00f6rdemomendi reguleerimine (15 asendit), p\u00f6\u00f6rdsuunavahetus, sisseehitatud LED-valgustus <\/li><li> Kaal:\u00a01,65 kg <\/li><li> Lisa:\u00a0Ergonoomiline k\u00e4epide, kompaktne disain mugavaks t\u00f6\u00f6tamiseks kitsastes kohtades. <\/li><\/ul>\n","protected":false},"excerpt":{"rendered":"<p>Akutrell Dewalt DCD734 + Akud 2tk + Laadija + Kohver, heas seisu- ja t\u00f6\u00f6korras! KIRJELDUS Mudel:\u00a0DeWalt DCD734 T\u00fc\u00fcp:\u00a0Juhtmeta akutrell-kruvikeeraja V\u00f5imsus:\u00a014,4 V Aku t\u00fc\u00fcp:\u00a0Liitium-ioon, 1,3 Ah Kiirused:\u00a02 (0-400 p\/min ja 0-1500 p\/min) Maksimaalne p\u00f6\u00f6rdemoment:\u00a030 Nm Maksimaalne puurimisl\u00e4bim\u00f5\u00f5t: Puit: 30 mm Metall: 10 mm Padrun:\u00a0V\u00f5tmeta, 10 mm T\u00f6\u00f6re\u017eiimid:\u00a0Puurimine, kruvimine Omadused:\u00a0P\u00f6\u00f6rdemomendi reguleerimine (15 asendit), p\u00f6\u00f6rdsuunavahetus, sisseehitatud LED-valgustus Kaal:\u00a01,65 [&hellip;]<\/p>\n","protected":false},"featured_media":26429,"comment_status":"closed","ping_status":"open","template":"","meta":{"inline_featured_image":false},"product_brand":[],"product_cat":[221],"product_tag":[],"class_list":{"0":"post-26428","1":"product","2":"type-product","3":"status-publish","4":"has-post-thumbnail","6":"product_cat-akkumulyatornye-dreli","7":"pa_asukoht-mustamae","8":"pa_seisukord-ispolzovano","10":"first","11":"instock","12":"taxable","13":"shipping-taxable","14":"purchasable","15":"product-type-simple"},"_links":{"self":[{"href":"https:\/\/a-pant.ee\/ru\/wp-json\/wp\/v2\/product\/26428","targetHints":{"allow":["GET"]}}],"collection":[{"href":"https:\/\/a-pant.ee\/ru\/wp-json\/wp\/v2\/product"}],"about":[{"href":"https:\/\/a-pant.ee\/ru\/wp-json\/wp\/v2\/types\/product"}],"replies":[{"embeddable":true,"href":"https:\/\/a-pant.ee\/ru\/wp-json\/wp\/v2\/comments?post=26428"}],"wp:featuredmedia":[{"embeddable":true,"href":"https:\/\/a-pant.ee\/ru\/wp-json\/wp\/v2\/media\/26429"}],"wp:attachment":[{"href":"https:\/\/a-pant.ee\/ru\/wp-json\/wp\/v2\/media?parent=26428"}],"wp:term":[{"taxonomy":"product_brand","embeddable":true,"href":"https:\/\/a-pant.ee\/ru\/wp-json\/wp\/v2\/product_brand?post=26428"},{"taxonomy":"product_cat","embeddable":true,"href":"https:\/\/a-pant.ee\/ru\/wp-json\/wp\/v2\/product_cat?post=26428"},{"taxonomy":"product_tag","embeddable":true,"href":"https:\/\/a-pant.ee\/ru\/wp-json\/wp\/v2\/product_tag?post=26428"}],"curies":[{"name":"wp","href":"https:\/\/api.w.org\/{rel}","templated":true}]}}