{"id":26422,"date":"2026-02-04T02:49:33","date_gmt":"2026-02-03T23:49:33","guid":{"rendered":"https:\/\/a-pant.ee\/product\/makita-akkumulyator-6-0ah\/"},"modified":"2026-02-22T12:35:23","modified_gmt":"2026-02-22T09:35:23","slug":"makita-akkumulyator-60ah","status":"publish","type":"product","link":"https:\/\/a-pant.ee\/ru\/product\/makita-akkumulyator-60ah\/","title":{"rendered":"Makita \u0410\u043a\u043a\u0443\u043c\u0443\u043b\u044f\u0442\u043e\u0440 6,0AH"},"content":{"rendered":"\n<p> Makita AKU 6,0AH, heas seisu- ja t\u00f6\u00f6korras! <\/p><p> KIRJELDUS <\/p><p><br \/> Mudel:\u00a0Makita BL1860B <\/p><ul><li> Aku t\u00fc\u00fcp:\u00a0Liitium-ioon (Li-Ion) <\/li><li> Mahutavus:\u00a06,0 Ah <\/li><li> Pinge:\u00a018 V <\/li><li> Laadimisaeg:\u00a0Umbes 55 minutit laadijaga Makita DC18RC <\/li><li> \u00dchilduvus:\u00a0Sobib k\u00f5ikidele 18 V LXT platvormiga Makita t\u00f6\u00f6riistadele <\/li><li> Laetuse n\u00e4idik:\u00a0Sisseehitatud n\u00e4idik aku laetustaseme kuvamiseks <\/li><li> Omadused:\u00a0M\u00e4luefekti puudumine, kaitse \u00fclekuumenemise, t\u00fchjenemise ja \u00fclekoormuse eest <\/li><li> Kaal:\u00a00,6 kg <\/li><li> Muu:\u00a0Suurenenud mahutavus v\u00f5imaldab pikemat t\u00f6\u00f6aega \u00fche laadimisega ja stabiilset j\u00f5udlust. <\/li><\/ul>\n","protected":false},"excerpt":{"rendered":"<p>Makita AKU 6,0AH, heas seisu- ja t\u00f6\u00f6korras! KIRJELDUS Mudel:\u00a0Makita BL1860B Aku t\u00fc\u00fcp:\u00a0Liitium-ioon (Li-Ion) Mahutavus:\u00a06,0 Ah Pinge:\u00a018 V Laadimisaeg:\u00a0Umbes 55 minutit laadijaga Makita DC18RC \u00dchilduvus:\u00a0Sobib k\u00f5ikidele 18 V LXT platvormiga Makita t\u00f6\u00f6riistadele Laetuse n\u00e4idik:\u00a0Sisseehitatud n\u00e4idik aku laetustaseme kuvamiseks Omadused:\u00a0M\u00e4luefekti puudumine, kaitse \u00fclekuumenemise, t\u00fchjenemise ja \u00fclekoormuse eest Kaal:\u00a00,6 kg Muu:\u00a0Suurenenud mahutavus v\u00f5imaldab pikemat t\u00f6\u00f6aega \u00fche laadimisega ja [&hellip;]<\/p>\n","protected":false},"featured_media":26423,"comment_status":"closed","ping_status":"closed","template":"","meta":{"inline_featured_image":false},"product_brand":[],"product_cat":[223],"product_tag":[],"class_list":{"0":"post-26422","1":"product","2":"type-product","3":"status-publish","4":"has-post-thumbnail","6":"product_cat-vsyo-dlya-instrumenta","7":"pa_asukoht-mustamae","8":"pa_seisukord-ispolzovano","10":"first","11":"outofstock","12":"taxable","13":"shipping-taxable","14":"purchasable","15":"product-type-simple"},"_links":{"self":[{"href":"https:\/\/a-pant.ee\/ru\/wp-json\/wp\/v2\/product\/26422","targetHints":{"allow":["GET"]}}],"collection":[{"href":"https:\/\/a-pant.ee\/ru\/wp-json\/wp\/v2\/product"}],"about":[{"href":"https:\/\/a-pant.ee\/ru\/wp-json\/wp\/v2\/types\/product"}],"replies":[{"embeddable":true,"href":"https:\/\/a-pant.ee\/ru\/wp-json\/wp\/v2\/comments?post=26422"}],"wp:featuredmedia":[{"embeddable":true,"href":"https:\/\/a-pant.ee\/ru\/wp-json\/wp\/v2\/media\/26423"}],"wp:attachment":[{"href":"https:\/\/a-pant.ee\/ru\/wp-json\/wp\/v2\/media?parent=26422"}],"wp:term":[{"taxonomy":"product_brand","embeddable":true,"href":"https:\/\/a-pant.ee\/ru\/wp-json\/wp\/v2\/product_brand?post=26422"},{"taxonomy":"product_cat","embeddable":true,"href":"https:\/\/a-pant.ee\/ru\/wp-json\/wp\/v2\/product_cat?post=26422"},{"taxonomy":"product_tag","embeddable":true,"href":"https:\/\/a-pant.ee\/ru\/wp-json\/wp\/v2\/product_tag?post=26422"}],"curies":[{"name":"wp","href":"https:\/\/api.w.org\/{rel}","templated":true}]}}