{"id":26416,"date":"2026-02-04T02:49:33","date_gmt":"2026-02-03T23:49:33","guid":{"rendered":"https:\/\/a-pant.ee\/product\/akudrel-makita-dhp485-bez-akb\/"},"modified":"2026-02-22T12:35:22","modified_gmt":"2026-02-22T09:35:22","slug":"akudrel-makita-dhp485-bez-akb","status":"publish","type":"product","link":"https:\/\/a-pant.ee\/ru\/product\/akudrel-makita-dhp485-bez-akb\/","title":{"rendered":"\u0410\u043a\u0443\u0434\u0440\u0435\u043b\u044c Makita DHP485 \u0431\u0435\u0437 \u0410\u041a\u0411"},"content":{"rendered":"\n<p> Akutrell Makita DHP485 Ilma AKU, heas seisu- ja t\u00f6\u00f6korras! <\/p><p> KIRJELDUS <\/p><ul><li> Mudel:\u00a0Makita DHP485 <\/li><li> T\u00fc\u00fcp:\u00a0Juhtmeta l\u00f6\u00f6kpuur-trell <\/li><li> Maksimaalne p\u00f6\u00f6rdemoment:\u00a050 Nm (k\u00f5va) \/ 27 Nm (pehme) <\/li><li> Kiirused:\u00a02 kiirust (0-500 p\/min ja 0-1900 p\/min) <\/li><li> L\u00f6\u00f6gisagedus:\u00a00-28,500 l\u00f6\u00f6ki\/min <\/li><li> Padrun:\u00a0V\u00f5tmeta, 13 mm <\/li><li> Maksimaalne puurimisl\u00e4bim\u00f5\u00f5t:\u00a0Metall \u2013 13 mm, puit \u2013 38 mm, tellis \u2013 13 mm <\/li><li> Kaal:\u00a01,5 kg <\/li><li> Toide:\u00a018V Li-Ion aku (ei kuulu komplekti) <\/li><li> Lisafunktsioonid:\u00a0LED-valgustus, p\u00f6\u00f6rdsuunavahetus, kompaktne ja kerge disain, tolmu ja niiskuse kaitse (XPT tehnoloogia) <\/li><li> Kasutamine:\u00a0Sobib puurimiseks, kruvide keeramiseks ja l\u00f6\u00f6kpuurimiseks tellisesse ja betooni. <\/li><\/ul>\n","protected":false},"excerpt":{"rendered":"<p>Akutrell Makita DHP485 Ilma AKU, heas seisu- ja t\u00f6\u00f6korras! KIRJELDUS Mudel:\u00a0Makita DHP485 T\u00fc\u00fcp:\u00a0Juhtmeta l\u00f6\u00f6kpuur-trell Maksimaalne p\u00f6\u00f6rdemoment:\u00a050 Nm (k\u00f5va) \/ 27 Nm (pehme) Kiirused:\u00a02 kiirust (0-500 p\/min ja 0-1900 p\/min) L\u00f6\u00f6gisagedus:\u00a00-28,500 l\u00f6\u00f6ki\/min Padrun:\u00a0V\u00f5tmeta, 13 mm Maksimaalne puurimisl\u00e4bim\u00f5\u00f5t:\u00a0Metall \u2013 13 mm, puit \u2013 38 mm, tellis \u2013 13 mm Kaal:\u00a01,5 kg Toide:\u00a018V Li-Ion aku (ei kuulu komplekti) [&hellip;]<\/p>\n","protected":false},"featured_media":26417,"comment_status":"closed","ping_status":"open","template":"","meta":{"inline_featured_image":false},"product_brand":[],"product_cat":[221],"product_tag":[],"class_list":{"0":"post-26416","1":"product","2":"type-product","3":"status-publish","4":"has-post-thumbnail","6":"product_cat-akkumulyatornye-dreli","7":"pa_asukoht-mustamae","8":"pa_seisukord-ispolzovano","10":"first","11":"instock","12":"taxable","13":"shipping-taxable","14":"purchasable","15":"product-type-simple"},"_links":{"self":[{"href":"https:\/\/a-pant.ee\/ru\/wp-json\/wp\/v2\/product\/26416","targetHints":{"allow":["GET"]}}],"collection":[{"href":"https:\/\/a-pant.ee\/ru\/wp-json\/wp\/v2\/product"}],"about":[{"href":"https:\/\/a-pant.ee\/ru\/wp-json\/wp\/v2\/types\/product"}],"replies":[{"embeddable":true,"href":"https:\/\/a-pant.ee\/ru\/wp-json\/wp\/v2\/comments?post=26416"}],"wp:featuredmedia":[{"embeddable":true,"href":"https:\/\/a-pant.ee\/ru\/wp-json\/wp\/v2\/media\/26417"}],"wp:attachment":[{"href":"https:\/\/a-pant.ee\/ru\/wp-json\/wp\/v2\/media?parent=26416"}],"wp:term":[{"taxonomy":"product_brand","embeddable":true,"href":"https:\/\/a-pant.ee\/ru\/wp-json\/wp\/v2\/product_brand?post=26416"},{"taxonomy":"product_cat","embeddable":true,"href":"https:\/\/a-pant.ee\/ru\/wp-json\/wp\/v2\/product_cat?post=26416"},{"taxonomy":"product_tag","embeddable":true,"href":"https:\/\/a-pant.ee\/ru\/wp-json\/wp\/v2\/product_tag?post=26416"}],"curies":[{"name":"wp","href":"https:\/\/api.w.org\/{rel}","templated":true}]}}