{"id":26384,"date":"2026-02-04T02:49:33","date_gmt":"2026-02-03T23:49:33","guid":{"rendered":"https:\/\/a-pant.ee\/product\/monitor-dell-ultrasharp-u2412m\/"},"modified":"2026-02-22T12:35:22","modified_gmt":"2026-02-22T09:35:22","slug":"monitor-dell-ultrasharp-u2412m-provod","status":"publish","type":"product","link":"https:\/\/a-pant.ee\/ru\/product\/monitor-dell-ultrasharp-u2412m-provod\/","title":{"rendered":"\u041c\u043e\u043d\u0438\u0442\u043e\u0440 Dell UltraSharp U2412M + \u041f\u0440\u043e\u0432\u043e\u0434"},"content":{"rendered":"\n<p> Monitor Dell UltraSharp U2412M + Juhe, heas seisu- ja t\u00f6\u00f6korras! <\/p><p> KIRJELDUS <br \/> ekraani suurus: 24&#8243; <\/p><p> laiekraan E-IPS maatriks eraldusv\u00f5imega 1920&#215;1200, kuvasuhe 16:10. <\/p><p> reageerimisaeg 8 ms. Heledus 300cd\/m2 <\/p><p> vaateala: horisontaalne: 178\u00b0, vertikaalne: 178\u00b0 <\/p><p> \u00fchenduspistikud: VGA, DVI-D, DisplayPort <\/p><p> USB-jaotur: 4x USB-t\u00fc\u00fcpi A, 1x USB-t\u00fc\u00fcpi B. <\/p>\n","protected":false},"excerpt":{"rendered":"<p>Monitor Dell UltraSharp U2412M + Juhe, heas seisu- ja t\u00f6\u00f6korras! KIRJELDUS ekraani suurus: 24&#8243; laiekraan E-IPS maatriks eraldusv\u00f5imega 1920&#215;1200, kuvasuhe 16:10. reageerimisaeg 8 ms. Heledus 300cd\/m2 vaateala: horisontaalne: 178\u00b0, vertikaalne: 178\u00b0 \u00fchenduspistikud: VGA, DVI-D, DisplayPort USB-jaotur: 4x USB-t\u00fc\u00fcpi A, 1x USB-t\u00fc\u00fcpi B.<\/p>\n","protected":false},"featured_media":26385,"comment_status":"closed","ping_status":"closed","template":"","meta":{"inline_featured_image":false},"product_brand":[],"product_cat":[173],"product_tag":[],"class_list":{"0":"post-26384","1":"product","2":"type-product","3":"status-publish","4":"has-post-thumbnail","6":"product_cat-monitory","7":"product_shipping_class-oversize","8":"pa_asukoht-mustamae","9":"pa_seisukord-ispolzovano","11":"first","12":"instock","13":"taxable","14":"shipping-taxable","15":"purchasable","16":"product-type-simple"},"_links":{"self":[{"href":"https:\/\/a-pant.ee\/ru\/wp-json\/wp\/v2\/product\/26384","targetHints":{"allow":["GET"]}}],"collection":[{"href":"https:\/\/a-pant.ee\/ru\/wp-json\/wp\/v2\/product"}],"about":[{"href":"https:\/\/a-pant.ee\/ru\/wp-json\/wp\/v2\/types\/product"}],"replies":[{"embeddable":true,"href":"https:\/\/a-pant.ee\/ru\/wp-json\/wp\/v2\/comments?post=26384"}],"wp:featuredmedia":[{"embeddable":true,"href":"https:\/\/a-pant.ee\/ru\/wp-json\/wp\/v2\/media\/26385"}],"wp:attachment":[{"href":"https:\/\/a-pant.ee\/ru\/wp-json\/wp\/v2\/media?parent=26384"}],"wp:term":[{"taxonomy":"product_brand","embeddable":true,"href":"https:\/\/a-pant.ee\/ru\/wp-json\/wp\/v2\/product_brand?post=26384"},{"taxonomy":"product_cat","embeddable":true,"href":"https:\/\/a-pant.ee\/ru\/wp-json\/wp\/v2\/product_cat?post=26384"},{"taxonomy":"product_tag","embeddable":true,"href":"https:\/\/a-pant.ee\/ru\/wp-json\/wp\/v2\/product_tag?post=26384"}],"curies":[{"name":"wp","href":"https:\/\/api.w.org\/{rel}","templated":true}]}}