{"id":26369,"date":"2026-02-04T02:49:33","date_gmt":"2026-02-03T23:49:33","guid":{"rendered":"https:\/\/a-pant.ee\/product\/multitul-bosch-gop-18v-28\/"},"modified":"2026-02-22T12:35:21","modified_gmt":"2026-02-22T09:35:21","slug":"multitul-bosch-gop-18v-28-aku-60ach","status":"publish","type":"product","link":"https:\/\/a-pant.ee\/ru\/product\/multitul-bosch-gop-18v-28-aku-60ach\/","title":{"rendered":"\u041c\u0443\u043b\u044c\u0442\u0438\u0442\u0443\u043b Bosch GOP 18V-28 + \u0410\u043a\u0443 6,0\u0410\u0447"},"content":{"rendered":"\n<p> Multit\u00f6\u00f6riist Bosch GOP 18V-28 + aku 2tk + laadija + kovher\u00a0, heas seisu- ja t\u00f6\u00f6korras! <\/p><p> KIRJELDUS <\/p><p> Kiirus: 8000-20000 p\/min <br \/> V\u00f5nkenurk, vasak\/pare: 1,4\u00b0 <br \/> Aku t\u00fc\u00fcp: Li-ion <br \/> Aku pinge: 18V <br \/> LIHISTAMINE: <br \/> Vibratsiooni v\u00e4\u00e4rtus ah: 3,4 m\/s\u00b2 <br \/> Ebat\u00e4psustegur K: 1,5 m\/s\u00b2 <br \/> SAAGIMINE PISK-SAETERAGA: <br \/> Vibratsiooni v\u00e4\u00e4rtus ah: 8 m\/s\u00b2 <br \/> Ebat\u00e4psustegur K: 1,5 m\/s\u00b2 <\/p>\n","protected":false},"excerpt":{"rendered":"<p>Multit\u00f6\u00f6riist Bosch GOP 18V-28 + aku 2tk + laadija + kovher\u00a0, heas seisu- ja t\u00f6\u00f6korras! KIRJELDUS Kiirus: 8000-20000 p\/min V\u00f5nkenurk, vasak\/pare: 1,4\u00b0 Aku t\u00fc\u00fcp: Li-ion Aku pinge: 18V LIHISTAMINE: Vibratsiooni v\u00e4\u00e4rtus ah: 3,4 m\/s\u00b2 Ebat\u00e4psustegur K: 1,5 m\/s\u00b2 SAAGIMINE PISK-SAETERAGA: Vibratsiooni v\u00e4\u00e4rtus ah: 8 m\/s\u00b2 Ebat\u00e4psustegur K: 1,5 m\/s\u00b2<\/p>\n","protected":false},"featured_media":26370,"comment_status":"closed","ping_status":"open","template":"","meta":{"inline_featured_image":false},"product_brand":[],"product_cat":[247],"product_tag":[],"class_list":{"0":"post-26369","1":"product","2":"type-product","3":"status-publish","4":"has-post-thumbnail","6":"product_cat-universalnye-instrumenty","7":"pa_asukoht-lasnamae","8":"pa_seisukord-ispolzovano","10":"first","11":"instock","12":"taxable","13":"shipping-taxable","14":"purchasable","15":"product-type-simple"},"_links":{"self":[{"href":"https:\/\/a-pant.ee\/ru\/wp-json\/wp\/v2\/product\/26369","targetHints":{"allow":["GET"]}}],"collection":[{"href":"https:\/\/a-pant.ee\/ru\/wp-json\/wp\/v2\/product"}],"about":[{"href":"https:\/\/a-pant.ee\/ru\/wp-json\/wp\/v2\/types\/product"}],"replies":[{"embeddable":true,"href":"https:\/\/a-pant.ee\/ru\/wp-json\/wp\/v2\/comments?post=26369"}],"wp:featuredmedia":[{"embeddable":true,"href":"https:\/\/a-pant.ee\/ru\/wp-json\/wp\/v2\/media\/26370"}],"wp:attachment":[{"href":"https:\/\/a-pant.ee\/ru\/wp-json\/wp\/v2\/media?parent=26369"}],"wp:term":[{"taxonomy":"product_brand","embeddable":true,"href":"https:\/\/a-pant.ee\/ru\/wp-json\/wp\/v2\/product_brand?post=26369"},{"taxonomy":"product_cat","embeddable":true,"href":"https:\/\/a-pant.ee\/ru\/wp-json\/wp\/v2\/product_cat?post=26369"},{"taxonomy":"product_tag","embeddable":true,"href":"https:\/\/a-pant.ee\/ru\/wp-json\/wp\/v2\/product_tag?post=26369"}],"curies":[{"name":"wp","href":"https:\/\/api.w.org\/{rel}","templated":true}]}}