{"id":26363,"date":"2026-02-04T02:49:33","date_gmt":"2026-02-03T23:49:33","guid":{"rendered":"https:\/\/a-pant.ee\/product\/playstation-move-navigation-controller-2sht-cech-zcs1e\/"},"modified":"2026-02-22T12:35:21","modified_gmt":"2026-02-22T09:35:21","slug":"playstation-move-navigation-controller-2sht-cech-zcs1e","status":"publish","type":"product","link":"https:\/\/a-pant.ee\/ru\/product\/playstation-move-navigation-controller-2sht-cech-zcs1e\/","title":{"rendered":"Playstation Move Navigation Controller 2\u0448\u0442 CECH-ZCS1E"},"content":{"rendered":"\n<p> Playstation Move Navigation Controller 2tk CECH-ZCS1E\u00a0, heas seisu- ja t\u00f6\u00f6korras! <\/p><p> KIRJELDUS <\/p><p> Kaubam\u00e4rk <br \/> Sony <br \/> Toote v\u00e4rv <br \/> must <br \/> T\u00fc\u00fcp <br \/> m\u00e4ngupult <br \/> \u00dchenduse t\u00fc\u00fcp <br \/> juhtmevaba <br \/> \u00dchilduvus <br \/> PS3 <br \/> Sisseehitatud andurid <br \/> kiirendusm\u00f5\u00f5tur, g\u00fcroskoop, liikumisandur <\/p>\n","protected":false},"excerpt":{"rendered":"<p>Playstation Move Navigation Controller 2tk CECH-ZCS1E\u00a0, heas seisu- ja t\u00f6\u00f6korras! KIRJELDUS Kaubam\u00e4rk Sony Toote v\u00e4rv must T\u00fc\u00fcp m\u00e4ngupult \u00dchenduse t\u00fc\u00fcp juhtmevaba \u00dchilduvus PS3 Sisseehitatud andurid kiirendusm\u00f5\u00f5tur, g\u00fcroskoop, liikumisandur<\/p>\n","protected":false},"featured_media":26364,"comment_status":"closed","ping_status":"open","template":"","meta":{"inline_featured_image":false},"product_brand":[],"product_cat":[175],"product_tag":[],"class_list":{"0":"post-26363","1":"product","2":"type-product","3":"status-publish","4":"has-post-thumbnail","6":"product_cat-vsyo-dlya-pristavok","7":"pa_asukoht-lasnamae","8":"pa_seisukord-ispolzovano","10":"first","11":"instock","12":"taxable","13":"shipping-taxable","14":"purchasable","15":"product-type-simple"},"_links":{"self":[{"href":"https:\/\/a-pant.ee\/ru\/wp-json\/wp\/v2\/product\/26363","targetHints":{"allow":["GET"]}}],"collection":[{"href":"https:\/\/a-pant.ee\/ru\/wp-json\/wp\/v2\/product"}],"about":[{"href":"https:\/\/a-pant.ee\/ru\/wp-json\/wp\/v2\/types\/product"}],"replies":[{"embeddable":true,"href":"https:\/\/a-pant.ee\/ru\/wp-json\/wp\/v2\/comments?post=26363"}],"wp:featuredmedia":[{"embeddable":true,"href":"https:\/\/a-pant.ee\/ru\/wp-json\/wp\/v2\/media\/26364"}],"wp:attachment":[{"href":"https:\/\/a-pant.ee\/ru\/wp-json\/wp\/v2\/media?parent=26363"}],"wp:term":[{"taxonomy":"product_brand","embeddable":true,"href":"https:\/\/a-pant.ee\/ru\/wp-json\/wp\/v2\/product_brand?post=26363"},{"taxonomy":"product_cat","embeddable":true,"href":"https:\/\/a-pant.ee\/ru\/wp-json\/wp\/v2\/product_cat?post=26363"},{"taxonomy":"product_tag","embeddable":true,"href":"https:\/\/a-pant.ee\/ru\/wp-json\/wp\/v2\/product_tag?post=26363"}],"curies":[{"name":"wp","href":"https:\/\/api.w.org\/{rel}","templated":true}]}}