{"id":26356,"date":"2026-02-04T02:44:34","date_gmt":"2026-02-03T23:44:34","guid":{"rendered":"https:\/\/a-pant.ee\/product\/cirkuarnaya-pila-hilti-scm-22-a\/"},"modified":"2026-02-22T12:35:27","modified_gmt":"2026-02-22T09:35:27","slug":"czirkulyarnaya-pila-hilti-scm-22-a-akb-5-2ah-zaryadka-kejs","status":"publish","type":"product","link":"https:\/\/a-pant.ee\/ru\/product\/czirkulyarnaya-pila-hilti-scm-22-a-akb-5-2ah-zaryadka-kejs\/","title":{"rendered":"\u0426\u0438\u0440\u043a\u0443\u043b\u044f\u0440\u043d\u0430\u044f \u043f\u0438\u043b\u0430 HILTI SCM 22-A + AK\u0411 5.2AH + \u0417\u0430\u0440\u044f\u0434\u043a\u0430 + \u041a\u0435\u0439\u0441"},"content":{"rendered":"\n<p> Ketassaag HILTI SCM 22-A + AKU 5.2AH + Laadija + Kohver, heas seisu- ja t\u00f6\u00f6korras! <\/p><p> KIRJELDUS <\/p><ul><li> Mudel:\u00a0Hilti SCM 22-A <\/li><li> T\u00fc\u00fcp:\u00a0Akutoitega ketassaag <\/li><li> Pinge:\u00a022 V <\/li><li> Ketta l\u00e4bim\u00f5\u00f5t:\u00a0160 mm <\/li><li> L\u00f5ikes\u00fcgavus:\u00a057 mm (90\u00b0 nurga all) <\/li><li> Maksimaalne p\u00f6\u00f6rlemiskiirus:\u00a03 500 p\/min <\/li><li> Kaal:\u00a04,1 kg (koos akuga) <\/li><li> Omadused:\u00a0Harjadeta mootor, tolmueemaldus, t\u00e4psed ja puhtad l\u00f5iked, t\u00f6\u00f6tab liitiumioonakudega, \u00fchilduv Hilti 22 V s\u00fcsteemiga, mugav k\u00e4epide pikaks t\u00f6\u00f6ajaks. <\/li><\/ul>\n","protected":false},"excerpt":{"rendered":"<p>Ketassaag HILTI SCM 22-A + AKU 5.2AH + Laadija + Kohver, heas seisu- ja t\u00f6\u00f6korras! KIRJELDUS Mudel:\u00a0Hilti SCM 22-A T\u00fc\u00fcp:\u00a0Akutoitega ketassaag Pinge:\u00a022 V Ketta l\u00e4bim\u00f5\u00f5t:\u00a0160 mm L\u00f5ikes\u00fcgavus:\u00a057 mm (90\u00b0 nurga all) Maksimaalne p\u00f6\u00f6rlemiskiirus:\u00a03 500 p\/min Kaal:\u00a04,1 kg (koos akuga) Omadused:\u00a0Harjadeta mootor, tolmueemaldus, t\u00e4psed ja puhtad l\u00f5iked, t\u00f6\u00f6tab liitiumioonakudega, \u00fchilduv Hilti 22 V s\u00fcsteemiga, mugav k\u00e4epide [&hellip;]<\/p>\n","protected":false},"featured_media":26357,"comment_status":"closed","ping_status":"open","template":"","meta":{"inline_featured_image":false},"product_brand":[],"product_cat":[230],"product_tag":[],"class_list":{"0":"post-26356","1":"product","2":"type-product","3":"status-publish","4":"has-post-thumbnail","6":"product_cat-czirkulyarnye-pily","7":"pa_asukoht-mustamae","8":"pa_seisukord-ispolzovano","10":"first","11":"instock","12":"taxable","13":"shipping-taxable","14":"purchasable","15":"product-type-simple"},"_links":{"self":[{"href":"https:\/\/a-pant.ee\/ru\/wp-json\/wp\/v2\/product\/26356","targetHints":{"allow":["GET"]}}],"collection":[{"href":"https:\/\/a-pant.ee\/ru\/wp-json\/wp\/v2\/product"}],"about":[{"href":"https:\/\/a-pant.ee\/ru\/wp-json\/wp\/v2\/types\/product"}],"replies":[{"embeddable":true,"href":"https:\/\/a-pant.ee\/ru\/wp-json\/wp\/v2\/comments?post=26356"}],"wp:featuredmedia":[{"embeddable":true,"href":"https:\/\/a-pant.ee\/ru\/wp-json\/wp\/v2\/media\/26357"}],"wp:attachment":[{"href":"https:\/\/a-pant.ee\/ru\/wp-json\/wp\/v2\/media?parent=26356"}],"wp:term":[{"taxonomy":"product_brand","embeddable":true,"href":"https:\/\/a-pant.ee\/ru\/wp-json\/wp\/v2\/product_brand?post=26356"},{"taxonomy":"product_cat","embeddable":true,"href":"https:\/\/a-pant.ee\/ru\/wp-json\/wp\/v2\/product_cat?post=26356"},{"taxonomy":"product_tag","embeddable":true,"href":"https:\/\/a-pant.ee\/ru\/wp-json\/wp\/v2\/product_tag?post=26356"}],"curies":[{"name":"wp","href":"https:\/\/api.w.org\/{rel}","templated":true}]}}