{"id":26350,"date":"2026-02-04T02:44:34","date_gmt":"2026-02-03T23:44:34","guid":{"rendered":"https:\/\/a-pant.ee\/product\/konditsioner-bomann-cl-6061\/"},"modified":"2026-02-22T12:35:26","modified_gmt":"2026-02-22T09:35:26","slug":"kondiczioner-bomann-cl-6061-pult-2kw-20-m2","status":"publish","type":"product","link":"https:\/\/a-pant.ee\/ru\/product\/kondiczioner-bomann-cl-6061-pult-2kw-20-m2\/","title":{"rendered":"\u041a\u043e\u043d\u0434\u0438\u0446\u0438\u043e\u043d\u0435\u0440 Bomann CL 6061 + \u041f\u0443\u043b\u044c\u0442 2KW, 20 M2"},"content":{"rendered":"\n<p> Konditsioneer Bomann CL 6061 + Pult 2KW, 20 M2, heas seisu- ja t\u00f6\u00f6korras! <\/p><p> KIRJELDUS <\/p><ul><li> Mudel:\u00a0Bomann CL 6061 <\/li><li> T\u00fc\u00fcp:\u00a0Mobiilne konditsioneer <\/li><li> Jahutusv\u00f5imsus:\u00a02 kW (7 000 BTU) <\/li><li> Sobiv pindala:\u00a0Kuni 20 m\u00b2 <\/li><li> T\u00f6\u00f6re\u017eiimid:\u00a0Jahutus, niiskuse eemaldamine, ventilatsioon <\/li><li> M\u00fcratase:\u00a0Kuni 65 dB <\/li><li> \u00d5huniiskuse eemaldamine:\u00a01 liiter\/tund <\/li><li> Temperatuurivahemik:\u00a016\u00b0C &#8212; 31\u00b0C <\/li><li> Funktsioonid:\u00a024-tunnine taimer, \u00f6\u00f6re\u017eiim, ventilaatori kiiruse reguleerimine <\/li><li> Energiatarbimine:\u00a0Energiat\u00f5hususe klass A <\/li><li> Kaal:\u00a022 kg <\/li><li> M\u00f5\u00f5tmed:\u00a070 x 30 x 32 cm <\/li><li> V\u00e4rv:\u00a0Valge <\/li><\/ul>\n","protected":false},"excerpt":{"rendered":"<p>Konditsioneer Bomann CL 6061 + Pult 2KW, 20 M2, heas seisu- ja t\u00f6\u00f6korras! KIRJELDUS Mudel:\u00a0Bomann CL 6061 T\u00fc\u00fcp:\u00a0Mobiilne konditsioneer Jahutusv\u00f5imsus:\u00a02 kW (7 000 BTU) Sobiv pindala:\u00a0Kuni 20 m\u00b2 T\u00f6\u00f6re\u017eiimid:\u00a0Jahutus, niiskuse eemaldamine, ventilatsioon M\u00fcratase:\u00a0Kuni 65 dB \u00d5huniiskuse eemaldamine:\u00a01 liiter\/tund Temperatuurivahemik:\u00a016\u00b0C &#8212; 31\u00b0C Funktsioonid:\u00a024-tunnine taimer, \u00f6\u00f6re\u017eiim, ventilaatori kiiruse reguleerimine Energiatarbimine:\u00a0Energiat\u00f5hususe klass A Kaal:\u00a022 kg M\u00f5\u00f5tmed:\u00a070 x 30 [&hellip;]<\/p>\n","protected":false},"featured_media":26351,"comment_status":"closed","ping_status":"closed","template":"","meta":{"inline_featured_image":false},"product_brand":[],"product_cat":[166],"product_tag":[],"class_list":{"0":"post-26350","1":"product","2":"type-product","3":"status-publish","4":"has-post-thumbnail","6":"product_cat-bytovaya-tehnika","7":"product_shipping_class-oversize","8":"pa_asukoht-mustamae","9":"pa_seisukord-ispolzovano","11":"first","12":"instock","13":"taxable","14":"shipping-taxable","15":"purchasable","16":"product-type-simple"},"_links":{"self":[{"href":"https:\/\/a-pant.ee\/ru\/wp-json\/wp\/v2\/product\/26350","targetHints":{"allow":["GET"]}}],"collection":[{"href":"https:\/\/a-pant.ee\/ru\/wp-json\/wp\/v2\/product"}],"about":[{"href":"https:\/\/a-pant.ee\/ru\/wp-json\/wp\/v2\/types\/product"}],"replies":[{"embeddable":true,"href":"https:\/\/a-pant.ee\/ru\/wp-json\/wp\/v2\/comments?post=26350"}],"wp:featuredmedia":[{"embeddable":true,"href":"https:\/\/a-pant.ee\/ru\/wp-json\/wp\/v2\/media\/26351"}],"wp:attachment":[{"href":"https:\/\/a-pant.ee\/ru\/wp-json\/wp\/v2\/media?parent=26350"}],"wp:term":[{"taxonomy":"product_brand","embeddable":true,"href":"https:\/\/a-pant.ee\/ru\/wp-json\/wp\/v2\/product_brand?post=26350"},{"taxonomy":"product_cat","embeddable":true,"href":"https:\/\/a-pant.ee\/ru\/wp-json\/wp\/v2\/product_cat?post=26350"},{"taxonomy":"product_tag","embeddable":true,"href":"https:\/\/a-pant.ee\/ru\/wp-json\/wp\/v2\/product_tag?post=26350"}],"curies":[{"name":"wp","href":"https:\/\/api.w.org\/{rel}","templated":true}]}}