{"id":26344,"date":"2026-02-04T02:44:34","date_gmt":"2026-02-03T23:44:34","guid":{"rendered":"https:\/\/a-pant.ee\/product\/video-nyanya-philips-avent-scd609-00\/"},"modified":"2026-02-22T12:35:26","modified_gmt":"2026-02-22T09:35:26","slug":"video-nyanya-philips-avent-scd609-00-polnyj-komplekt","status":"publish","type":"product","link":"https:\/\/a-pant.ee\/ru\/product\/video-nyanya-philips-avent-scd609-00-polnyj-komplekt\/","title":{"rendered":"\u0412\u0438\u0434\u0435\u043e-\u043d\u044f\u043d\u044f Philips Avent SCD609\/00 \u041f\u043e\u043b\u043d\u044b\u0439 \u043a\u043e\u043c\u043f\u043b\u0435\u043a\u0442"},"content":{"rendered":"\n<p> Digi Lapsehoidja Philips Avent SCD609\/00 T\u00e4iskomplekt, heas seisu- ja t\u00f6\u00f6korras! <\/p><p> KIRJELDUS <\/p><ul><li> Mudel:\u00a0Philips Avent SCD609\/00 <\/li><li> T\u00fc\u00fcp:\u00a0Videobeebi monitor <\/li><li> Ekraan:\u00a02.7 tolli, LCD-ekraan <\/li><li> T\u00f6\u00f6ulatus:\u00a0Kuni 150 meetrit v\u00e4ljas, kuni 30 meetrit siseruumides <\/li><li> Kaamera:\u00a0Sisseehitatud, \u00f6\u00f6re\u017eiim <\/li><li> Side:\u00a0DECT digitaaltehnoloogia selge heli ja stabiilse \u00fchenduse jaoks <\/li><li> Kahepoolne side:\u00a0V\u00f5imalus lapsele r\u00e4\u00e4kida <\/li><li> \u00d6\u00f6re\u017eiim:\u00a0Infrapunakaamera pimedas j\u00e4lgimiseks <\/li><li> Helitugevuse reguleerimine:\u00a0Jah <\/li><li> H\u00e4iresignaal:\u00a0Helisignaal, kui liigute levialast v\u00e4lja <\/li><li> Toide:\u00a0Toide akust ja vooluv\u00f5rgust (vanema \u00fcksus laetava akuga) <\/li><li> Lisad:\u00a0Rahustavad unelaulud, \u00f6\u00f6lamp lapse seadmes <\/li><li> V\u00e4rv:\u00a0Valge <\/li><\/ul>\n","protected":false},"excerpt":{"rendered":"<p>Digi Lapsehoidja Philips Avent SCD609\/00 T\u00e4iskomplekt, heas seisu- ja t\u00f6\u00f6korras! KIRJELDUS Mudel:\u00a0Philips Avent SCD609\/00 T\u00fc\u00fcp:\u00a0Videobeebi monitor Ekraan:\u00a02.7 tolli, LCD-ekraan T\u00f6\u00f6ulatus:\u00a0Kuni 150 meetrit v\u00e4ljas, kuni 30 meetrit siseruumides Kaamera:\u00a0Sisseehitatud, \u00f6\u00f6re\u017eiim Side:\u00a0DECT digitaaltehnoloogia selge heli ja stabiilse \u00fchenduse jaoks Kahepoolne side:\u00a0V\u00f5imalus lapsele r\u00e4\u00e4kida \u00d6\u00f6re\u017eiim:\u00a0Infrapunakaamera pimedas j\u00e4lgimiseks Helitugevuse reguleerimine:\u00a0Jah H\u00e4iresignaal:\u00a0Helisignaal, kui liigute levialast v\u00e4lja Toide:\u00a0Toide akust ja vooluv\u00f5rgust [&hellip;]<\/p>\n","protected":false},"featured_media":26345,"comment_status":"closed","ping_status":"open","template":"","meta":{"inline_featured_image":false},"product_brand":[],"product_cat":[162],"product_tag":[],"class_list":{"0":"post-26344","1":"product","2":"type-product","3":"status-publish","4":"has-post-thumbnail","6":"product_cat-elektronika-drugoe","7":"pa_asukoht-mustamae","8":"pa_seisukord-ispolzovano","10":"first","11":"instock","12":"taxable","13":"shipping-taxable","14":"purchasable","15":"product-type-simple"},"_links":{"self":[{"href":"https:\/\/a-pant.ee\/ru\/wp-json\/wp\/v2\/product\/26344","targetHints":{"allow":["GET"]}}],"collection":[{"href":"https:\/\/a-pant.ee\/ru\/wp-json\/wp\/v2\/product"}],"about":[{"href":"https:\/\/a-pant.ee\/ru\/wp-json\/wp\/v2\/types\/product"}],"replies":[{"embeddable":true,"href":"https:\/\/a-pant.ee\/ru\/wp-json\/wp\/v2\/comments?post=26344"}],"wp:featuredmedia":[{"embeddable":true,"href":"https:\/\/a-pant.ee\/ru\/wp-json\/wp\/v2\/media\/26345"}],"wp:attachment":[{"href":"https:\/\/a-pant.ee\/ru\/wp-json\/wp\/v2\/media?parent=26344"}],"wp:term":[{"taxonomy":"product_brand","embeddable":true,"href":"https:\/\/a-pant.ee\/ru\/wp-json\/wp\/v2\/product_brand?post=26344"},{"taxonomy":"product_cat","embeddable":true,"href":"https:\/\/a-pant.ee\/ru\/wp-json\/wp\/v2\/product_cat?post=26344"},{"taxonomy":"product_tag","embeddable":true,"href":"https:\/\/a-pant.ee\/ru\/wp-json\/wp\/v2\/product_tag?post=26344"}],"curies":[{"name":"wp","href":"https:\/\/api.w.org\/{rel}","templated":true}]}}