{"id":26329,"date":"2026-02-04T02:44:34","date_gmt":"2026-02-03T23:44:34","guid":{"rendered":"https:\/\/a-pant.ee\/product\/televizor-philips-40put6400-12\/"},"modified":"2026-02-22T12:35:26","modified_gmt":"2026-02-22T09:35:26","slug":"televizor-philips-40put6400-12-pult","status":"publish","type":"product","link":"https:\/\/a-pant.ee\/ru\/product\/televizor-philips-40put6400-12-pult\/","title":{"rendered":"\u0422\u0435\u043b\u0435\u0432\u0438\u0437\u043e\u0440 Philips 40PUT6400\/12 + \u043f\u0443\u043b\u044c\u0442"},"content":{"rendered":"\n<p> Teler Philips 40PUT6400\/12 + pult\u00a0, heas seisu- ja t\u00f6\u00f6korras! <\/p><p> KIRJELDUS <\/p><p> Kaubam\u00e4rk PHILIPS <\/p><p> Mudel 40PUT6400\/12 <\/p><p> Diagonaal 40 tolli (102 cm) <\/p><p> Eraldusv\u00f5ime 3840 x 2160 <\/p><p> Kuvasuhe 16:9 <\/p><p> LED-paneeli t\u00fc\u00fcp <\/p><p> Ekraani heledus 300 cd\/m2 <\/p><p> Vaatenurgad 178 horisontaalsed, 178 vertikaalsed <\/p><p> 700Hz v\u00e4rskendussagedus <\/p><p> Digitaalne DVB-T tuuner jah <\/p><p> Digitaalne DVB-T2 tuuner jah <\/p><p> DVB-C kaablituuner jah <\/p><p> Akustiline v\u00f5imsus 2 x 10 W <\/p><p> Saadaval ruumilise heli tugi <\/p><p> Helitehnoloogiad: uskumatu ruumiline heli, selge heli, d\u00fcnaamiline bassiv\u00f5imendus, nutika heli funktsioon. <\/p><p> Pixel Plus Ultra HD pildiprotsessor <\/p><p> Saadaval on progressiivne skaneerimine <\/p><p> 4K Ultra HD ekraani eraldusv\u00f5ime standard <\/p><p> Sisseehitatud Wi-Fi jah <\/p><p> Teletekst saadaval <\/p><p> Seal on sisse\/v\u00e4lja taimer <\/p><p> Operatsioonis\u00fcsteem Android 5.0 (Lollipop) <\/p><p> SMART TV tugi jah <\/p><p> SMART TV Online videopoodide funktsioonid, avatud Interneti-brauser, sotsiaaltelevisioon, Spotify, Youtube. <\/p><p> Time Shift funktsioon on saadaval <\/p><p> Saatejuht (EPG) on saadaval <\/p><p> USB-multimeediumipistiku t\u00fc\u00fcp <\/p><p> V\u00f5imalik salvestada USB-draivi <\/p><p> Taasesituse formaadid Konteinerid: AVI, MKV. H264\/MPEG-4 AVC, MPEG-1, MPEG-2, MPEG-4, WMV9\/VC1, HEVC. .SMI, .SRT, .SSA, .SUB, .TXT, .ASS. AAC, MP3, WAV, WMA versioon 2 kuni versioon 9.2, WMA-PRO (versioon 9 ja 10). JPEG, BMP, GIF, JPS, PNG, PNS, BMS, MPO. <\/p><p> IEC75 antenni sisend <\/p><p> Komponentide pistik 1 <\/p><p> Stereoheli pesa 1 <\/p><p> RJ-45 pistik (Ethernet) 1 <\/p><p> CI+\/PCMCIA 1 pistik <\/p><p> K\u00f5rvaklappide pesa 1 <\/p><p> S\/PDIF optiline pistik 1 <\/p><p> HDMI-pistikute koguarv HDMI 4 <\/p><p> USB 3 pistik <\/p><p> T\u00e4iendavad SCART-pistikud <\/p><p> Toiteallika t\u00fc\u00fcp: sisseehitatud <\/p><p> Energiatarve t\u00f6\u00f6re\u017eiimis 41 W <\/p><p> Ootere\u017eiimi voolutarve 0,5 W <\/p><p> V\u00e4rv must <\/p><p> VESA suurus 200&#215;200 <\/p><p> M\u00f5\u00f5dud koos alusega (LxKxS) 904 x 575 x 213 mm <\/p><p> M\u00f5\u00f5dud ilma aluseta (LxKxS) 904 x 526 x 83 mm <\/p><p> Toote kaal 10,1 kg <\/p><p> Kaal ilma aluseta 9 kg <\/p>\n","protected":false},"excerpt":{"rendered":"<p>Teler Philips 40PUT6400\/12 + pult\u00a0, heas seisu- ja t\u00f6\u00f6korras! KIRJELDUS Kaubam\u00e4rk PHILIPS Mudel 40PUT6400\/12 Diagonaal 40 tolli (102 cm) Eraldusv\u00f5ime 3840 x 2160 Kuvasuhe 16:9 LED-paneeli t\u00fc\u00fcp Ekraani heledus 300 cd\/m2 Vaatenurgad 178 horisontaalsed, 178 vertikaalsed 700Hz v\u00e4rskendussagedus Digitaalne DVB-T tuuner jah Digitaalne DVB-T2 tuuner jah DVB-C kaablituuner jah Akustiline v\u00f5imsus 2 x 10 W [&hellip;]<\/p>\n","protected":false},"featured_media":26330,"comment_status":"closed","ping_status":"open","template":"","meta":{"inline_featured_image":false},"product_brand":[],"product_cat":[181],"product_tag":[],"class_list":{"0":"post-26329","1":"product","2":"type-product","3":"status-publish","4":"has-post-thumbnail","6":"product_cat-televizory","7":"product_shipping_class-oversize","8":"pa_asukoht-lasnamae","9":"pa_seisukord-ispolzovano","11":"first","12":"outofstock","13":"taxable","14":"shipping-taxable","15":"purchasable","16":"product-type-simple"},"_links":{"self":[{"href":"https:\/\/a-pant.ee\/ru\/wp-json\/wp\/v2\/product\/26329","targetHints":{"allow":["GET"]}}],"collection":[{"href":"https:\/\/a-pant.ee\/ru\/wp-json\/wp\/v2\/product"}],"about":[{"href":"https:\/\/a-pant.ee\/ru\/wp-json\/wp\/v2\/types\/product"}],"replies":[{"embeddable":true,"href":"https:\/\/a-pant.ee\/ru\/wp-json\/wp\/v2\/comments?post=26329"}],"wp:featuredmedia":[{"embeddable":true,"href":"https:\/\/a-pant.ee\/ru\/wp-json\/wp\/v2\/media\/26330"}],"wp:attachment":[{"href":"https:\/\/a-pant.ee\/ru\/wp-json\/wp\/v2\/media?parent=26329"}],"wp:term":[{"taxonomy":"product_brand","embeddable":true,"href":"https:\/\/a-pant.ee\/ru\/wp-json\/wp\/v2\/product_brand?post=26329"},{"taxonomy":"product_cat","embeddable":true,"href":"https:\/\/a-pant.ee\/ru\/wp-json\/wp\/v2\/product_cat?post=26329"},{"taxonomy":"product_tag","embeddable":true,"href":"https:\/\/a-pant.ee\/ru\/wp-json\/wp\/v2\/product_tag?post=26329"}],"curies":[{"name":"wp","href":"https:\/\/api.w.org\/{rel}","templated":true}]}}