{"id":26315,"date":"2026-02-04T02:44:34","date_gmt":"2026-02-03T23:44:34","guid":{"rendered":"https:\/\/a-pant.ee\/product\/uglovie-pily-makita-mls100\/"},"modified":"2026-02-22T12:35:26","modified_gmt":"2026-02-22T09:35:26","slug":"uglovaya-pila-makita-mls100-bez-pylesbornika","status":"publish","type":"product","link":"https:\/\/a-pant.ee\/ru\/product\/uglovaya-pila-makita-mls100-bez-pylesbornika\/","title":{"rendered":"\u0423\u0433\u043b\u043e\u0432\u0430\u044f \u043f\u0438\u043b\u0430 Makita MLS100 (\u0431\u0435\u0437 \u043f\u044b\u043b\u0435\u0441\u0431\u043e\u0440\u043d\u0438\u043a\u0430)"},"content":{"rendered":"\n<p> J\u00e4rkamissaag Makita MLS100 (ilma tolmukott)\u00a0, heas seisu- ja t\u00f6\u00f6korras! <\/p><p> KIRJELDUS <\/p><p> Kategooria: Elektrilised saed, mootorsaed ja tarvikud <\/p><p> T\u00fc\u00fcp: L\u00f5ikepingid <\/p><p> Vaade: Makita, l\u00f5ikepingid elektrilised saed, mootorsaed ja tarvikud <\/p><p> Kaubam\u00e4rk: Makita <\/p><p> V\u00f5imsus: 1500 W <\/p>\n","protected":false},"excerpt":{"rendered":"<p>J\u00e4rkamissaag Makita MLS100 (ilma tolmukott)\u00a0, heas seisu- ja t\u00f6\u00f6korras! KIRJELDUS Kategooria: Elektrilised saed, mootorsaed ja tarvikud T\u00fc\u00fcp: L\u00f5ikepingid Vaade: Makita, l\u00f5ikepingid elektrilised saed, mootorsaed ja tarvikud Kaubam\u00e4rk: Makita V\u00f5imsus: 1500 W<\/p>\n","protected":false},"featured_media":26316,"comment_status":"closed","ping_status":"closed","template":"","meta":{"inline_featured_image":false},"product_brand":[],"product_cat":[230],"product_tag":[],"class_list":{"0":"post-26315","1":"product","2":"type-product","3":"status-publish","4":"has-post-thumbnail","6":"product_cat-czirkulyarnye-pily","7":"product_shipping_class-oversize","8":"pa_asukoht-lasnamae","9":"pa_seisukord-ispolzovano","11":"first","12":"instock","13":"taxable","14":"shipping-taxable","15":"purchasable","16":"product-type-simple"},"_links":{"self":[{"href":"https:\/\/a-pant.ee\/ru\/wp-json\/wp\/v2\/product\/26315","targetHints":{"allow":["GET"]}}],"collection":[{"href":"https:\/\/a-pant.ee\/ru\/wp-json\/wp\/v2\/product"}],"about":[{"href":"https:\/\/a-pant.ee\/ru\/wp-json\/wp\/v2\/types\/product"}],"replies":[{"embeddable":true,"href":"https:\/\/a-pant.ee\/ru\/wp-json\/wp\/v2\/comments?post=26315"}],"wp:featuredmedia":[{"embeddable":true,"href":"https:\/\/a-pant.ee\/ru\/wp-json\/wp\/v2\/media\/26316"}],"wp:attachment":[{"href":"https:\/\/a-pant.ee\/ru\/wp-json\/wp\/v2\/media?parent=26315"}],"wp:term":[{"taxonomy":"product_brand","embeddable":true,"href":"https:\/\/a-pant.ee\/ru\/wp-json\/wp\/v2\/product_brand?post=26315"},{"taxonomy":"product_cat","embeddable":true,"href":"https:\/\/a-pant.ee\/ru\/wp-json\/wp\/v2\/product_cat?post=26315"},{"taxonomy":"product_tag","embeddable":true,"href":"https:\/\/a-pant.ee\/ru\/wp-json\/wp\/v2\/product_tag?post=26315"}],"curies":[{"name":"wp","href":"https:\/\/api.w.org\/{rel}","templated":true}]}}