{"id":26307,"date":"2026-02-04T02:44:34","date_gmt":"2026-02-03T23:44:34","guid":{"rendered":"https:\/\/a-pant.ee\/product\/frezer-makita-rp0900-900vt-nasadka-keis\/"},"modified":"2026-02-22T12:35:25","modified_gmt":"2026-02-22T09:35:25","slug":"frezer-makita-rp0900-900vt-nasadki-kejs","status":"publish","type":"product","link":"https:\/\/a-pant.ee\/ru\/product\/frezer-makita-rp0900-900vt-nasadki-kejs\/","title":{"rendered":"\u0424\u0440\u0435\u0437\u0435\u0440 \u041c\u0430\u043a\u0438\u0442\u0430 RP0900. 900\u0412\u0442 + \u041d\u0430\u0441\u0430\u0434\u043a\u0438 + \u041a\u0435\u0439\u0441"},"content":{"rendered":"\n<p> \u00dclefrees Makita RP0900 . 900W + Ostik + Kohver, heas seisu- ja t\u00f6\u00f6korras! <\/p><p> KIRJELDUS <\/p><p> Paki suurus ja kaal (1): 0,28 x 0,22 x 0,22 m, 2,7 kg <br \/> T\u00fc\u00fcp: L\u00f5ikurid <br \/> Etteande liikumine: 6-8 mm <br \/> Kaal umbes: 2,7 kg <br \/> Mootori t\u00fc\u00fcp: Elektriline <br \/> V\u00f5imsus: 900 W <br \/> P\u00f6\u00f6rete arv: 27000 p\/min <\/p>\n","protected":false},"excerpt":{"rendered":"<p>\u00dclefrees Makita RP0900 . 900W + Ostik + Kohver, heas seisu- ja t\u00f6\u00f6korras! KIRJELDUS Paki suurus ja kaal (1): 0,28 x 0,22 x 0,22 m, 2,7 kg T\u00fc\u00fcp: L\u00f5ikurid Etteande liikumine: 6-8 mm Kaal umbes: 2,7 kg Mootori t\u00fc\u00fcp: Elektriline V\u00f5imsus: 900 W P\u00f6\u00f6rete arv: 27000 p\/min<\/p>\n","protected":false},"featured_media":26308,"comment_status":"closed","ping_status":"open","template":"","meta":{"inline_featured_image":false},"product_brand":[],"product_cat":[248],"product_tag":[],"class_list":{"0":"post-26307","1":"product","2":"type-product","3":"status-publish","4":"has-post-thumbnail","6":"product_cat-elektricheskie-frezery","7":"pa_asukoht-mustamae","8":"pa_seisukord-ispolzovano","10":"first","11":"instock","12":"taxable","13":"shipping-taxable","14":"purchasable","15":"product-type-simple"},"_links":{"self":[{"href":"https:\/\/a-pant.ee\/ru\/wp-json\/wp\/v2\/product\/26307","targetHints":{"allow":["GET"]}}],"collection":[{"href":"https:\/\/a-pant.ee\/ru\/wp-json\/wp\/v2\/product"}],"about":[{"href":"https:\/\/a-pant.ee\/ru\/wp-json\/wp\/v2\/types\/product"}],"replies":[{"embeddable":true,"href":"https:\/\/a-pant.ee\/ru\/wp-json\/wp\/v2\/comments?post=26307"}],"wp:featuredmedia":[{"embeddable":true,"href":"https:\/\/a-pant.ee\/ru\/wp-json\/wp\/v2\/media\/26308"}],"wp:attachment":[{"href":"https:\/\/a-pant.ee\/ru\/wp-json\/wp\/v2\/media?parent=26307"}],"wp:term":[{"taxonomy":"product_brand","embeddable":true,"href":"https:\/\/a-pant.ee\/ru\/wp-json\/wp\/v2\/product_brand?post=26307"},{"taxonomy":"product_cat","embeddable":true,"href":"https:\/\/a-pant.ee\/ru\/wp-json\/wp\/v2\/product_cat?post=26307"},{"taxonomy":"product_tag","embeddable":true,"href":"https:\/\/a-pant.ee\/ru\/wp-json\/wp\/v2\/product_tag?post=26307"}],"curies":[{"name":"wp","href":"https:\/\/api.w.org\/{rel}","templated":true}]}}