{"id":26295,"date":"2026-02-04T02:44:34","date_gmt":"2026-02-03T23:44:34","guid":{"rendered":"https:\/\/a-pant.ee\/product\/pistolet-dlya-gvozdey-nailer-4v-polnyy-komplekt\/"},"modified":"2026-02-22T12:35:25","modified_gmt":"2026-02-22T09:35:25","slug":"pistolet-dlya-gvozdej-nailer-4v-polnyj-komplekt","status":"publish","type":"product","link":"https:\/\/a-pant.ee\/ru\/product\/pistolet-dlya-gvozdej-nailer-4v-polnyj-komplekt\/","title":{"rendered":"\u041f\u0438\u0441\u0442\u043e\u043b\u0435\u0442 \u0434\u043b\u044f \u0433\u0432\u043e\u0437\u0434\u0435\u0439 Nailer 4v + \u041f\u043e\u043b\u043d\u044b\u0439 \u043a\u043e\u043c\u043f\u043b\u0435\u043a\u0442"},"content":{"rendered":"\n<p> Naelap\u00fcstol Nailer 4v + T\u00e4is komplekt, heas seisu- ja t\u00f6\u00f6korras! <\/p><p> KIRJELDUS <\/p><p> Mugav \u00fche k\u00e4ega kasutamine t\u00e4nu libisemiskindlale pehmele k\u00e4epidemele. <br \/> Aku laetuse ja laetuse oleku indikaator <br \/> Kahepoolse t\u00e4itetaseme indikaatoriga ajakiri. <br \/> Klambritele 4\u201312 mm ja naeltele 6\u201310 x 1,2 mm. <br \/> Kasutusala: k\u00e4sit\u00f6\u00f6, kunstiteoste ja kodu jaoks. <br \/> Kaasas olevad tarvikud: Klambrid: (1000 x 11,4 x 8 mm \/ 1000 x 11,4 x 6 mm), Naelad: 500 x 10 x 1,2 mm, 1 x USB laadimiskaabel (t\u00fc\u00fcp C). <br \/> Tehnilised andmed <\/p><p> Li-ion aku <br \/> Pinge: 4 V (2000 mAh) <br \/> Tabamuste arv: 30 min -1 <\/p>\n","protected":false},"excerpt":{"rendered":"<p>Naelap\u00fcstol Nailer 4v + T\u00e4is komplekt, heas seisu- ja t\u00f6\u00f6korras! KIRJELDUS Mugav \u00fche k\u00e4ega kasutamine t\u00e4nu libisemiskindlale pehmele k\u00e4epidemele. Aku laetuse ja laetuse oleku indikaator Kahepoolse t\u00e4itetaseme indikaatoriga ajakiri. Klambritele 4\u201312 mm ja naeltele 6\u201310 x 1,2 mm. Kasutusala: k\u00e4sit\u00f6\u00f6, kunstiteoste ja kodu jaoks. Kaasas olevad tarvikud: Klambrid: (1000 x 11,4 x 8 mm \/ [&hellip;]<\/p>\n","protected":false},"featured_media":26296,"comment_status":"closed","ping_status":"open","template":"","meta":{"inline_featured_image":false},"product_brand":[],"product_cat":[247],"product_tag":[],"class_list":{"0":"post-26295","1":"product","2":"type-product","3":"status-publish","4":"has-post-thumbnail","6":"product_cat-universalnye-instrumenty","7":"pa_asukoht-mustamae","8":"pa_seisukord-ispolzovano","10":"first","11":"instock","12":"taxable","13":"shipping-taxable","14":"purchasable","15":"product-type-simple"},"_links":{"self":[{"href":"https:\/\/a-pant.ee\/ru\/wp-json\/wp\/v2\/product\/26295","targetHints":{"allow":["GET"]}}],"collection":[{"href":"https:\/\/a-pant.ee\/ru\/wp-json\/wp\/v2\/product"}],"about":[{"href":"https:\/\/a-pant.ee\/ru\/wp-json\/wp\/v2\/types\/product"}],"replies":[{"embeddable":true,"href":"https:\/\/a-pant.ee\/ru\/wp-json\/wp\/v2\/comments?post=26295"}],"wp:featuredmedia":[{"embeddable":true,"href":"https:\/\/a-pant.ee\/ru\/wp-json\/wp\/v2\/media\/26296"}],"wp:attachment":[{"href":"https:\/\/a-pant.ee\/ru\/wp-json\/wp\/v2\/media?parent=26295"}],"wp:term":[{"taxonomy":"product_brand","embeddable":true,"href":"https:\/\/a-pant.ee\/ru\/wp-json\/wp\/v2\/product_brand?post=26295"},{"taxonomy":"product_cat","embeddable":true,"href":"https:\/\/a-pant.ee\/ru\/wp-json\/wp\/v2\/product_cat?post=26295"},{"taxonomy":"product_tag","embeddable":true,"href":"https:\/\/a-pant.ee\/ru\/wp-json\/wp\/v2\/product_tag?post=26295"}],"curies":[{"name":"wp","href":"https:\/\/api.w.org\/{rel}","templated":true}]}}