{"id":26289,"date":"2026-02-04T02:44:34","date_gmt":"2026-02-03T23:44:34","guid":{"rendered":"https:\/\/a-pant.ee\/product\/naushniki-beats-by-dr-dre-studio-bud\/"},"modified":"2026-02-22T12:35:25","modified_gmt":"2026-02-22T09:35:25","slug":"naushniki-beats-by-dr-dre-studio-bud","status":"publish","type":"product","link":"https:\/\/a-pant.ee\/ru\/product\/naushniki-beats-by-dr-dre-studio-bud\/","title":{"rendered":"\u041d\u0430\u0443\u0448\u043d\u0438\u043a\u0438 Beats by Dr. Dre Studio Bud"},"content":{"rendered":"\n<p> Beats by Dr. Dre Studio Buds\u00a0, heas seisu- ja t\u00f6\u00f6korras! <\/p><p> KIRJELDUS <\/p><p> Kategooria:K\u00f5rvaklapid <\/p><p> Tootja kood:MJ4X3ZM\/A <\/p><p> Tootepakendite arv:1 tk. <\/p><p> Paki suurus ja kaal (1): 0,085 x 0,085 x 0,05 m, 0,125 kg <\/p><p> Kandmise viis: K\u00f5rvasisesed <\/p><p> Eesm\u00e4rk: Universaalne <\/p>\n","protected":false},"excerpt":{"rendered":"<p>Beats by Dr. Dre Studio Buds\u00a0, heas seisu- ja t\u00f6\u00f6korras! KIRJELDUS Kategooria:K\u00f5rvaklapid Tootja kood:MJ4X3ZM\/A Tootepakendite arv:1 tk. Paki suurus ja kaal (1): 0,085 x 0,085 x 0,05 m, 0,125 kg Kandmise viis: K\u00f5rvasisesed Eesm\u00e4rk: Universaalne<\/p>\n","protected":false},"featured_media":26290,"comment_status":"closed","ping_status":"closed","template":"","meta":{"inline_featured_image":false},"product_brand":[],"product_cat":[168],"product_tag":[],"class_list":{"0":"post-26289","1":"product","2":"type-product","3":"status-publish","4":"has-post-thumbnail","6":"product_cat-naushniki","7":"pa_asukoht-mustamae","8":"pa_seisukord-ispolzovano","10":"first","11":"outofstock","12":"taxable","13":"shipping-taxable","14":"purchasable","15":"product-type-simple"},"_links":{"self":[{"href":"https:\/\/a-pant.ee\/ru\/wp-json\/wp\/v2\/product\/26289","targetHints":{"allow":["GET"]}}],"collection":[{"href":"https:\/\/a-pant.ee\/ru\/wp-json\/wp\/v2\/product"}],"about":[{"href":"https:\/\/a-pant.ee\/ru\/wp-json\/wp\/v2\/types\/product"}],"replies":[{"embeddable":true,"href":"https:\/\/a-pant.ee\/ru\/wp-json\/wp\/v2\/comments?post=26289"}],"wp:featuredmedia":[{"embeddable":true,"href":"https:\/\/a-pant.ee\/ru\/wp-json\/wp\/v2\/media\/26290"}],"wp:attachment":[{"href":"https:\/\/a-pant.ee\/ru\/wp-json\/wp\/v2\/media?parent=26289"}],"wp:term":[{"taxonomy":"product_brand","embeddable":true,"href":"https:\/\/a-pant.ee\/ru\/wp-json\/wp\/v2\/product_brand?post=26289"},{"taxonomy":"product_cat","embeddable":true,"href":"https:\/\/a-pant.ee\/ru\/wp-json\/wp\/v2\/product_cat?post=26289"},{"taxonomy":"product_tag","embeddable":true,"href":"https:\/\/a-pant.ee\/ru\/wp-json\/wp\/v2\/product_tag?post=26289"}],"curies":[{"name":"wp","href":"https:\/\/api.w.org\/{rel}","templated":true}]}}