{"id":26280,"date":"2026-02-04T02:44:34","date_gmt":"2026-02-03T23:44:34","guid":{"rendered":"https:\/\/a-pant.ee\/product\/almaznaya-burilnaya-ustanovka-dr-schulze-25c\/"},"modified":"2026-02-22T12:35:25","modified_gmt":"2026-02-22T09:35:25","slug":"almaznaya-burilnaya-ustanovka-dr-schulze-25c-staninia","status":"publish","type":"product","link":"https:\/\/a-pant.ee\/ru\/product\/almaznaya-burilnaya-ustanovka-dr-schulze-25c-staninia\/","title":{"rendered":"\u0410\u043b\u043c\u0430\u0437\u043d\u0430\u044f \u0431\u0443\u0440\u0438\u043b\u044c\u043d\u0430\u044f \u0443\u0441\u0442\u0430\u043d\u043e\u0432\u043a\u0430 Dr. Schulze 25C + \u0421\u0442\u0430\u043d\u0438\u043d\u0438\u0430"},"content":{"rendered":"\n<p> M\u00fc\u00fcakse\u00a0Teemapuur Dr.Schulze Drill 25C + Staninia + Pihustid\u00a0, heas seisu- ja t\u00f6\u00f6korras! <\/p><p> KIRJELDUS <\/p><p> Artikkel MS12000500 <\/p><p> Modell Dr. Schulze puur 25C <\/p><p> Puuri l\u00e4bim\u00f5\u00f5t betoonis \u2264 200 mm <\/p><p> Tellise puurimise l\u00e4bim\u00f5\u00f5t \u2264 250 mm <\/p><p> Kolonni materjal: teras <\/p><p> Veeru kaldenurk &#8212; <\/p><p> Samba m\u00f5\u00f5tmed (P \u00d7 L \u00d7 K) 50 \u00d7 50 \u00d7 1000 mm <\/p><p> Maksimaalne vankri k\u00e4ik 650 mm <\/p><p> Puurimootori kinnitus 4 poldiga kinnitusplaat <\/p><p> Alusplaadi materjal Alumiinium <\/p><p> Alusplaadi kinnitus <\/p><p> M\u00f5\u00f5dud (P \u00d7 L \u00d7 K) 260 \u00d7 220 \u00d7 1000 mm <\/p><p> Kaal 12,3 kg <\/p><p> + Staninia + Pihustid <\/p>\n","protected":false},"excerpt":{"rendered":"<p>M\u00fc\u00fcakse\u00a0Teemapuur Dr.Schulze Drill 25C + Staninia + Pihustid\u00a0, heas seisu- ja t\u00f6\u00f6korras! KIRJELDUS Artikkel MS12000500 Modell Dr. Schulze puur 25C Puuri l\u00e4bim\u00f5\u00f5t betoonis \u2264 200 mm Tellise puurimise l\u00e4bim\u00f5\u00f5t \u2264 250 mm Kolonni materjal: teras Veeru kaldenurk &#8212; Samba m\u00f5\u00f5tmed (P \u00d7 L \u00d7 K) 50 \u00d7 50 \u00d7 1000 mm Maksimaalne vankri k\u00e4ik 650 [&hellip;]<\/p>\n","protected":false},"featured_media":26281,"comment_status":"closed","ping_status":"closed","template":"","meta":{"inline_featured_image":false},"product_brand":[],"product_cat":[238],"product_tag":[],"class_list":{"0":"post-26280","1":"product","2":"type-product","3":"status-publish","4":"has-post-thumbnail","6":"product_cat-burilnyj-instrument","7":"product_shipping_class-oversize","8":"pa_asukoht-mustamae","9":"pa_seisukord-ispolzovano","11":"first","12":"instock","13":"taxable","14":"shipping-taxable","15":"purchasable","16":"product-type-simple"},"_links":{"self":[{"href":"https:\/\/a-pant.ee\/ru\/wp-json\/wp\/v2\/product\/26280","targetHints":{"allow":["GET"]}}],"collection":[{"href":"https:\/\/a-pant.ee\/ru\/wp-json\/wp\/v2\/product"}],"about":[{"href":"https:\/\/a-pant.ee\/ru\/wp-json\/wp\/v2\/types\/product"}],"replies":[{"embeddable":true,"href":"https:\/\/a-pant.ee\/ru\/wp-json\/wp\/v2\/comments?post=26280"}],"wp:featuredmedia":[{"embeddable":true,"href":"https:\/\/a-pant.ee\/ru\/wp-json\/wp\/v2\/media\/26281"}],"wp:attachment":[{"href":"https:\/\/a-pant.ee\/ru\/wp-json\/wp\/v2\/media?parent=26280"}],"wp:term":[{"taxonomy":"product_brand","embeddable":true,"href":"https:\/\/a-pant.ee\/ru\/wp-json\/wp\/v2\/product_brand?post=26280"},{"taxonomy":"product_cat","embeddable":true,"href":"https:\/\/a-pant.ee\/ru\/wp-json\/wp\/v2\/product_cat?post=26280"},{"taxonomy":"product_tag","embeddable":true,"href":"https:\/\/a-pant.ee\/ru\/wp-json\/wp\/v2\/product_tag?post=26280"}],"curies":[{"name":"wp","href":"https:\/\/api.w.org\/{rel}","templated":true}]}}