{"id":26274,"date":"2026-02-04T02:44:34","date_gmt":"2026-02-03T23:44:34","guid":{"rendered":"https:\/\/a-pant.ee\/product\/skobozabivnoy-pnevmoinstrument-senco-sls18bl-l\/"},"modified":"2026-02-22T12:35:25","modified_gmt":"2026-02-22T09:35:25","slug":"skobozabivnoj-pnevmoinstrument-senco-sls18bl-l","status":"publish","type":"product","link":"https:\/\/a-pant.ee\/ru\/product\/skobozabivnoj-pnevmoinstrument-senco-sls18bl-l\/","title":{"rendered":"\u0421\u043a\u043e\u0431\u043e\u0437\u0430\u0431\u0438\u0432\u043d\u043e\u0439 \u043f\u043d\u0435\u0432\u043c\u043e\u0438\u043d\u0441\u0442\u0440\u0443\u043c\u0435\u043d\u0442 SENCO SLS18BL-L"},"content":{"rendered":"\n<p> \u00a0Klambrip\u00fcstol SENCOSLS18BL-L\u00a0, heas ja t\u00f6\u00f6korras! <\/p><p> KIRJELDUS <\/p><p> Klambri jala pikkus: 10 &#8212; 38 mm <br \/> Klambriseeria: L-klamber 6,4 mm <br \/> T\u00f6\u00f6r\u00f5hk: 6 <br \/> Salve mahutavus: 110 tk <br \/> Kaal: 1,75 kg <\/p>\n","protected":false},"excerpt":{"rendered":"<p>\u00a0Klambrip\u00fcstol SENCOSLS18BL-L\u00a0, heas ja t\u00f6\u00f6korras! KIRJELDUS Klambri jala pikkus: 10 &#8212; 38 mm Klambriseeria: L-klamber 6,4 mm T\u00f6\u00f6r\u00f5hk: 6 Salve mahutavus: 110 tk Kaal: 1,75 kg<\/p>\n","protected":false},"featured_media":26275,"comment_status":"closed","ping_status":"open","template":"","meta":{"inline_featured_image":false},"product_brand":[],"product_cat":[236],"product_tag":[],"class_list":{"0":"post-26274","1":"product","2":"type-product","3":"status-publish","4":"has-post-thumbnail","6":"product_cat-pnevmaticheskij-instrument","7":"pa_asukoht-mustamae","8":"pa_seisukord-ispolzovano","10":"first","11":"instock","12":"taxable","13":"shipping-taxable","14":"purchasable","15":"product-type-simple"},"_links":{"self":[{"href":"https:\/\/a-pant.ee\/ru\/wp-json\/wp\/v2\/product\/26274","targetHints":{"allow":["GET"]}}],"collection":[{"href":"https:\/\/a-pant.ee\/ru\/wp-json\/wp\/v2\/product"}],"about":[{"href":"https:\/\/a-pant.ee\/ru\/wp-json\/wp\/v2\/types\/product"}],"replies":[{"embeddable":true,"href":"https:\/\/a-pant.ee\/ru\/wp-json\/wp\/v2\/comments?post=26274"}],"wp:featuredmedia":[{"embeddable":true,"href":"https:\/\/a-pant.ee\/ru\/wp-json\/wp\/v2\/media\/26275"}],"wp:attachment":[{"href":"https:\/\/a-pant.ee\/ru\/wp-json\/wp\/v2\/media?parent=26274"}],"wp:term":[{"taxonomy":"product_brand","embeddable":true,"href":"https:\/\/a-pant.ee\/ru\/wp-json\/wp\/v2\/product_brand?post=26274"},{"taxonomy":"product_cat","embeddable":true,"href":"https:\/\/a-pant.ee\/ru\/wp-json\/wp\/v2\/product_cat?post=26274"},{"taxonomy":"product_tag","embeddable":true,"href":"https:\/\/a-pant.ee\/ru\/wp-json\/wp\/v2\/product_tag?post=26274"}],"curies":[{"name":"wp","href":"https:\/\/api.w.org\/{rel}","templated":true}]}}