{"id":26259,"date":"2026-02-04T02:44:34","date_gmt":"2026-02-03T23:44:34","guid":{"rendered":"https:\/\/a-pant.ee\/product\/robot-pylesos-mamibot-prevac670\/"},"modified":"2026-02-22T12:35:24","modified_gmt":"2026-02-22T09:35:24","slug":"robot-pylesos-mamibot-prevac670","status":"publish","type":"product","link":"https:\/\/a-pant.ee\/ru\/product\/robot-pylesos-mamibot-prevac670\/","title":{"rendered":"\u0420\u043e\u0431\u043e\u0442-\u043f\u044b\u043b\u0435\u0441\u043e\u0441 Mamibot PreVac670"},"content":{"rendered":"\n<p> M\u00fc\u00fca\u00a0Robottolmuimeja Mamibot PreVac670\u00a0+ ostik + pult + veepaak + laadija\u00a0, heas ja t\u00f6\u00f6korras! <\/p><p><br \/> Tolmuimeja t\u00fc\u00fcp Robot <br \/> Kaubam\u00e4rk Mamibot <br \/> Mudel PreVac670 XBR <br \/> Pikkus 32 cm <br \/> Laius 32 cm <br \/> K\u00f5rgus 8.8 cm <br \/> Kaal 3 kg <br \/> V\u00e4rv Must <br \/> Aku t\u00fc\u00fcp Li-Ion <br \/> Aku maht 2600 mAh <br \/> Laadimisaeg 180 min <br \/> T\u00f6\u00f6aeg t\u00e4islaetud akuga 120 min <br \/> Tolmukoguja maht 0.6 l <br \/> Maksimaalne l\u00e4vek\u00f5rgus 2 cm <br \/> Takistuse avastamine Sensor <br \/> Trepiandur Jah <br \/> Helitugevus 60 dB <br \/> Juhtimine Mehaaniline, Nutitelefoniga <br \/> M\u00e4rgpuhastuss\u00fcsteem Jah <br \/> Navigatsioon koos siseruumide kaardiga Jah <br \/> Automaatne tagasip\u00f6\u00f6rdumine Jah <\/p>\n","protected":false},"excerpt":{"rendered":"<p>M\u00fc\u00fca\u00a0Robottolmuimeja Mamibot PreVac670\u00a0+ ostik + pult + veepaak + laadija\u00a0, heas ja t\u00f6\u00f6korras! Tolmuimeja t\u00fc\u00fcp Robot Kaubam\u00e4rk Mamibot Mudel PreVac670 XBR Pikkus 32 cm Laius 32 cm K\u00f5rgus 8.8 cm Kaal 3 kg V\u00e4rv Must Aku t\u00fc\u00fcp Li-Ion Aku maht 2600 mAh Laadimisaeg 180 min T\u00f6\u00f6aeg t\u00e4islaetud akuga 120 min Tolmukoguja maht 0.6 l Maksimaalne [&hellip;]<\/p>\n","protected":false},"featured_media":26260,"comment_status":"closed","ping_status":"closed","template":"","meta":{"inline_featured_image":false},"product_brand":[],"product_cat":[166],"product_tag":[],"class_list":{"0":"post-26259","1":"product","2":"type-product","3":"status-publish","4":"has-post-thumbnail","6":"product_cat-bytovaya-tehnika","7":"pa_asukoht-mustamae","8":"pa_seisukord-ispolzovano","10":"first","11":"outofstock","12":"taxable","13":"shipping-taxable","14":"purchasable","15":"product-type-simple"},"_links":{"self":[{"href":"https:\/\/a-pant.ee\/ru\/wp-json\/wp\/v2\/product\/26259","targetHints":{"allow":["GET"]}}],"collection":[{"href":"https:\/\/a-pant.ee\/ru\/wp-json\/wp\/v2\/product"}],"about":[{"href":"https:\/\/a-pant.ee\/ru\/wp-json\/wp\/v2\/types\/product"}],"replies":[{"embeddable":true,"href":"https:\/\/a-pant.ee\/ru\/wp-json\/wp\/v2\/comments?post=26259"}],"wp:featuredmedia":[{"embeddable":true,"href":"https:\/\/a-pant.ee\/ru\/wp-json\/wp\/v2\/media\/26260"}],"wp:attachment":[{"href":"https:\/\/a-pant.ee\/ru\/wp-json\/wp\/v2\/media?parent=26259"}],"wp:term":[{"taxonomy":"product_brand","embeddable":true,"href":"https:\/\/a-pant.ee\/ru\/wp-json\/wp\/v2\/product_brand?post=26259"},{"taxonomy":"product_cat","embeddable":true,"href":"https:\/\/a-pant.ee\/ru\/wp-json\/wp\/v2\/product_cat?post=26259"},{"taxonomy":"product_tag","embeddable":true,"href":"https:\/\/a-pant.ee\/ru\/wp-json\/wp\/v2\/product_tag?post=26259"}],"curies":[{"name":"wp","href":"https:\/\/api.w.org\/{rel}","templated":true}]}}